{"id":931,"date":"2020-02-18T17:14:33","date_gmt":"2020-02-18T20:14:33","guid":{"rendered":"https:\/\/www.paubrasilmotos.com.br\/valedosaofrancisco\/?page_id=931"},"modified":"2020-02-18T17:52:50","modified_gmt":"2020-02-18T20:52:50","slug":"responsabilidade-social","status":"publish","type":"page","link":"https:\/\/www.paubrasilmotos.com.br\/valedosaofrancisco\/responsabilidade-social\/","title":{"rendered":"Responsabilidade Social"},"content":{"rendered":"<div class=\"wpb-content-wrapper\"><p>[vc_row css_animation=&#8221;&#8221; row_type=&#8221;row&#8221; use_row_as_full_screen_section=&#8221;no&#8221; type=&#8221;grid&#8221; angled_section=&#8221;no&#8221; text_align=&#8221;center&#8221; background_image_as_pattern=&#8221;without_pattern&#8221; css=&#8221;.vc_custom_1582059166795{padding-top: 100px !important;}&#8221; z_index=&#8221;&#8221;][vc_column offset=&#8221;vc_col-lg-6 vc_col-md-6&#8243;][vc_empty_space height=&#8221;5px&#8221;][vc_column_text]<\/p>\n<div id=\"container-informacoes-paginas\">\n<div id=\"container-fixo2\">\n<div id=\"caixa-texto\">\n<p style=\"text-align: justify;\">Com a miss\u00e3o de contribuir para a transforma\u00e7\u00e3o da vida dos clientes e colaboradores, a Pau Brasil Motos busca compartilhar experi\u00eancias interessantes, seja no campo motivacional, esportivo, at\u00e9 \u00e0s pr\u00e1ticas sustent\u00e1veis, de preven\u00e7\u00e3o e de fortalecimento das rela\u00e7\u00f5es com as comunidades onde est\u00e1 inserida.<\/p>\n<p>&nbsp;<\/p>\n<p style=\"text-align: justify;\">A Pau Brasil Motos tem programas bastante interessantes, que envolvem colabores e comunidades na pr\u00e1tica de esportes, campanhas educativas, palestras sobre pilotagem respons\u00e1vel, preven\u00e7\u00e3o contra acidentes, drogas, de sa\u00fade p\u00fablica, doa\u00e7\u00e3o de sangue, reciclagem do lixo, dentre outras campanhas sociais, ambientais e sustent\u00e1veis, internas e comunit\u00e1rias, visando a busca por uma melhor qualidade de vida para todos.<\/p>\n<p>&nbsp;<\/p>\n<p style=\"text-align: justify;\">A Pau Brasil, ao tempo que compartilha lucros com seus colaboradores e fortalece as economias locais, n\u00e3o abre m\u00e3o do envolvimento social, de todos, agregando \u00e0 marca os mais virtuosos conceitos de cidadania e responsabilidade social.<\/p>\n<\/div>\n<\/div>\n<\/div>\n<p>[\/vc_column_text][vc_empty_space height=&#8221;31px&#8221;]<span data-type=\"square\" data-hover-bg-color=\"#d80800\" data-hover-icon-color=\"#ffffff\" class=\"qode_icon_shortcode fa-stack q_font_awsome_icon_square fa-lg pull-left \" style=\"background-color: #e90900;border: 0;margin: 0 5px 0 0;font-size: 17px;font-size: 23px;border-radius: 2px; \"><a   itemprop=\"url\" href=\"https:\/\/www.facebook.com\/paubrasilmotosvsf\" target=\"_blank\"><span aria-hidden=\"true\" class=\"qode_icon_font_elegant social_facebook qode_icon_element\" style=\"font-size: 17px;color: #ffffff;\" ><\/span><\/a><\/span><span data-type=\"square\" data-hover-bg-color=\"#d80800\" data-hover-icon-color=\"#ffffff\" class=\"qode_icon_shortcode fa-stack q_font_awsome_icon_square fa-lg pull-left \" style=\"background-color: #e90900;border: 0;margin: 0 5px 0 0;font-size: 17px;font-size: 23px;border-radius: 2px; \"><a   itemprop=\"url\" href=\"https:\/\/www.instagram.com\/paubrasilmotosvsf\" target=\"_blank\"><span aria-hidden=\"true\" class=\"qode_icon_font_elegant social_instagram qode_icon_element\" style=\"font-size: 17px;color: #ffffff;\" ><\/span><\/a><\/span>[vc_empty_space height=&#8221;50px&#8221;][\/vc_column][vc_column offset=&#8221;vc_col-lg-6 vc_col-md-6&#8243;][vc_empty_space height=&#8221;55px&#8221;][vc_single_image image=&#8221;943&#8243; img_size=&#8221;600&#215;482&#8243; alignment=&#8221;center&#8221; qode_css_animation=&#8221;&#8221; qode_hover_animation=&#8221;zoom_in&#8221;][\/vc_column][\/vc_row][vc_row css_animation=&#8221;&#8221; row_type=&#8221;row&#8221; use_row_as_full_screen_section=&#8221;no&#8221; type=&#8221;grid&#8221; angled_section=&#8221;no&#8221; text_align=&#8221;center&#8221; background_image_as_pattern=&#8221;without_pattern&#8221; background_image=&#8221;378&#8243; z_index=&#8221;&#8221;][vc_column css=&#8221;.vc_custom_1478185213207{padding-top: 90px !important;padding-bottom: 45px !important;}&#8221;]<div class=\"qode-advanced-image-gallery  qode-aig-grid-type qode-normal-space   \">\n\t<div class=\"qode-aig-inner qode-outer-space qode-aig-grid qode-aig-three-columns\">\n\t\t\t\t\t<div class=\"qode-aig-image qode-item-space\">\n\t\t\t\t<div class=\"qode-aig-image-inner\">\n\t\t\t\t\t\t\t\t\t\t\t<img fetchpriority=\"high\" decoding=\"async\" src=\"https:\/\/www.paubrasilmotos.com.br\/valedosaofrancisco\/wp-content\/uploads\/2020\/02\/responsabilidade-3-CSTT-600x482.jpg\" alt=\"\" width=\"600\" height=\"482\" \/>\t\t\t\t\t\t<span class=\"aig-gallery-hover\">\n\t\t\t\t\t\t\t\t\t\t\t\t\t<\/span>\n\t\t\t\t\t\t\t\t\t<\/div>\n\t\t\t<\/div>\n\t\t\t\t\t\t\t\t<div class=\"qode-aig-image qode-item-space\">\n\t\t\t\t<div class=\"qode-aig-image-inner\">\n\t\t\t\t\t\t\t\t\t\t\t<img decoding=\"async\" src=\"https:\/\/www.paubrasilmotos.com.br\/valedosaofrancisco\/wp-content\/uploads\/2020\/02\/responsabilidade-6-Escolas-600x482.jpg\" alt=\"\" width=\"600\" height=\"482\" \/>\t\t\t\t\t\t<span class=\"aig-gallery-hover\">\n\t\t\t\t\t\t\t\t\t\t\t\t\t<\/span>\n\t\t\t\t\t\t\t\t\t<\/div>\n\t\t\t<\/div>\n\t\t\t\t\t\t\t\t<div class=\"qode-aig-image qode-item-space\">\n\t\t\t\t<div class=\"qode-aig-image-inner\">\n\t\t\t\t\t\t\t\t\t\t\t<img decoding=\"async\" src=\"https:\/\/www.paubrasilmotos.com.br\/valedosaofrancisco\/wp-content\/uploads\/2020\/02\/responsabilidade-5-DoacaoSangue-600x482.jpg\" alt=\"\" width=\"600\" height=\"482\" \/>\t\t\t\t\t\t<span class=\"aig-gallery-hover\">\n\t\t\t\t\t\t\t\t\t\t\t\t\t<\/span>\n\t\t\t\t\t\t\t\t\t<\/div>\n\t\t\t<\/div>\n\t\t\t\t\t\t\t\t<div class=\"qode-aig-image qode-item-space\">\n\t\t\t\t<div class=\"qode-aig-image-inner\">\n\t\t\t\t\t\t\t\t\t\t\t<img loading=\"lazy\" decoding=\"async\" src=\"https:\/\/www.paubrasilmotos.com.br\/valedosaofrancisco\/wp-content\/uploads\/2020\/02\/responsabilidade-2-ColetaSeletiva-600x482.jpg\" alt=\"\" width=\"600\" height=\"482\" \/>\t\t\t\t\t\t<span class=\"aig-gallery-hover\">\n\t\t\t\t\t\t\t\t\t\t\t\t\t<\/span>\n\t\t\t\t\t\t\t\t\t<\/div>\n\t\t\t<\/div>\n\t\t\t\t\t\t\t\t<div class=\"qode-aig-image qode-item-space\">\n\t\t\t\t<div class=\"qode-aig-image-inner\">\n\t\t\t\t\t\t\t\t\t\t\t<img loading=\"lazy\" decoding=\"async\" src=\"https:\/\/www.paubrasilmotos.com.br\/valedosaofrancisco\/wp-content\/uploads\/2020\/02\/responsabilidade-1-600x482.jpg\" alt=\"\" width=\"600\" height=\"482\" \/>\t\t\t\t\t\t<span class=\"aig-gallery-hover\">\n\t\t\t\t\t\t\t\t\t\t\t\t\t<\/span>\n\t\t\t\t\t\t\t\t\t<\/div>\n\t\t\t<\/div>\n\t\t\t\t\t\t\t\t<div class=\"qode-aig-image qode-item-space\">\n\t\t\t\t<div class=\"qode-aig-image-inner\">\n\t\t\t\t\t\t\t\t\t\t\t<img loading=\"lazy\" decoding=\"async\" src=\"https:\/\/www.paubrasilmotos.com.br\/valedosaofrancisco\/wp-content\/uploads\/2020\/02\/responsabilidade-3-CursoPilotagemDefensiva-600x482.jpg\" alt=\"\" width=\"600\" height=\"482\" \/>\t\t\t\t\t\t<span class=\"aig-gallery-hover\">\n\t\t\t\t\t\t\t\t\t\t\t\t\t<\/span>\n\t\t\t\t\t\t\t\t\t<\/div>\n\t\t\t<\/div>\n\t\t\t\t\t\t<\/div>\n<\/div>[\/vc_column][\/vc_row]<\/p>\n<\/div>","protected":false},"excerpt":{"rendered":"<p>[vc_row css_animation=&#8221;&#8221; row_type=&#8221;row&#8221; use_row_as_full_screen_section=&#8221;no&#8221; type=&#8221;grid&#8221; angled_section=&#8221;no&#8221; text_align=&#8221;center&#8221; background_image_as_pattern=&#8221;without_pattern&#8221; css=&#8221;.vc_custom_1582059166795{padding-top: 100px !important;}&#8221; z_index=&#8221;&#8221;][vc_column offset=&#8221;vc_col-lg-6 vc_col-md-6&#8243;][vc_empty_space height=&#8221;5px&#8221;][vc_column_text] Com a miss\u00e3o de contribuir para a transforma\u00e7\u00e3o da vida dos clientes e colaboradores, a Pau Brasil Motos busca compartilhar experi\u00eancias interessantes, seja no campo motivacional, esportivo, at\u00e9 \u00e0s pr\u00e1ticas&#8230;<\/p>\n","protected":false},"author":1,"featured_media":0,"parent":0,"menu_order":0,"comment_status":"closed","ping_status":"closed","template":"full_width.php","meta":{"footnotes":""},"class_list":["post-931","page","type-page","status-publish","hentry"],"jetpack_sharing_enabled":true,"_links":{"self":[{"href":"https:\/\/www.paubrasilmotos.com.br\/valedosaofrancisco\/wp-json\/wp\/v2\/pages\/931","targetHints":{"allow":["GET"]}}],"collection":[{"href":"https:\/\/www.paubrasilmotos.com.br\/valedosaofrancisco\/wp-json\/wp\/v2\/pages"}],"about":[{"href":"https:\/\/www.paubrasilmotos.com.br\/valedosaofrancisco\/wp-json\/wp\/v2\/types\/page"}],"author":[{"embeddable":true,"href":"https:\/\/www.paubrasilmotos.com.br\/valedosaofrancisco\/wp-json\/wp\/v2\/users\/1"}],"replies":[{"embeddable":true,"href":"https:\/\/www.paubrasilmotos.com.br\/valedosaofrancisco\/wp-json\/wp\/v2\/comments?post=931"}],"version-history":[{"count":0,"href":"https:\/\/www.paubrasilmotos.com.br\/valedosaofrancisco\/wp-json\/wp\/v2\/pages\/931\/revisions"}],"wp:attachment":[{"href":"https:\/\/www.paubrasilmotos.com.br\/valedosaofrancisco\/wp-json\/wp\/v2\/media?parent=931"}],"curies":[{"name":"wp","href":"https:\/\/api.w.org\/{rel}","templated":true}]}}