{"id":844,"date":"2019-07-25T15:49:34","date_gmt":"2019-07-25T18:49:34","guid":{"rendered":"http:\/\/www.nativacomunicacao.com.br\/especiais\/paubrasilmotosV2\/?page_id=844"},"modified":"2025-02-04T17:00:04","modified_gmt":"2025-02-04T20:00:04","slug":"x-adv","status":"publish","type":"page","link":"https:\/\/www.paubrasilmotos.com.br\/valedosaofrancisco\/x-adv\/","title":{"rendered":"X-ADV"},"content":{"rendered":"<div class=\"wpb-content-wrapper\"><p>[vc_row css_animation=&#8221;&#8221; row_type=&#8221;row&#8221; use_row_as_full_screen_section=&#8221;no&#8221; type=&#8221;grid&#8221; angled_section=&#8221;no&#8221; text_align=&#8221;left&#8221; background_image_as_pattern=&#8221;without_pattern&#8221; css=&#8221;.vc_custom_1562769455597{background-color: #ffffff !important;}&#8221; z_index=&#8221;&#8221;][vc_column width=&#8221;1\/2&#8243;][vc_single_image image=&#8221;1931&#8243; img_size=&#8221;600&#215;380&#8243; css=&#8221;&#8221; qode_css_animation=&#8221;&#8221;][vc_zigzag css=&#8221;.vc_custom_1562769673606{padding-top: 20px !important;padding-bottom: 20px !important;}&#8221;][vc_empty_space][qode_elements_holder number_of_columns=&#8221;one_column&#8221;][qode_elements_holder_item vertical_alignment=&#8221;middle&#8221; horizontal_alignment=&#8221;center&#8221; advanced_animations=&#8221;no&#8221;]\n\t<div class=\"qode-3d-button-holder\">\n\n\t<a href=\"https:\/\/www.paubrasilmotos.com.br\/valedosaofrancisco\/tenho-interesse\/\" target=\"_blank\" style=\"color: #ffffff;background-color: #c20e1a;font-size: 20px;font-weight: 700\" class=\"qode-btn qode-btn-medium qode-btn-solid qode-btn-custom-hover-bg qode-btn-custom-hover-color qode-btn-3d-hover\" data-hover-bg-color=\"#ac0f19\" data-hover-color=\"#ffffff\" >\n\t    <span class=\"qode-btn-text\">Tenho Interesse<\/span>\t<\/a>\n\n\t\t<a href=\"https:\/\/www.paubrasilmotos.com.br\/valedosaofrancisco\/tenho-interesse\/\" target=\"_blank\" style=\"color: #ffffff;background-color: #c20e1a;font-size: 20px;font-weight: 700\" class=\"qode-btn qode-btn-medium qode-btn-solid qode-btn-custom-hover-bg qode-btn-custom-hover-color qode-btn-3d-hover\" data-hover-bg-color=\"#ac0f19\" data-hover-color=\"#ffffff\" >\n\t\t    <span class=\"qode-btn-text\">Tenho Interesse<\/span>\t\t<\/a>\n\t<\/div>\n\n\t<div class=\"qode-3d-button-holder\">\n\n\t<a href=\"https:\/\/api.whatsapp.com\/send?phone=551938647080&#038;text=Ol%C3%A1!%20Tenho%20interesse%20neste%20produto.%20%23chave%3A%20a324M000009g7G6QAI\" target=\"_blank\" style=\"color: #ffffff;background-color: #c20e1a;font-size: 20px;font-weight: 700\" class=\"qode-btn qode-btn-medium qode-btn-solid qode-btn-custom-hover-bg qode-btn-custom-hover-color qode-btn-icon qode-btn-3d-hover\" data-hover-bg-color=\"#ac0f19\" data-hover-color=\"#ffffff\" >\n\t    <span class=\"qode-btn-text\">Whatsapp<\/span><span class=\"qode-button-v2-icon-holder\"  ><i class=\"qode_icon_font_awesome fa fa-whatsapp qode-button-v2-icon-holder-inner\" ><\/i><\/span>\t<\/a>\n\n\t\t<a href=\"https:\/\/api.whatsapp.com\/send?phone=551938647080&#038;text=Ol%C3%A1!%20Tenho%20interesse%20neste%20produto.%20%23chave%3A%20a324M000009g7G6QAI\" target=\"_blank\" style=\"color: #ffffff;background-color: #c20e1a;font-size: 20px;font-weight: 700\" class=\"qode-btn qode-btn-medium qode-btn-solid qode-btn-custom-hover-bg qode-btn-custom-hover-color qode-btn-icon qode-btn-3d-hover\" data-hover-bg-color=\"#ac0f19\" data-hover-color=\"#ffffff\" >\n\t\t    <span class=\"qode-btn-text\">Whatsapp<\/span><span class=\"qode-button-v2-icon-holder\"  ><i class=\"qode_icon_font_awesome fa fa-whatsapp qode-button-v2-icon-holder-inner\" ><\/i><\/span>\t\t<\/a>\n\t<\/div>\n[\/qode_elements_holder_item][\/qode_elements_holder][\/vc_column][vc_column width=&#8221;1\/2&#8243;]<div class=\"qode-advanced-tabs qode-advanced-tabs qode-advanced-horizontal-tab clearfix qode-advanced-tab-without-icon qode-advanced-tabs-column-2 clearfix\">\n\t<ul class=\"qode-advanced-tabs-nav\">\n\t\t\t\t\t<li>\n\t\t\t\t<h3>\n\t\t\t\t\t<a href=\"#tab-caracteristicas\">\n\t\t\t\t\t\t\n\t\t\t\t\t\t\t\t\t\t\t\t\t<span class=\"qode-advanced-tab-text-after-icon\">\n\t\t\t\t\t\t\t\tCaracteristicas\t\t\t\t\t\t\t<\/span>\n\t\t\t\t\t\t\t\t\t\t\t<\/a>\n\t\t\t\t<\/h3>\n\t\t\t<\/li>\n\t\t\t\t\t<li>\n\t\t\t\t<h3>\n\t\t\t\t\t<a href=\"#tab-especificacoes\">\n\t\t\t\t\t\t\n\t\t\t\t\t\t\t\t\t\t\t\t\t<span class=\"qode-advanced-tab-text-after-icon\">\n\t\t\t\t\t\t\t\tEspecifica\u00e7\u00f5es\t\t\t\t\t\t\t<\/span>\n\t\t\t\t\t\t\t\t\t\t\t<\/a>\n\t\t\t\t<\/h3>\n\t\t\t<\/li>\n\t\t\t<\/ul>\n\t<div class=\"qode-advanced-tab-container\" id=\"tab-caracteristicas-296\" data-icon-pack=\"\" data-icon-html=\"\">[vc_column_text]<\/p>\n<h3>Design<\/h3>\n<p>[\/vc_column_text][vc_empty_space height=&#8221;15px&#8221;][vc_column_text css=&#8221;&#8221;]<\/p>\n<h4 class=\"ttl_feature\">Conforto<\/h4>\n<p>A\u00a0<b>X-ADV<\/b>\u00a0\u00e9 realmente um \u201cSUV de duas rodas\u201d. Sua\u00a0<b>posi\u00e7\u00e3o de pilotagem<\/b>\u00a0permite uma postura relaxada, gra\u00e7as ao amplo guid\u00e3o mais reto de alum\u00ednio c\u00f4nico e \u00e0s plataformas que se estendem por toda a lateral da moto, oferecendo duas posi\u00e7\u00f5es para apoiar os p\u00e9s, um\u00a0<b>melhor manuseio no off-road<\/b>\u00a0e excelente visibilidade nos trajetos urbanos.<\/p>\n<h4 class=\"ttl_feature\">Espa\u00e7o de Armazenamento<\/h4>\n<p>A\u00a0<b>nova X-ADV<\/b>\u00a0traz ainda mais espa\u00e7o para guardar o que voc\u00ea precisar. Compartimentos amplos e acess\u00edveis, incluindo\u00a0<b>22 litros abaixo do assento<\/b>\u00a0e porta-luvas frontal.<\/p>\n<h4 class=\"ttl_feature\">Para-brisa Ajust\u00e1vel<\/h4>\n<p>Cinco n\u00edveis de ajuste proporcionam\u00a0<b>prote\u00e7\u00e3o contra o vento<\/b>\u00a0em diferentes condi\u00e7\u00f5es de pilotagem.[\/vc_column_text][vc_empty_space height=&#8221;30px&#8221;][vc_column_text]<\/p>\n<h3>Tecnologia<\/h3>\n<p>[\/vc_column_text][vc_empty_space height=&#8221;15px&#8221;][vc_column_text css=&#8221;&#8221;]<\/p>\n<h4 class=\"ttl_feature\">Smart Key<\/h4>\n<p>A chave inteligente\u00a0<b>Smart Key<\/b>\u00a0permite a partida da motocicleta sem a necessidade de inserir a chave no contato.<\/p>\n<h4 class=\"ttl_feature\">Transmiss\u00e3o DCT<\/h4>\n<p>A\u00a0<b>X-ADV<\/b>\u00a0\u00e9 equipada com uma transmiss\u00e3o de\u00a0<b>dupla embreagem<\/b>\u00a0e seis velocidades. Esse sistema permite trocas de marcha quase impercept\u00edveis e conforto em qualquer situa\u00e7\u00e3o.<\/p>\n<h4 class=\"ttl_feature\">Honda Smartphone Voice Control System (HSVCS)<\/h4>\n<p>Para o piloto n\u00e3o perder a conex\u00e3o mesmo pilotando, a Honda inovou ao trazer na X-ADV o\u00a0<b>HSVCS\u00a0<\/b>, que permite navega\u00e7\u00e3o, chamadas e m\u00fasica atrav\u00e9s de\u00a0<b>comandos de voz<\/b>.<\/p>\n<h4 class=\"ttl_feature\">USB Tipo C<\/h4>\n<p>Para carregamento de celular ou outros aparelhos eletr\u00f4nicos.<\/p>\n<h4 class=\"ttl_feature\">Painel TFT<\/h4>\n<p>O painel de instrumentos \u00e9 compacto e de f\u00e1cil leitura, fornecendo todas as informa\u00e7\u00f5es necess\u00e1rias sem desviar a aten\u00e7\u00e3o do piloto.<\/p>\n<h4 class=\"ttl_feature\">Controle de Tra\u00e7\u00e3o<\/h4>\n<p>A\u00a0<b>Honda X-ADV<\/b>\u00a0possui o\u00a0<b>Controle de Tra\u00e7\u00e3o (HSTC)<\/b>, que eletronicamente limita o deslizamento da roda traseira para garantir a tra\u00e7\u00e3o ideal durante a pilotagem. Essa tecnologia monitora constantemente a velocidade da roda e interv\u00e9m para controlar o torque em tempo real, proporcionando maior\u00a0<b>seguran\u00e7a e estabilidade<\/b>.<\/p>\n<h4 class=\"ttl_feature\">Modos de Pilotagem Personalizados<\/h4>\n<p>Seguran\u00e7a e versatilidade em cada viagem! A Honda X-ADV oferece cinco modos de pilotagem para atender a todas as suas necessidades. No modo Standard, voc\u00ea tem o equil\u00edbrio perfeito para o uso di\u00e1rio. J\u00e1 o modo Sport proporciona uma resposta esportiva do motor, ideal para uma condu\u00e7\u00e3o din\u00e2mica. Aventurar-se em estradas de terra? O modo Gravel est\u00e1 pronto para isso. E, quando a chuva aparece, o modo Rain otimiza a ader\u00eancia e a seguran\u00e7a. Al\u00e9m disso, voc\u00ea pode personalizar suas prefer\u00eancias no modo User.[\/vc_column_text][vc_empty_space height=&#8221;30px&#8221;][vc_column_text]<\/p>\n<h3>Seguran\u00e7a<\/h3>\n<p>[\/vc_column_text][vc_empty_space height=&#8221;15px&#8221;][vc_column_text css=&#8221;&#8221;]<\/p>\n<h4 class=\"ttl_feature\">Freios ABS Combinados<\/h4>\n<p>Disco dianteiro de 296 mm e traseiro de 240 mm garantem\u00a0<b>frenagens seguras<\/b>\u00a0e eficazes.<\/p>\n<h4 class=\"ttl_feature\">Electric Steering Lock System (ESLS)<\/h4>\n<p><b>Trava eletr\u00f4nica do guid\u00e3o<\/b>\u00a0para maior seguran\u00e7a ao estacionar e desligar a moto.<\/p>\n<h4 class=\"ttl_feature\">Emergency Stop Signal (ESS)<\/h4>\n<p>A Honda traz o\u00a0<b>Emergency Stop Signal (ESS)<\/b>, um recurso inteligente que previne colis\u00f5es traseiras. Quando voc\u00ea faz uma frenagem brusca, o ESS aciona as luzes de dire\u00e7\u00e3o traseiras como um pisca-alerta, alertando os ve\u00edculos que v\u00eam atr\u00e1s. \u00c9 mais seguran\u00e7a para voc\u00ea e tranquilidade para sua jornada.<\/p>\n<h4 class=\"ttl_feature\">Ilumina\u00e7\u00e3o Full LED<\/h4>\n<p>A X-ADV agora conta com um sistema de ilumina\u00e7\u00e3o\u00a0<b>Full LED<\/b>, abrangendo far\u00f3is, lanternas e setas. Essa inova\u00e7\u00e3o n\u00e3o s\u00f3 proporciona visibilidade excepcional, mas tamb\u00e9m traz modernidade e estilo ao design, elevando sua experi\u00eancia de pilotagem a um novo patamar.[\/vc_column_text]<\/div><div class=\"qode-advanced-tab-container\" id=\"tab-especificacoes-486\" data-icon-pack=\"\" data-icon-html=\"\">[vc_column_text]<\/p>\n<p>&nbsp;<\/p>\n<table class=\"espec\">\n<tbody>\n<tr>\n<td class=\"subTitle\" style=\"text-align: center;\" colspan=\"2\"><strong>Capacidades<\/strong><\/td>\n<\/tr>\n<tr>\n<td width=\"250\">\u00d3leo do motor<\/td>\n<td colspan=\"2\">4,1 litros<\/td>\n<\/tr>\n<tr>\n<td width=\"250\">Tanque de combust\u00edvel\/Reserva<\/td>\n<td colspan=\"2\">13,1 litros<\/td>\n<\/tr>\n<tr>\n<td class=\"subTitle\" style=\"text-align: center;\" colspan=\"2\"><strong>Chassi<\/strong><\/td>\n<\/tr>\n<tr>\n<td width=\"250\">Freio dianteiro\/Di\u00e2metro<\/td>\n<td colspan=\"2\">A disco \/ 296 mm<\/td>\n<\/tr>\n<tr>\n<td width=\"250\">Freio traseiro\/Di\u00e2metro<\/td>\n<td colspan=\"2\">A disco \/ 240 mm<\/td>\n<\/tr>\n<tr>\n<td width=\"250\">Pneu dianteiro<\/td>\n<td colspan=\"2\">120\/70 &#8211; 17<\/td>\n<\/tr>\n<tr>\n<td width=\"250\">Pneu traseiro<\/td>\n<td colspan=\"2\">160\/60 &#8211; 15<\/td>\n<\/tr>\n<tr>\n<td width=\"250\">Suspens\u00e3o dianteira \/ curso<\/td>\n<td colspan=\"2\">Garfo telesc\u00f3pico \/ 153 mm<\/td>\n<\/tr>\n<tr>\n<td width=\"250\">Suspens\u00e3o traseira \/ curso<\/td>\n<td colspan=\"2\">Pro-Link \/ 150 mm<\/td>\n<\/tr>\n<tr>\n<td width=\"250\">Tipo<\/td>\n<td colspan=\"2\">Diamond Frame<\/td>\n<\/tr>\n<tr>\n<td class=\"subTitle\" style=\"text-align: center;\" colspan=\"2\"><strong>Dimens\u00f5es<\/strong><\/td>\n<\/tr>\n<tr>\n<td width=\"250\">Altura do assento<\/td>\n<td colspan=\"2\">820 mm<\/td>\n<\/tr>\n<tr>\n<td width=\"250\">Comprimento x largura x altura<\/td>\n<td colspan=\"2\">2.245 x 910 x 1.375 mm<\/td>\n<\/tr>\n<tr>\n<td width=\"250\">Dist\u00e2ncia entre eixos<\/td>\n<td colspan=\"2\">1.590 mm<\/td>\n<\/tr>\n<tr>\n<td width=\"250\">Dist\u00e2ncia m\u00ednima do solo<\/td>\n<td colspan=\"2\">165 mm<\/td>\n<\/tr>\n<tr>\n<td width=\"250\">Peso seco<\/td>\n<td colspan=\"2\">223 kg<\/td>\n<\/tr>\n<tr>\n<td class=\"subTitle\" style=\"text-align: center;\" colspan=\"2\"><strong>Motor<\/strong><\/td>\n<\/tr>\n<tr>\n<td width=\"250\">Cilindrada<\/td>\n<td colspan=\"2\">745 cc<\/td>\n<\/tr>\n<tr>\n<td width=\"250\">Combust\u00edvel<\/td>\n<td colspan=\"2\">Gasolina<\/td>\n<\/tr>\n<tr>\n<td width=\"250\">Di\u00e2metro x curso (mil\u00edmetros)<\/td>\n<td colspan=\"2\">77,0 x 80,0 mm<\/td>\n<\/tr>\n<tr>\n<td width=\"250\">Pot\u00eancia M\u00e1xima<\/td>\n<td colspan=\"2\">54,8 cv a 6.250 rpm<\/td>\n<\/tr>\n<tr>\n<td width=\"250\">Rela\u00e7\u00e3o de Compress\u00e3o<\/td>\n<td colspan=\"2\">10,7:1<\/td>\n<\/tr>\n<tr>\n<td width=\"250\">Sistema de alimenta\u00e7\u00e3o<\/td>\n<td colspan=\"2\">Inje\u00e7\u00e3o Eletr\u00f4nica PGM-FI<\/td>\n<\/tr>\n<tr>\n<td width=\"250\">Sistema de partida<\/td>\n<td colspan=\"2\">El\u00e9trico<\/td>\n<\/tr>\n<tr>\n<td width=\"250\">Tipo<\/td>\n<td colspan=\"2\">OHC, dois cilindros, 4 tempos, arrefecimento l\u00edquido<\/td>\n<\/tr>\n<tr>\n<td width=\"250\">Torque M\u00e1ximo<\/td>\n<td colspan=\"2\">6,93 kgf.m a 4.750 rpm<\/td>\n<\/tr>\n<tr>\n<td width=\"250\">Transmiss\u00e3o<\/td>\n<td colspan=\"2\">6 velocidades<\/td>\n<\/tr>\n<tr>\n<td class=\"subTitle\" style=\"text-align: center;\" colspan=\"2\"><strong>Sistema El\u00e9trico<\/strong><\/td>\n<\/tr>\n<tr>\n<td width=\"250\">Bateria<\/td>\n<td colspan=\"2\">12 V &#8211; 11,2 Ah<\/td>\n<\/tr>\n<tr>\n<td width=\"250\">Farol<\/td>\n<td colspan=\"2\">LED<\/td>\n<\/tr>\n<tr>\n<td width=\"250\">Igni\u00e7\u00e3o<\/td>\n<td colspan=\"2\">Eletr\u00f4nica<\/td>\n<\/tr>\n<\/tbody>\n<\/table>\n<p>[\/vc_column_text]<\/div><\/div>[\/vc_column][\/vc_row][vc_row css_animation=&#8221;&#8221; row_type=&#8221;row&#8221; use_row_as_full_screen_section=&#8221;no&#8221; type=&#8221;full_width&#8221; angled_section=&#8221;no&#8221; text_align=&#8221;left&#8221; background_image_as_pattern=&#8221;without_pattern&#8221; z_index=&#8221;&#8221; css=&#8221;.vc_custom_1562770796079{background-color: #f4f4f4 !important;}&#8221;][vc_column][vc_empty_space][vc_text_separator title=&#8221;Galeria de Fotos&#8221; border=&#8221;no&#8221; title_color=&#8221;#0a0a0a&#8221; background_color=&#8221;#f4f4f4&#8243;][vc_empty_space height=&#8221;12px&#8221;]<div class=\"qode-advanced-image-gallery  qode-aig-grid-type qode-no-space  qode-image-behavior-lightbox \">\n\t<div class=\"qode-aig-inner qode-outer-space qode-aig-grid qode-aig-three-columns\">\n\t\t\t\t\t<div class=\"qode-aig-image qode-item-space\">\n\t\t\t\t<div class=\"qode-aig-image-inner\">\n\t\t\t\t\t\t\t\t\t\t\t<a itemprop=\"image\" class=\"qode-aig-lightbox\" href=\"https:\/\/www.paubrasilmotos.com.br\/valedosaofrancisco\/wp-content\/uploads\/2025\/02\/XADV-1.jpg\" data-rel=\"prettyPhoto[image_gallery_pretty_photo-908]\" title=\"XADV-1\">\n\t\t\t\t\t\t\t\t\t\t\t<img fetchpriority=\"high\" decoding=\"async\" width=\"1024\" height=\"683\" src=\"https:\/\/www.paubrasilmotos.com.br\/valedosaofrancisco\/wp-content\/uploads\/2025\/02\/XADV-1-1024x683.jpg\" class=\"attachment-large size-large\" alt=\"\" srcset=\"https:\/\/www.paubrasilmotos.com.br\/valedosaofrancisco\/wp-content\/uploads\/2025\/02\/XADV-1-1024x683.jpg 1024w, https:\/\/www.paubrasilmotos.com.br\/valedosaofrancisco\/wp-content\/uploads\/2025\/02\/XADV-1-300x200.jpg 300w, https:\/\/www.paubrasilmotos.com.br\/valedosaofrancisco\/wp-content\/uploads\/2025\/02\/XADV-1-768x512.jpg 768w, https:\/\/www.paubrasilmotos.com.br\/valedosaofrancisco\/wp-content\/uploads\/2025\/02\/XADV-1-700x467.jpg 700w, https:\/\/www.paubrasilmotos.com.br\/valedosaofrancisco\/wp-content\/uploads\/2025\/02\/XADV-1.jpg 1200w\" sizes=\"(max-width: 1024px) 100vw, 1024px\" \/>\t\t\t\t\t\t<span class=\"aig-gallery-hover\">\n\t\t\t\t\t\t\t\t\t\t\t\t\t<\/span>\n\t\t\t\t\t\t\t\t\t\t\t<\/a>\n\t\t\t\t\t\t\t\t\t<\/div>\n\t\t\t<\/div>\n\t\t\t\t\t\t\t\t<div class=\"qode-aig-image qode-item-space\">\n\t\t\t\t<div class=\"qode-aig-image-inner\">\n\t\t\t\t\t\t\t\t\t\t\t<a itemprop=\"image\" class=\"qode-aig-lightbox\" href=\"https:\/\/www.paubrasilmotos.com.br\/valedosaofrancisco\/wp-content\/uploads\/2025\/02\/XADV-2.jpg\" data-rel=\"prettyPhoto[image_gallery_pretty_photo-908]\" title=\"XADV-2\">\n\t\t\t\t\t\t\t\t\t\t\t<img decoding=\"async\" width=\"1024\" height=\"683\" src=\"https:\/\/www.paubrasilmotos.com.br\/valedosaofrancisco\/wp-content\/uploads\/2025\/02\/XADV-2-1024x683.jpg\" class=\"attachment-large size-large\" alt=\"\" srcset=\"https:\/\/www.paubrasilmotos.com.br\/valedosaofrancisco\/wp-content\/uploads\/2025\/02\/XADV-2-1024x683.jpg 1024w, https:\/\/www.paubrasilmotos.com.br\/valedosaofrancisco\/wp-content\/uploads\/2025\/02\/XADV-2-300x200.jpg 300w, https:\/\/www.paubrasilmotos.com.br\/valedosaofrancisco\/wp-content\/uploads\/2025\/02\/XADV-2-768x512.jpg 768w, https:\/\/www.paubrasilmotos.com.br\/valedosaofrancisco\/wp-content\/uploads\/2025\/02\/XADV-2-700x467.jpg 700w, https:\/\/www.paubrasilmotos.com.br\/valedosaofrancisco\/wp-content\/uploads\/2025\/02\/XADV-2.jpg 1200w\" sizes=\"(max-width: 1024px) 100vw, 1024px\" \/>\t\t\t\t\t\t<span class=\"aig-gallery-hover\">\n\t\t\t\t\t\t\t\t\t\t\t\t\t<\/span>\n\t\t\t\t\t\t\t\t\t\t\t<\/a>\n\t\t\t\t\t\t\t\t\t<\/div>\n\t\t\t<\/div>\n\t\t\t\t\t\t\t\t<div class=\"qode-aig-image qode-item-space\">\n\t\t\t\t<div class=\"qode-aig-image-inner\">\n\t\t\t\t\t\t\t\t\t\t\t<a itemprop=\"image\" class=\"qode-aig-lightbox\" href=\"https:\/\/www.paubrasilmotos.com.br\/valedosaofrancisco\/wp-content\/uploads\/2025\/02\/XADV-4.jpg\" data-rel=\"prettyPhoto[image_gallery_pretty_photo-908]\" title=\"XADV-4\">\n\t\t\t\t\t\t\t\t\t\t\t<img decoding=\"async\" width=\"1024\" height=\"683\" src=\"https:\/\/www.paubrasilmotos.com.br\/valedosaofrancisco\/wp-content\/uploads\/2025\/02\/XADV-4-1024x683.jpg\" class=\"attachment-large size-large\" alt=\"\" srcset=\"https:\/\/www.paubrasilmotos.com.br\/valedosaofrancisco\/wp-content\/uploads\/2025\/02\/XADV-4-1024x683.jpg 1024w, https:\/\/www.paubrasilmotos.com.br\/valedosaofrancisco\/wp-content\/uploads\/2025\/02\/XADV-4-300x200.jpg 300w, https:\/\/www.paubrasilmotos.com.br\/valedosaofrancisco\/wp-content\/uploads\/2025\/02\/XADV-4-768x512.jpg 768w, https:\/\/www.paubrasilmotos.com.br\/valedosaofrancisco\/wp-content\/uploads\/2025\/02\/XADV-4-700x467.jpg 700w, https:\/\/www.paubrasilmotos.com.br\/valedosaofrancisco\/wp-content\/uploads\/2025\/02\/XADV-4.jpg 1200w\" sizes=\"(max-width: 1024px) 100vw, 1024px\" \/>\t\t\t\t\t\t<span class=\"aig-gallery-hover\">\n\t\t\t\t\t\t\t\t\t\t\t\t\t<\/span>\n\t\t\t\t\t\t\t\t\t\t\t<\/a>\n\t\t\t\t\t\t\t\t\t<\/div>\n\t\t\t<\/div>\n\t\t\t\t\t\t\t\t<div class=\"qode-aig-image qode-item-space\">\n\t\t\t\t<div class=\"qode-aig-image-inner\">\n\t\t\t\t\t\t\t\t\t\t\t<a itemprop=\"image\" class=\"qode-aig-lightbox\" href=\"https:\/\/www.paubrasilmotos.com.br\/valedosaofrancisco\/wp-content\/uploads\/2025\/02\/XADV-3.jpg\" data-rel=\"prettyPhoto[image_gallery_pretty_photo-908]\" title=\"XADV-3\">\n\t\t\t\t\t\t\t\t\t\t\t<img loading=\"lazy\" decoding=\"async\" width=\"1024\" height=\"683\" src=\"https:\/\/www.paubrasilmotos.com.br\/valedosaofrancisco\/wp-content\/uploads\/2025\/02\/XADV-3-1024x683.jpg\" class=\"attachment-large size-large\" alt=\"\" srcset=\"https:\/\/www.paubrasilmotos.com.br\/valedosaofrancisco\/wp-content\/uploads\/2025\/02\/XADV-3-1024x683.jpg 1024w, https:\/\/www.paubrasilmotos.com.br\/valedosaofrancisco\/wp-content\/uploads\/2025\/02\/XADV-3-300x200.jpg 300w, https:\/\/www.paubrasilmotos.com.br\/valedosaofrancisco\/wp-content\/uploads\/2025\/02\/XADV-3-768x512.jpg 768w, https:\/\/www.paubrasilmotos.com.br\/valedosaofrancisco\/wp-content\/uploads\/2025\/02\/XADV-3-700x467.jpg 700w, https:\/\/www.paubrasilmotos.com.br\/valedosaofrancisco\/wp-content\/uploads\/2025\/02\/XADV-3.jpg 1200w\" sizes=\"(max-width: 1024px) 100vw, 1024px\" \/>\t\t\t\t\t\t<span class=\"aig-gallery-hover\">\n\t\t\t\t\t\t\t\t\t\t\t\t\t<\/span>\n\t\t\t\t\t\t\t\t\t\t\t<\/a>\n\t\t\t\t\t\t\t\t\t<\/div>\n\t\t\t<\/div>\n\t\t\t\t\t\t<\/div>\n<\/div>[\/vc_column][\/vc_row][vc_row css_animation=&#8221;&#8221; row_type=&#8221;row&#8221; use_row_as_full_screen_section=&#8221;no&#8221; type=&#8221;grid&#8221; angled_section=&#8221;no&#8221; text_align=&#8221;left&#8221; background_image_as_pattern=&#8221;without_pattern&#8221; css=&#8221;.vc_custom_1563462258110{padding-top: 100px !important;}&#8221; z_index=&#8221;&#8221;][vc_column width=&#8221;1\/3&#8243; offset=&#8221;vc_col-lg-offset-0 vc_col-lg-4 vc_col-md-offset-0 vc_col-md-4 vc_col-sm-offset-1&#8243;]<div class='q_icon_with_title tiny normal_icon center qode_iwt_hover_enabled '><div class=\"icon_holder \" style=\" \"><span data-icon-type=\"normal\" class=\"qode_iwt_icon_holder q_font_awsome_icon fa-lg  \"><i class=\"qode_icon_font_awesome fa  qode_iwt_icon_element\"><\/i><\/span><\/div><div class=\"icon_text_holder\" style=\"\"><div class=\"icon_text_inner\" style=\"\"><h2 class=\"icon_title\" style=\"font-weight: 400;\">3 anos de garantia<\/h2><div class=\"separator small left\" style=\"height: 2px;width: 20px;margin-bottom: 15px;\"><\/div><p style='color: #0a0a0a'>Garantia Honda de 3 anos + Honda Assistance<\/p><\/div><\/div><\/div>[vc_empty_space height=&#8221;48px&#8221;][\/vc_column][vc_column width=&#8221;1\/3&#8243; offset=&#8221;vc_col-lg-offset-0 vc_col-lg-4 vc_col-md-offset-0 vc_col-md-4 vc_col-sm-offset-1&#8243;]<div class='q_icon_with_title tiny normal_icon center qode_iwt_hover_enabled '><div class=\"icon_holder \" style=\" \"><span data-icon-type=\"normal\" class=\"qode_iwt_icon_holder q_font_awsome_icon fa-lg  \"><i class=\"qode_icon_font_awesome fa  qode_iwt_icon_element\"><\/i><\/span><\/div><div class=\"icon_text_holder\" style=\"\"><div class=\"icon_text_inner\" style=\"\"><h2 class=\"icon_title\" style=\"font-weight: 400;\">F\u00e1cil de pilotar<\/h2><div class=\"separator small left\" style=\"height: 2px;width: 20px;margin-bottom: 15px;\"><\/div><p style='color: #0a0a0a'>Autom\u00e1tica, basta acelerar e frear para curtir todas as suas jornadas com praticidade e conforto.<\/p><\/div><\/div><\/div>[vc_empty_space height=&#8221;48px&#8221;][\/vc_column][vc_column width=&#8221;1\/3&#8243; offset=&#8221;vc_col-lg-offset-0 vc_col-lg-4 vc_col-md-offset-0 vc_col-md-4 vc_col-sm-offset-1&#8243;]<div class='q_icon_with_title tiny normal_icon center qode_iwt_hover_enabled '><div class=\"icon_holder \" style=\" \"><span data-icon-type=\"normal\" class=\"qode_iwt_icon_holder q_font_awsome_icon fa-lg  \"><i class=\"qode_icon_font_awesome fa  qode_iwt_icon_element\"><\/i><\/span><\/div><div class=\"icon_text_holder\" style=\"\"><div class=\"icon_text_inner\" style=\"\"><h2 class=\"icon_title\" style=\"font-weight: 400;\">Tecnol\u00f3gica<\/h2><div class=\"separator small left\" style=\"height: 2px;width: 20px;margin-bottom: 15px;\"><\/div><p style='color: #0a0a0a'>Smart Key, Computador de Bordo, Transmiss\u00e3o DCT e Tomada 12 V<\/p><\/div><\/div><\/div>[vc_empty_space height=&#8221;48px&#8221;][\/vc_column][\/vc_row]<\/p>\n<\/div>","protected":false},"excerpt":{"rendered":"<p>[vc_row css_animation=&#8221;&#8221; row_type=&#8221;row&#8221; use_row_as_full_screen_section=&#8221;no&#8221; type=&#8221;grid&#8221; angled_section=&#8221;no&#8221; text_align=&#8221;left&#8221; background_image_as_pattern=&#8221;without_pattern&#8221; css=&#8221;.vc_custom_1562769455597{background-color: #ffffff !important;}&#8221; z_index=&#8221;&#8221;][vc_column width=&#8221;1\/2&#8243;][vc_single_image image=&#8221;1931&#8243; img_size=&#8221;600&#215;380&#8243; css=&#8221;&#8221; qode_css_animation=&#8221;&#8221;][vc_zigzag css=&#8221;.vc_custom_1562769673606{padding-top: 20px !important;padding-bottom: 20px !important;}&#8221;][vc_empty_space][qode_elements_holder number_of_columns=&#8221;one_column&#8221;][qode_elements_holder_item vertical_alignment=&#8221;middle&#8221; horizontal_alignment=&#8221;center&#8221; advanced_animations=&#8221;no&#8221;][\/qode_elements_holder_item][\/qode_elements_holder][\/vc_column][vc_column width=&#8221;1\/2&#8243;][\/vc_column][\/vc_row][vc_row css_animation=&#8221;&#8221; row_type=&#8221;row&#8221; use_row_as_full_screen_section=&#8221;no&#8221; type=&#8221;full_width&#8221; angled_section=&#8221;no&#8221; text_align=&#8221;left&#8221; background_image_as_pattern=&#8221;without_pattern&#8221; z_index=&#8221;&#8221; css=&#8221;.vc_custom_1562770796079{background-color: #f4f4f4 !important;}&#8221;][vc_column][vc_empty_space][vc_text_separator title=&#8221;Galeria de Fotos&#8221; border=&#8221;no&#8221; title_color=&#8221;#0a0a0a&#8221; background_color=&#8221;#f4f4f4&#8243;][vc_empty_space height=&#8221;12px&#8221;][\/vc_column][\/vc_row][vc_row&#8230;<\/p>\n","protected":false},"author":1,"featured_media":1931,"parent":0,"menu_order":0,"comment_status":"closed","ping_status":"closed","template":"full_width.php","meta":{"footnotes":""},"class_list":["post-844","page","type-page","status-publish","has-post-thumbnail","hentry"],"jetpack_sharing_enabled":true,"_links":{"self":[{"href":"https:\/\/www.paubrasilmotos.com.br\/valedosaofrancisco\/wp-json\/wp\/v2\/pages\/844","targetHints":{"allow":["GET"]}}],"collection":[{"href":"https:\/\/www.paubrasilmotos.com.br\/valedosaofrancisco\/wp-json\/wp\/v2\/pages"}],"about":[{"href":"https:\/\/www.paubrasilmotos.com.br\/valedosaofrancisco\/wp-json\/wp\/v2\/types\/page"}],"author":[{"embeddable":true,"href":"https:\/\/www.paubrasilmotos.com.br\/valedosaofrancisco\/wp-json\/wp\/v2\/users\/1"}],"replies":[{"embeddable":true,"href":"https:\/\/www.paubrasilmotos.com.br\/valedosaofrancisco\/wp-json\/wp\/v2\/comments?post=844"}],"version-history":[{"count":0,"href":"https:\/\/www.paubrasilmotos.com.br\/valedosaofrancisco\/wp-json\/wp\/v2\/pages\/844\/revisions"}],"wp:featuredmedia":[{"embeddable":true,"href":"https:\/\/www.paubrasilmotos.com.br\/valedosaofrancisco\/wp-json\/wp\/v2\/media\/1931"}],"wp:attachment":[{"href":"https:\/\/www.paubrasilmotos.com.br\/valedosaofrancisco\/wp-json\/wp\/v2\/media?parent=844"}],"curies":[{"name":"wp","href":"https:\/\/api.w.org\/{rel}","templated":true}]}}