{"id":678,"date":"2019-07-25T10:30:02","date_gmt":"2019-07-25T13:30:02","guid":{"rendered":"http:\/\/www.nativacomunicacao.com.br\/especiais\/paubrasilmotosV2\/?page_id=678"},"modified":"2025-11-12T14:55:17","modified_gmt":"2025-11-12T17:55:17","slug":"africa-twin-adventure-sports","status":"publish","type":"page","link":"https:\/\/www.paubrasilmotos.com.br\/valedosaofrancisco\/africa-twin-adventure-sports\/","title":{"rendered":"CRF 1100L Africa Twin Adventure Sports ES DCT"},"content":{"rendered":"<div class=\"wpb-content-wrapper\"><p>[vc_row css_animation=&#8221;&#8221; row_type=&#8221;row&#8221; use_row_as_full_screen_section=&#8221;no&#8221; type=&#8221;grid&#8221; angled_section=&#8221;no&#8221; text_align=&#8221;left&#8221; background_image_as_pattern=&#8221;without_pattern&#8221; css=&#8221;.vc_custom_1562769455597{background-color: #ffffff !important;}&#8221; z_index=&#8221;&#8221;][vc_column width=&#8221;1\/2&#8243;][vc_single_image image=&#8221;2147&#8243; img_size=&#8221;600&#215;380&#8243; css=&#8221;&#8221; qode_css_animation=&#8221;&#8221;][vc_zigzag css=&#8221;.vc_custom_1562769673606{padding-top: 20px !important;padding-bottom: 20px !important;}&#8221;][vc_empty_space][qode_elements_holder number_of_columns=&#8221;one_column&#8221;][qode_elements_holder_item vertical_alignment=&#8221;middle&#8221; horizontal_alignment=&#8221;center&#8221; advanced_animations=&#8221;no&#8221;]\n\t<div class=\"qode-3d-button-holder\">\n\n\t<a href=\"https:\/\/www.paubrasilmotos.com.br\/valedosaofrancisco\/tenho-interesse\/\" target=\"_blank\" style=\"color: #ffffff;background-color: #c20e1a;font-size: 20px;font-weight: 700\" class=\"qode-btn qode-btn-medium qode-btn-solid qode-btn-custom-hover-bg qode-btn-custom-hover-color qode-btn-3d-hover\" data-hover-bg-color=\"#ac0f19\" data-hover-color=\"#ffffff\" >\n\t    <span class=\"qode-btn-text\">Tenho Interesse<\/span>\t<\/a>\n\n\t\t<a href=\"https:\/\/www.paubrasilmotos.com.br\/valedosaofrancisco\/tenho-interesse\/\" target=\"_blank\" style=\"color: #ffffff;background-color: #c20e1a;font-size: 20px;font-weight: 700\" class=\"qode-btn qode-btn-medium qode-btn-solid qode-btn-custom-hover-bg qode-btn-custom-hover-color qode-btn-3d-hover\" data-hover-bg-color=\"#ac0f19\" data-hover-color=\"#ffffff\" >\n\t\t    <span class=\"qode-btn-text\">Tenho Interesse<\/span>\t\t<\/a>\n\t<\/div>\n\n\t<div class=\"qode-3d-button-holder\">\n\n\t<a href=\"https:\/\/www.paubrasilmotos.com.br\/formularioMyHonda\/?IdEstado=0&#038;IdModelo=22&#038;IdTipoVenda=6\" target=\"_blank\" style=\"color: #ffffff;background-color: #c20e1a;font-size: 20px;font-weight: 700\" class=\"qode-btn qode-btn-medium qode-btn-solid qode-btn-custom-hover-bg qode-btn-custom-hover-color qode-btn-3d-hover\" data-hover-bg-color=\"#ac0f19\" data-hover-color=\"#ffffff\" >\n\t    <span class=\"qode-btn-text\">Test Ride<\/span>\t<\/a>\n\n\t\t<a href=\"https:\/\/www.paubrasilmotos.com.br\/formularioMyHonda\/?IdEstado=0&#038;IdModelo=22&#038;IdTipoVenda=6\" target=\"_blank\" style=\"color: #ffffff;background-color: #c20e1a;font-size: 20px;font-weight: 700\" class=\"qode-btn qode-btn-medium qode-btn-solid qode-btn-custom-hover-bg qode-btn-custom-hover-color qode-btn-3d-hover\" data-hover-bg-color=\"#ac0f19\" data-hover-color=\"#ffffff\" >\n\t\t    <span class=\"qode-btn-text\">Test Ride<\/span>\t\t<\/a>\n\t<\/div>\n\n\t<div class=\"qode-3d-button-holder\">\n\n\t<a href=\"https:\/\/api.whatsapp.com\/send?phone=551938647080&#038;text=Ol%C3%A1!%20Tenho%20interesse%20neste%20produto.%20%23chave%3A%20a324M000009g7G6QAI\" target=\"_blank\" style=\"color: #ffffff;background-color: #c20e1a;font-size: 20px;font-weight: 700\" class=\"qode-btn qode-btn-medium qode-btn-solid qode-btn-custom-hover-bg qode-btn-custom-hover-color qode-btn-3d-hover\" data-hover-bg-color=\"#ac0f19\" data-hover-color=\"#ffffff\" >\n\t    <span class=\"qode-btn-text\">Whatsapp<\/span>\t<\/a>\n\n\t\t<a href=\"https:\/\/api.whatsapp.com\/send?phone=551938647080&#038;text=Ol%C3%A1!%20Tenho%20interesse%20neste%20produto.%20%23chave%3A%20a324M000009g7G6QAI\" target=\"_blank\" style=\"color: #ffffff;background-color: #c20e1a;font-size: 20px;font-weight: 700\" class=\"qode-btn qode-btn-medium qode-btn-solid qode-btn-custom-hover-bg qode-btn-custom-hover-color qode-btn-3d-hover\" data-hover-bg-color=\"#ac0f19\" data-hover-color=\"#ffffff\" >\n\t\t    <span class=\"qode-btn-text\">Whatsapp<\/span>\t\t<\/a>\n\t<\/div>\n[\/qode_elements_holder_item][\/qode_elements_holder][\/vc_column][vc_column width=&#8221;1\/2&#8243;]<div class=\"qode-advanced-tabs qode-advanced-tabs qode-advanced-horizontal-tab clearfix qode-advanced-tab-without-icon qode-advanced-tabs-column-2 clearfix\">\n\t<ul class=\"qode-advanced-tabs-nav\">\n\t\t\t\t\t<li>\n\t\t\t\t<h3>\n\t\t\t\t\t<a href=\"#tab-caracteristicas\">\n\t\t\t\t\t\t\n\t\t\t\t\t\t\t\t\t\t\t\t\t<span class=\"qode-advanced-tab-text-after-icon\">\n\t\t\t\t\t\t\t\tCaracteristicas\t\t\t\t\t\t\t<\/span>\n\t\t\t\t\t\t\t\t\t\t\t<\/a>\n\t\t\t\t<\/h3>\n\t\t\t<\/li>\n\t\t\t\t\t<li>\n\t\t\t\t<h3>\n\t\t\t\t\t<a href=\"#tab-especificacoes\">\n\t\t\t\t\t\t\n\t\t\t\t\t\t\t\t\t\t\t\t\t<span class=\"qode-advanced-tab-text-after-icon\">\n\t\t\t\t\t\t\t\tEspecifica\u00e7\u00f5es\t\t\t\t\t\t\t<\/span>\n\t\t\t\t\t\t\t\t\t\t\t<\/a>\n\t\t\t\t<\/h3>\n\t\t\t<\/li>\n\t\t\t<\/ul>\n\t<div class=\"qode-advanced-tab-container\" id=\"tab-caracteristicas-989\" data-icon-pack=\"\" data-icon-html=\"\">[vc_column_text]<\/p>\n<h3>Design<\/h3>\n<p>[\/vc_column_text][vc_empty_space height=&#8221;15px&#8221;][vc_column_text]<strong>Conforto<\/strong><\/p>\n<p>A vers\u00e3o Adventure Sports foi desenvolvida para maximizar a experi\u00eancia em viagens, otimizando o conforto e a tecnologia sem abrir m\u00e3o da capacidade off-road. Al\u00e9m dos pneus sem c\u00e2mara (tubeless), a vers\u00e3o mais estradeira da Africa Twin conta tamb\u00e9m com um tanque de maior capacidade, protetores de manoplas, Protetor de c\u00e1rter, cruise control e com suspens\u00e3o eletr\u00f4nica.<\/p>\n<p><strong>Cicl\u00edstica<\/strong><\/p>\n<p>A cicl\u00edstica \u00e9 um ponto alto da nova CRF 1100L Africa Twin, que conta com uma estrutura totalmente nova. Al\u00e9m da posi\u00e7\u00e3o de pilotagem, levemente elevada para m\u00e1ximo conforto em viagens longas, tanto a balan\u00e7a quanto o quadro e o subchassi mudaram para reduzir a massa suspensa na parte traseira da moto. Essas e outras mudan\u00e7as contribu\u00edram para uma perda de 10 kg no peso total da moto, tornando-a mais esguia e \u00e1gil para uma melhor pilotagem, seja em p\u00e9 seja sentado.<\/p>\n<p><strong>Assento ajust\u00e1vel<\/strong><\/p>\n<p>A traseira da nova CRF 1100L Africa Twin est\u00e1 totalmente remodelada para oferecer maior conforto e confian\u00e7a. Com altura regul\u00e1vel, o assento est\u00e1 mais pr\u00f3ximo ao tanque, e conta, agora, com a mesma estatura para todas as vers\u00f5es. A altura do assento pode ser ajustada de 870mm para 850mm e, como op\u00e7\u00e3o, um assento ainda mais baixo est\u00e1 dispon\u00edvel separadamente como acess\u00f3rio.[\/vc_column_text][vc_empty_space height=&#8221;30px&#8221;][vc_column_text]<\/p>\n<h3>Tecnologia<\/h3>\n<p>[\/vc_column_text][vc_empty_space height=&#8221;15px&#8221;][vc_column_text]<strong>Painel digital auxiliar<\/strong><\/p>\n<p>Para manter as informa\u00e7\u00f5es de pilotagem sempre \u00e0 vista, mesmo quando se utiliza a tela principal para outras fun\u00e7\u00f5es como o GPS, por exemplo, o console conta com uma tela auxiliar para as informa\u00e7\u00f5es de velocidade, marcha engatada e luzes-espia.<\/p>\n<p><strong>Integra\u00e7\u00e3o com APPLE CARPLAY e ANDROID AUTO<\/strong><\/p>\n<p>O Apple CarPlay\u2122 e o Android Auto\u00ae integram seu iPhone ou dispositivo Android \u00e0 motocicleta, dando acesso a comandos e aplicativos diretamente no painel principal.&lt;br \/&gt;<br \/>\nAssim, voc\u00ea pode acessar seu telefone, aplicativos de mapas, m\u00fasica, mensagens e muito mais, de maneira simples e segura.<\/p>\n<p><strong>Painel TFT TOUCHSCREEN de 6.5 polegadas<\/strong><\/p>\n<p>Uma novidade \u00e9 o seu novo painel de instrumentos TFT de 6,5 polegadas, com tela sens\u00edvel ao toque mesmo com luvas (touchscreen). Nele, \u00e9 poss\u00edvel o acesso a todas as informa\u00e7\u00f5es sobre a condu\u00e7\u00e3o e \u00e0 sele\u00e7\u00e3o de op\u00e7\u00f5es para pilotagem que a motocicleta oferece e possui integra\u00e7\u00e3o com Apple CarPlay\u00ae e Android Auto.<\/p>\n<p><strong>Cruise Control<\/strong><\/p>\n<p>O sistema Cruise Control funciona como um \u201cpiloto autom\u00e1tico\u201d, permitindo ao piloto escolher uma velocidade a ser mantida sem o acionamento da manopla do acelerador. Para o modelo manual (MT), a velocidade definida acompanhar\u00e1 a marcha engatada, j\u00e1 nos modelos com dupla embreagem (DCT), o sistema faz as altera\u00e7\u00f5es devidas.<\/p>\n<p><strong>Controle de torque HSTC<\/strong><\/p>\n<p>O sistema Honda Selectable Torque Control (HSTC) foi desenvolvido para limitar eletronicamente o deslizamento da roda traseira, proporcionando a tra\u00e7\u00e3o ideal de acordo com cada tipo de terreno. Sensores monitoram a velocidade da roda e interv\u00eam para controlar o torque em tempo real, evitando as perdas de ader\u00eancia.[\/vc_column_text][vc_empty_space height=&#8221;30px&#8221;][vc_column_text]<\/p>\n<h3>Seguran\u00e7a<\/h3>\n<p>[\/vc_column_text][vc_empty_space height=&#8221;15px&#8221;][vc_column_text]<strong>ABS selecion\u00e1vel<\/strong><\/p>\n<p>O conjunto de freios ABS da nova CRF 1100L Africa Twin agora \u00e9 integrado ao sistema IMU (Inertial Management Unit) e atua conforme os sensores de velocidade das rodas e os sensores que monitoram os seis eixos da moto. Al\u00e9m de oferecer a op\u00e7\u00e3o de desligar completamente o sistema, para uma pilotagem de alto n\u00edvel, o novo sistema ABS oferece tamb\u00e9m dois modos separados de acionamento para condu\u00e7\u00f5es on-road e off-road, que trabalham integrados com os modos de pilotagem predefinidos para um melhor desempenho de frenagem em qualquer circunst\u00e2ncia, mesmo em superf\u00edcies de pouca ader\u00eancia.<\/p>\n<p><strong>Cornering ABS<\/strong><\/p>\n<p>Ao longo das curvas, o Cornering ABS aplica a for\u00e7a de frenagem ideal na roda, considerando o \u00e2ngulo de inclina\u00e7\u00e3o dos sensores de medi\u00e7\u00e3o inercial, a desacelera\u00e7\u00e3o da moto e a taxa de deslizamento das rodas dianteira e traseira. Al\u00e9m disso, essa funcionalidade auxilia a frenagem em superf\u00edcies inclinadas, melhorando a pilotagem e trazendo mais seguran\u00e7a ao piloto.<\/p>\n<p><strong>Wheelie Control<\/strong><\/p>\n<p>Conectado ao m\u00f3dulo do IMU, o Wheelie Control \u00e9 uma tecnologia de seguran\u00e7a que interv\u00e9m e controla situa\u00e7\u00f5es que a roda perde contato com o solo, monitorando a intensidade da acelera\u00e7\u00e3o e modulando o torque para manter a roda sempre em contato com o solo. Para um controle mais preciso do piloto, o Wheelie Control oferece, al\u00e9m da op\u00e7\u00e3o \u201cdesligado\u201d, tr\u00eas n\u00edveis de atua\u00e7\u00e3o, onde o n\u00edvel 1 \u00e9 o mais atuante e o n\u00edvel 3 \u00e9 o menos atuante.<\/p>\n<p><strong>ESS<\/strong><\/p>\n<p>O sistema Emergency Stop Signal (ESS) \u00e9 uma tecnologia de preven\u00e7\u00e3o de colis\u00f5es traseiras, j\u00e1 adotada em autom\u00f3veis de luxo, que agora equipa tamb\u00e9m todas as motocicletas de alta cilindrada da Honda. No caso de uma frenagem brusca, o sistema aciona automaticamente o pisca-alerta, fazendo as setas traseiras piscarem para alertar os ve\u00edculos, que est\u00e3o atr\u00e1s, sobre uma situa\u00e7\u00e3o de emerg\u00eancia, ajudando a prevenir os acidentes.[\/vc_column_text]<\/div><div class=\"qode-advanced-tab-container\" id=\"tab-especificacoes-286\" data-icon-pack=\"\" data-icon-html=\"\">[vc_column_text]<\/p>\n<p>&nbsp;<\/p>\n<p>&nbsp;<\/p>\n<table class=\"espec\">\n<tbody>\n<tr>\n<td class=\"subTitle\" style=\"text-align: center;\" colspan=\"2\"><strong>Capacidades<\/strong><\/td>\n<\/tr>\n<tr>\n<td width=\"250\">\u00d3leo do motor<\/td>\n<td colspan=\"2\">4,8 litros<\/td>\n<\/tr>\n<tr>\n<td width=\"250\">Tanque de combust\u00edvel\/Reserva<\/td>\n<td colspan=\"2\">24,2 litros<\/td>\n<\/tr>\n<tr>\n<td class=\"subTitle\" style=\"text-align: center;\" colspan=\"2\"><strong>Chassi<\/strong><\/td>\n<\/tr>\n<tr>\n<td width=\"250\">Freio dianteiro\/Di\u00e2metro<\/td>\n<td colspan=\"2\">A disco \/ 310 mm<\/td>\n<\/tr>\n<tr>\n<td width=\"250\">Freio traseiro\/Di\u00e2metro<\/td>\n<td colspan=\"2\">A disco \/ 256 mm<\/td>\n<\/tr>\n<tr>\n<td width=\"250\">Pneu dianteiro<\/td>\n<td colspan=\"2\">90\/90 &#8211; 21<\/td>\n<\/tr>\n<tr>\n<td width=\"250\">Pneu traseiro<\/td>\n<td colspan=\"2\">150\/70 &#8211; 18<\/td>\n<\/tr>\n<tr>\n<td width=\"250\">Suspens\u00e3o dianteira \/ curso<\/td>\n<td colspan=\"2\">Garfo telesc\u00f3pico \/ 224mm<\/td>\n<\/tr>\n<tr>\n<td width=\"250\">Suspens\u00e3o traseira \/ curso<\/td>\n<td colspan=\"2\">Pro-Link \/ 240 mm<\/td>\n<\/tr>\n<tr>\n<td width=\"250\">Tipo<\/td>\n<td colspan=\"2\">Ber\u00e7o Semi duplo<\/td>\n<\/tr>\n<tr>\n<td class=\"subTitle\" style=\"text-align: center;\" colspan=\"2\"><strong>Dimens\u00f5es<\/strong><\/td>\n<\/tr>\n<tr>\n<td width=\"250\">Altura do assento<\/td>\n<td colspan=\"2\">920 mm<\/td>\n<\/tr>\n<tr>\n<td width=\"250\">Comprimento x largura x altura<\/td>\n<td colspan=\"2\">2.344 x 932 x 1.569 mm<\/td>\n<\/tr>\n<tr>\n<td width=\"250\">Dist\u00e2ncia entre eixos<\/td>\n<td colspan=\"2\">1.581 mm<\/td>\n<\/tr>\n<tr>\n<td width=\"250\">Dist\u00e2ncia m\u00ednima do solo<\/td>\n<td colspan=\"2\">271 mm<\/td>\n<\/tr>\n<tr>\n<td width=\"250\">Peso seco<\/td>\n<td colspan=\"2\">224 kg<\/td>\n<\/tr>\n<tr>\n<td class=\"subTitle\" style=\"text-align: center;\" colspan=\"2\"><strong>Motor<\/strong><\/td>\n<\/tr>\n<tr>\n<td width=\"250\">Cilindrada<\/td>\n<td colspan=\"2\">999,1 cc<\/td>\n<\/tr>\n<tr>\n<td width=\"250\">Combust\u00edvel<\/td>\n<td colspan=\"2\">Gasolina<\/td>\n<\/tr>\n<tr>\n<td width=\"250\">Di\u00e2metro x curso (mil\u00edmetros)<\/td>\n<td colspan=\"2\">92,0 x 75,1 mm<\/td>\n<\/tr>\n<tr>\n<td width=\"250\">Pot\u00eancia M\u00e1xima<\/td>\n<td colspan=\"2\">94,6 cv a 7.500 rpm (Gasolina)<\/td>\n<\/tr>\n<tr>\n<td width=\"250\">Rela\u00e7\u00e3o de Compress\u00e3o<\/td>\n<td colspan=\"2\">10.0:1<\/td>\n<\/tr>\n<tr>\n<td width=\"250\">Sistema de alimenta\u00e7\u00e3o<\/td>\n<td colspan=\"2\">Inje\u00e7\u00e3o Eletr\u00f4nica PGM-FI<\/td>\n<\/tr>\n<tr>\n<td width=\"250\">Sistema de partida<\/td>\n<td colspan=\"2\">El\u00e9trica<\/td>\n<\/tr>\n<tr>\n<td width=\"250\">Tipo<\/td>\n<td colspan=\"2\">OHC, dois cilindros, 4 tempos, arrefecido a ar<\/td>\n<\/tr>\n<tr>\n<td width=\"250\">Torque M\u00e1ximo<\/td>\n<td colspan=\"2\">9,7 kgf.m a 6.000 rpm (Gasolina)<\/td>\n<\/tr>\n<tr>\n<td width=\"250\">Transmiss\u00e3o<\/td>\n<td colspan=\"2\">6 velocidades<\/td>\n<\/tr>\n<tr>\n<td class=\"subTitle\" style=\"text-align: center;\" colspan=\"2\"><strong>Sistema El\u00e9trico<\/strong><\/td>\n<\/tr>\n<tr>\n<td width=\"250\">Bateria<\/td>\n<td colspan=\"2\">12 V &#8211; 6 Ah<\/td>\n<\/tr>\n<tr>\n<td width=\"250\">Farol<\/td>\n<td colspan=\"2\">LED<\/td>\n<\/tr>\n<tr>\n<td width=\"250\">Igni\u00e7\u00e3o<\/td>\n<td colspan=\"2\">Eletr\u00f4nica<\/td>\n<\/tr>\n<\/tbody>\n<\/table>\n<p>[\/vc_column_text]<\/div><\/div>[\/vc_column][\/vc_row][vc_row css_animation=&#8221;&#8221; row_type=&#8221;row&#8221; use_row_as_full_screen_section=&#8221;no&#8221; type=&#8221;full_width&#8221; angled_section=&#8221;no&#8221; text_align=&#8221;left&#8221; background_image_as_pattern=&#8221;without_pattern&#8221; z_index=&#8221;&#8221; css=&#8221;.vc_custom_1562770796079{background-color: #f4f4f4 !important;}&#8221;][vc_column][vc_empty_space][vc_text_separator title=&#8221;Galeria de Fotos&#8221; border=&#8221;no&#8221; title_color=&#8221;#0a0a0a&#8221; background_color=&#8221;#f4f4f4&#8243;][vc_empty_space height=&#8221;12px&#8221;]<div class=\"qode-advanced-image-gallery  qode-aig-grid-type qode-no-space  qode-image-behavior-lightbox \">\n\t<div class=\"qode-aig-inner qode-outer-space qode-aig-grid qode-aig-three-columns\">\n\t\t\t<\/div>\n<\/div>[\/vc_column][\/vc_row][vc_row css_animation=&#8221;&#8221; row_type=&#8221;row&#8221; use_row_as_full_screen_section=&#8221;no&#8221; type=&#8221;grid&#8221; angled_section=&#8221;no&#8221; text_align=&#8221;left&#8221; background_image_as_pattern=&#8221;without_pattern&#8221; css=&#8221;.vc_custom_1563462258110{padding-top: 100px !important;}&#8221; z_index=&#8221;&#8221;][vc_column width=&#8221;1\/3&#8243; offset=&#8221;vc_col-lg-offset-0 vc_col-lg-4 vc_col-md-offset-0 vc_col-md-4 vc_col-sm-offset-1&#8243;]<div class='q_icon_with_title tiny normal_icon center qode_iwt_hover_enabled '><div class=\"icon_holder \" style=\" \"><span data-icon-type=\"normal\" class=\"qode_iwt_icon_holder q_font_awsome_icon fa-lg  \"><i class=\"qode_icon_font_awesome fa  qode_iwt_icon_element\"><\/i><\/span><\/div><div class=\"icon_text_holder\" style=\"\"><div class=\"icon_text_inner\" style=\"\"><h2 class=\"icon_title\" style=\"font-weight: 400;\">3 anos de garantia<\/h2><div class=\"separator small left\" style=\"height: 2px;width: 20px;margin-bottom: 15px;\"><\/div><p style='color: #0a0a0a'>Garantia Honda de 3 anos + \u00d3leo Genu\u00edno Honda gr\u00e1tis* em 7 revis\u00f5es. * O fornecimento gratuito do \u00f3leo \u00e9 v\u00e1lido a partir da 3\u00aa revis\u00e3o<\/p><\/div><\/div><\/div>[vc_empty_space height=&#8221;48px&#8221;][\/vc_column][vc_column width=&#8221;1\/3&#8243; offset=&#8221;vc_col-lg-offset-0 vc_col-lg-4 vc_col-md-offset-0 vc_col-md-4 vc_col-sm-offset-1&#8243;]<div class='q_icon_with_title tiny normal_icon center qode_iwt_hover_enabled '><div class=\"icon_holder \" style=\" \"><span data-icon-type=\"normal\" class=\"qode_iwt_icon_holder q_font_awsome_icon fa-lg  \"><i class=\"qode_icon_font_awesome fa  qode_iwt_icon_element\"><\/i><\/span><\/div><div class=\"icon_text_holder\" style=\"\"><div class=\"icon_text_inner\" style=\"\"><h2 class=\"icon_title\" style=\"font-weight: 400;\">Controle de tra\u00e7\u00e3o e modos de pilotagem<\/h2><div class=\"separator small left\" style=\"height: 2px;width: 20px;margin-bottom: 15px;\"><\/div><p style='color: #0a0a0a'><\/p><\/div><\/div><\/div>[vc_empty_space height=&#8221;48px&#8221;][\/vc_column][vc_column width=&#8221;1\/3&#8243; offset=&#8221;vc_col-lg-offset-0 vc_col-lg-4 vc_col-md-offset-0 vc_col-md-4 vc_col-sm-offset-1&#8243;]<div class='q_icon_with_title tiny normal_icon center qode_iwt_hover_enabled '><div class=\"icon_holder \" style=\" \"><span data-icon-type=\"normal\" class=\"qode_iwt_icon_holder q_font_awsome_icon fa-lg  \"><i class=\"qode_icon_font_awesome fa  qode_iwt_icon_element\"><\/i><\/span><\/div><div class=\"icon_text_holder\" style=\"\"><div class=\"icon_text_inner\" style=\"\"><h2 class=\"icon_title\" style=\"font-weight: 400;\">Cicl\u00edstica perfeita<\/h2><div class=\"separator small left\" style=\"height: 2px;width: 20px;margin-bottom: 15px;\"><\/div><p style='color: #0a0a0a'>Maneabilidade perfeita no extremo off-road, em longas dist\u00e2ncias ou no tr\u00e2nsito das cidades<\/p><\/div><\/div><\/div>[vc_empty_space height=&#8221;48px&#8221;][\/vc_column][\/vc_row]<\/p>\n<\/div>","protected":false},"excerpt":{"rendered":"<p>[vc_row css_animation=&#8221;&#8221; row_type=&#8221;row&#8221; use_row_as_full_screen_section=&#8221;no&#8221; type=&#8221;grid&#8221; angled_section=&#8221;no&#8221; text_align=&#8221;left&#8221; background_image_as_pattern=&#8221;without_pattern&#8221; css=&#8221;.vc_custom_1562769455597{background-color: #ffffff !important;}&#8221; z_index=&#8221;&#8221;][vc_column width=&#8221;1\/2&#8243;][vc_single_image image=&#8221;2147&#8243; img_size=&#8221;600&#215;380&#8243; css=&#8221;&#8221; qode_css_animation=&#8221;&#8221;][vc_zigzag css=&#8221;.vc_custom_1562769673606{padding-top: 20px !important;padding-bottom: 20px !important;}&#8221;][vc_empty_space][qode_elements_holder number_of_columns=&#8221;one_column&#8221;][qode_elements_holder_item vertical_alignment=&#8221;middle&#8221; horizontal_alignment=&#8221;center&#8221; advanced_animations=&#8221;no&#8221;][\/qode_elements_holder_item][\/qode_elements_holder][\/vc_column][vc_column width=&#8221;1\/2&#8243;][\/vc_column][\/vc_row][vc_row css_animation=&#8221;&#8221; row_type=&#8221;row&#8221; use_row_as_full_screen_section=&#8221;no&#8221; type=&#8221;full_width&#8221; angled_section=&#8221;no&#8221; text_align=&#8221;left&#8221; background_image_as_pattern=&#8221;without_pattern&#8221; z_index=&#8221;&#8221; css=&#8221;.vc_custom_1562770796079{background-color: #f4f4f4 !important;}&#8221;][vc_column][vc_empty_space][vc_text_separator title=&#8221;Galeria de Fotos&#8221; border=&#8221;no&#8221; title_color=&#8221;#0a0a0a&#8221; background_color=&#8221;#f4f4f4&#8243;][vc_empty_space height=&#8221;12px&#8221;][\/vc_column][\/vc_row][vc_row&#8230;<\/p>\n","protected":false},"author":1,"featured_media":2147,"parent":0,"menu_order":0,"comment_status":"closed","ping_status":"closed","template":"full_width.php","meta":{"footnotes":""},"class_list":["post-678","page","type-page","status-publish","has-post-thumbnail","hentry"],"jetpack_sharing_enabled":true,"_links":{"self":[{"href":"https:\/\/www.paubrasilmotos.com.br\/valedosaofrancisco\/wp-json\/wp\/v2\/pages\/678","targetHints":{"allow":["GET"]}}],"collection":[{"href":"https:\/\/www.paubrasilmotos.com.br\/valedosaofrancisco\/wp-json\/wp\/v2\/pages"}],"about":[{"href":"https:\/\/www.paubrasilmotos.com.br\/valedosaofrancisco\/wp-json\/wp\/v2\/types\/page"}],"author":[{"embeddable":true,"href":"https:\/\/www.paubrasilmotos.com.br\/valedosaofrancisco\/wp-json\/wp\/v2\/users\/1"}],"replies":[{"embeddable":true,"href":"https:\/\/www.paubrasilmotos.com.br\/valedosaofrancisco\/wp-json\/wp\/v2\/comments?post=678"}],"version-history":[{"count":0,"href":"https:\/\/www.paubrasilmotos.com.br\/valedosaofrancisco\/wp-json\/wp\/v2\/pages\/678\/revisions"}],"wp:featuredmedia":[{"embeddable":true,"href":"https:\/\/www.paubrasilmotos.com.br\/valedosaofrancisco\/wp-json\/wp\/v2\/media\/2147"}],"wp:attachment":[{"href":"https:\/\/www.paubrasilmotos.com.br\/valedosaofrancisco\/wp-json\/wp\/v2\/media?parent=678"}],"curies":[{"name":"wp","href":"https:\/\/api.w.org\/{rel}","templated":true}]}}