{"id":669,"date":"2019-07-25T10:11:12","date_gmt":"2019-07-25T13:11:12","guid":{"rendered":"http:\/\/www.nativacomunicacao.com.br\/especiais\/paubrasilmotosV2\/?page_id=669"},"modified":"2025-11-12T14:54:42","modified_gmt":"2025-11-12T17:54:42","slug":"crf-1000l-africa-twin","status":"publish","type":"page","link":"https:\/\/www.paubrasilmotos.com.br\/valedosaofrancisco\/crf-1000l-africa-twin\/","title":{"rendered":"CRF 1100L Africa Twin MT"},"content":{"rendered":"<div class=\"wpb-content-wrapper\"><p>[vc_row css_animation=&#8221;&#8221; row_type=&#8221;row&#8221; use_row_as_full_screen_section=&#8221;no&#8221; type=&#8221;grid&#8221; angled_section=&#8221;no&#8221; text_align=&#8221;left&#8221; background_image_as_pattern=&#8221;without_pattern&#8221; css=&#8221;.vc_custom_1562769455597{background-color: #ffffff !important;}&#8221; z_index=&#8221;&#8221;][vc_column width=&#8221;1\/2&#8243;][vc_single_image image=&#8221;2148&#8243; img_size=&#8221;600&#215;380&#8243; css=&#8221;&#8221; qode_css_animation=&#8221;&#8221;][vc_zigzag css=&#8221;.vc_custom_1562769673606{padding-top: 20px !important;padding-bottom: 20px !important;}&#8221;][vc_empty_space][qode_elements_holder number_of_columns=&#8221;one_column&#8221;][qode_elements_holder_item vertical_alignment=&#8221;middle&#8221; horizontal_alignment=&#8221;center&#8221; advanced_animations=&#8221;no&#8221;]\n\t<div class=\"qode-3d-button-holder\">\n\n\t<a href=\"https:\/\/www.paubrasilmotos.com.br\/valedosaofrancisco\/tenho-interesse\/\" target=\"_blank\" style=\"color: #ffffff;background-color: #c20e1a;font-size: 20px;font-weight: 700\" class=\"qode-btn qode-btn-medium qode-btn-solid qode-btn-custom-hover-bg qode-btn-custom-hover-color qode-btn-3d-hover\" data-hover-bg-color=\"#ac0f19\" data-hover-color=\"#ffffff\" >\n\t    <span class=\"qode-btn-text\">Tenho Interesse<\/span>\t<\/a>\n\n\t\t<a href=\"https:\/\/www.paubrasilmotos.com.br\/valedosaofrancisco\/tenho-interesse\/\" target=\"_blank\" style=\"color: #ffffff;background-color: #c20e1a;font-size: 20px;font-weight: 700\" class=\"qode-btn qode-btn-medium qode-btn-solid qode-btn-custom-hover-bg qode-btn-custom-hover-color qode-btn-3d-hover\" data-hover-bg-color=\"#ac0f19\" data-hover-color=\"#ffffff\" >\n\t\t    <span class=\"qode-btn-text\">Tenho Interesse<\/span>\t\t<\/a>\n\t<\/div>\n\n\t<div class=\"qode-3d-button-holder\">\n\n\t<a href=\"https:\/\/api.whatsapp.com\/send?phone=551938647080&#038;text=Ol%C3%A1!%20Tenho%20interesse%20neste%20produto.%20%23chave%3A%20a324M000009g7G6QAI\" target=\"_blank\" style=\"color: #ffffff;background-color: #c20e1a;font-size: 20px;font-weight: 700\" class=\"qode-btn qode-btn-medium qode-btn-solid qode-btn-custom-hover-bg qode-btn-custom-hover-color qode-btn-icon qode-btn-3d-hover\" data-hover-bg-color=\"#ac0f19\" data-hover-color=\"#ffffff\" >\n\t    <span class=\"qode-btn-text\">Whatsapp<\/span><span class=\"qode-button-v2-icon-holder\"  ><i class=\"qode_icon_font_awesome fa fa-whatsapp qode-button-v2-icon-holder-inner\" ><\/i><\/span>\t<\/a>\n\n\t\t<a href=\"https:\/\/api.whatsapp.com\/send?phone=551938647080&#038;text=Ol%C3%A1!%20Tenho%20interesse%20neste%20produto.%20%23chave%3A%20a324M000009g7G6QAI\" target=\"_blank\" style=\"color: #ffffff;background-color: #c20e1a;font-size: 20px;font-weight: 700\" class=\"qode-btn qode-btn-medium qode-btn-solid qode-btn-custom-hover-bg qode-btn-custom-hover-color qode-btn-icon qode-btn-3d-hover\" data-hover-bg-color=\"#ac0f19\" data-hover-color=\"#ffffff\" >\n\t\t    <span class=\"qode-btn-text\">Whatsapp<\/span><span class=\"qode-button-v2-icon-holder\"  ><i class=\"qode_icon_font_awesome fa fa-whatsapp qode-button-v2-icon-holder-inner\" ><\/i><\/span>\t\t<\/a>\n\t<\/div>\n[\/qode_elements_holder_item][\/qode_elements_holder][\/vc_column][vc_column width=&#8221;1\/2&#8243;]<div class=\"qode-advanced-tabs qode-advanced-tabs qode-advanced-horizontal-tab clearfix qode-advanced-tab-without-icon qode-advanced-tabs-column-2 clearfix\">\n\t<ul class=\"qode-advanced-tabs-nav\">\n\t\t\t\t\t<li>\n\t\t\t\t<h3>\n\t\t\t\t\t<a href=\"#tab-caracteristicas\">\n\t\t\t\t\t\t\n\t\t\t\t\t\t\t\t\t\t\t\t\t<span class=\"qode-advanced-tab-text-after-icon\">\n\t\t\t\t\t\t\t\tCaracteristicas\t\t\t\t\t\t\t<\/span>\n\t\t\t\t\t\t\t\t\t\t\t<\/a>\n\t\t\t\t<\/h3>\n\t\t\t<\/li>\n\t\t\t\t\t<li>\n\t\t\t\t<h3>\n\t\t\t\t\t<a href=\"#tab-especificacoes\">\n\t\t\t\t\t\t\n\t\t\t\t\t\t\t\t\t\t\t\t\t<span class=\"qode-advanced-tab-text-after-icon\">\n\t\t\t\t\t\t\t\tEspecifica\u00e7\u00f5es\t\t\t\t\t\t\t<\/span>\n\t\t\t\t\t\t\t\t\t\t\t<\/a>\n\t\t\t\t<\/h3>\n\t\t\t<\/li>\n\t\t\t<\/ul>\n\t<div class=\"qode-advanced-tab-container\" id=\"tab-caracteristicas-865\" data-icon-pack=\"\" data-icon-html=\"\">[vc_column_text css=&#8221;&#8221;]<\/p>\n<h2>Fabricada no Brasil<\/h2>\n<p>A partir de 2023, a\u00a0<b>CRF 1100L Africa Twin<\/b>\u00a0com c\u00e2mbio DCT passa a ser fabricada na Zona Franca de Manaus. Assim, o Brasil torna-se o primeiro pa\u00eds al\u00e9m do Jap\u00e3o a produzir motocicletas com essa tecnologia exclusiva. A mudan\u00e7a proporcionar\u00e1 mais agilidade na disponibilidade, mantendo toda qualidade e confiabilidade da marca j\u00e1 reconhecidos pelo mercado.<\/p>\n<p>De Manaus at\u00e9 seu destino, toda Africa Twin viaja em caixas. E se esse caminho se transformasse numa aventura? Convidamos 4 influenciadores para uma expedi\u00e7\u00e3o que come\u00e7a no cora\u00e7\u00e3o da Floresta Amaz\u00f4nica e promete muitas descobertas ao longo do caminho. Confira abaixo.[\/vc_column_text][vc_column_text]<\/p>\n<h3>Design<\/h3>\n<p>[\/vc_column_text][vc_empty_space height=&#8221;15px&#8221;][vc_column_text css=&#8221;&#8221;]<strong>Conforto<\/strong><\/p>\n<p>A\u00a0<b>CRF 1100L Africa Twin<\/b>\u00a0foi desenvolvida para maximizar a experi\u00eancia de pilotagem, otimizando o conforto e a tecnologia sem abrir m\u00e3o da lend\u00e1ria capacidade off-road. O modelo possui estrutura leve e esguia, assento com altura regul\u00e1vel, carenagem frontal e para-brisa baixo otimizados para pilotagem de performance, e agora oferece bagageiro traseiro de s\u00e9rie no modelo 2023.<\/p>\n<p><strong>Cicl\u00edstica<\/strong><\/p>\n<p>A cicl\u00edstica \u00e9 um ponto alto da CRF 1100L Africa Twin. Tanto a balan\u00e7a quanto o quadro e o subchassi derivam das CRF 450 usadas no Rally Dakar, e foram desenvolvidas para reduzir a massa suspensa na parte traseira da moto.<\/p>\n<p><strong>Assento Ajust\u00e1vel<\/strong><\/p>\n<p>A traseira da Honda CRF 1100L Africa Twin oferece maior conforto e confian\u00e7a. Com altura regul\u00e1vel, o assento fica pr\u00f3ximo ao tanque, e tem a mesma estatura para todas as vers\u00f5es. A altura do assento pode ser ajustada para 870mm ou 850mm e, como op\u00e7\u00e3o, um assento ainda mais baixo est\u00e1 dispon\u00edvel separadamente como acess\u00f3rio.[\/vc_column_text][vc_empty_space height=&#8221;30px&#8221;][vc_column_text]<\/p>\n<h3>Tecnologia<\/h3>\n<p>[\/vc_column_text][vc_empty_space height=&#8221;15px&#8221;][vc_column_text css=&#8221;&#8221;]<strong>Painel digital auxiliar<\/strong><\/p>\n<p>Para manter as informa\u00e7\u00f5es de pilotagem sempre \u00e0 vista, mesmo quando se utiliza a tela principal para outras fun\u00e7\u00f5es como o GPS, por exemplo, o console conta com uma tela auxiliar para as informa\u00e7\u00f5es de velocidade, marcha engatada e luzes-espia.<\/p>\n<p><strong>Integra\u00e7\u00e3o com APPLE CARPLAY e ANDROID AUTO<\/strong><\/p>\n<p>O Apple CarPlay\u2122 e o Android Auto\u00ae integram seu iPhone ou dispositivo Android \u00e0 motocicleta, dando acesso a comandos e aplicativos diretamente no painel principal. Assim, voc\u00ea pode acessar seu telefone, aplicativos de mapas, m\u00fasica, mensagens e muito mais, de maneira simples e segura.<\/p>\n<p><strong>Painel TFT TOUCHSCREEN de 6.5 polegadas<\/strong><\/p>\n<p>O painel de instrumentos TFT de 6,5 polegadas, com tela sens\u00edvel ao toque mesmo com luvas (touchscreen). Nele, \u00e9 poss\u00edvel o acesso a todas as informa\u00e7\u00f5es sobre a condu\u00e7\u00e3o e a sele\u00e7\u00e3o de op\u00e7\u00f5es para pilotagem que a motocicleta oferece e possui integra\u00e7\u00e3o com Apple CarPlay\u2122 e Android Auto\u00ae.<\/p>\n<p><strong>Cruise control<\/strong><\/p>\n<p>O sistema Cruise Control funciona como um \u201cpiloto autom\u00e1tico\u201d, permitindo ao piloto escolher uma velocidade a ser mantida sem o acionamento da manopla do acelerador. Para o modelo manual (MT), a velocidade definida acompanhar\u00e1 a marcha engatada. J\u00e1 nos modelos com dupla embreagem (DCT), o sistema faz as altera\u00e7\u00f5es devidas.<\/p>\n<p><strong>Controle de Torque HSTC<\/strong><\/p>\n<p>O sistema Honda Selectable Torque Control (HSTC) foi desenvolvido para limitar eletronicamente o deslizamento da roda traseira, proporcionando a tra\u00e7\u00e3o ideal de acordo com cada tipo de terreno. Sensores monitoram a velocidade da roda e interv\u00eam para controlar o torque em tempo real, evitando as perdas de ader\u00eancia.[\/vc_column_text][vc_empty_space height=&#8221;30px&#8221;][vc_column_text]<\/p>\n<h3>Seguran\u00e7a<\/h3>\n<p>[\/vc_column_text][vc_empty_space height=&#8221;15px&#8221;][vc_column_text]<strong>ABS Selecion\u00e1vel<\/strong><\/p>\n<p>O conjunto de\u00a0<b>freios ABS da CRF 1100L Africa Twin 2023<\/b>\u00a0\u00e9 integrado ao sistema IMU (Inertial Management Unit) e atua conforme os sensores de velocidade das rodas e os sensores que monitoram os seis eixos da moto big trail. O sistema ABS oferece a op\u00e7\u00e3o de desligar, para uma pilotagem de alto n\u00edvel, e dois modos separados de acionamento para condu\u00e7\u00f5es on-road e off-road, que trabalham integrados com os modos de pilotagem predefinidos para um melhor desempenho de frenagem em qualquer circunst\u00e2ncia, mesmo em superf\u00edcies de pouca ader\u00eancia.<\/p>\n<p><strong>Cornering ABS<\/strong><\/p>\n<p>Ao longo das curvas, o Cornering ABS aplica a for\u00e7a de frenagem ideal na roda, considerando o \u00e2ngulo de inclina\u00e7\u00e3o dos sensores de medi\u00e7\u00e3o inercial \u2013 (IMU), a desacelera\u00e7\u00e3o da moto e a taxa de deslizamento das rodas dianteira e traseira. Al\u00e9m disso, essa funcionalidade auxilia a frenagem em superf\u00edcies inclinadas, melhorando a pilotagem e trazendo mais seguran\u00e7a ao piloto.<\/p>\n<p><strong>Wheelie Control<\/strong><\/p>\n<p>Conectado ao m\u00f3dulo do IMU, o Wheelie Control \u00e9 uma tecnologia de seguran\u00e7a que interv\u00e9m e controla situa\u00e7\u00f5es em que a roda perde contato com o solo, monitorando a intensidade da acelera\u00e7\u00e3o e modulando o torque para manter a roda sempre em contato com o solo. Para um controle mais preciso do piloto, o Wheelie Control oferece, al\u00e9m da op\u00e7\u00e3o \u201cdesligado\u201d, tr\u00eas n\u00edveis de atua\u00e7\u00e3o, onde o n\u00edvel 1 \u00e9 o mais atuante e o n\u00edvel 3 \u00e9 o menos atuante.<\/p>\n<p><strong>ESS<\/strong><\/p>\n<p>O sistema Emergency Stop Signal (ESS) \u00e9 uma tecnologia de preven\u00e7\u00e3o de colis\u00f5es traseiras, j\u00e1 adotada em autom\u00f3veis de luxo, que tamb\u00e9m equipa todas as\u00a0<b>motocicletas de alta cilindrada da Honda<\/b>. No caso de uma frenagem brusca, o sistema aciona automaticamente o pisca-alerta, fazendo as setas traseiras piscarem para alertar os ve\u00edculos que est\u00e3o atr\u00e1s e ajudando a prevenir acidentes.[\/vc_column_text]<\/div><div class=\"qode-advanced-tab-container\" id=\"tab-especificacoes-381\" data-icon-pack=\"\" data-icon-html=\"\">[vc_column_text]<\/p>\n<p>&nbsp;<\/p>\n<p>&nbsp;<\/p>\n<table class=\"espec\">\n<tbody>\n<tr>\n<td class=\"subTitle\" style=\"text-align: center;\" colspan=\"2\"><strong>Capacidades<\/strong><\/td>\n<\/tr>\n<tr>\n<td width=\"250\">\u00d3leo do motor<\/td>\n<td colspan=\"2\">4,8 litros<\/td>\n<\/tr>\n<tr>\n<td width=\"250\">Tanque de combust\u00edvel\/Reserva<\/td>\n<td colspan=\"2\">18,8 litros<\/td>\n<\/tr>\n<tr>\n<td class=\"subTitle\" style=\"text-align: center;\" colspan=\"2\"><strong>Chassi<\/strong><\/td>\n<\/tr>\n<tr>\n<td width=\"250\">Freio dianteiro\/Di\u00e2metro<\/td>\n<td colspan=\"2\">A disco \/ 310 mm<\/td>\n<\/tr>\n<tr>\n<td width=\"250\">Freio traseiro\/Di\u00e2metro<\/td>\n<td colspan=\"2\">A disco \/ 256 mm<\/td>\n<\/tr>\n<tr>\n<td width=\"250\">Pneu dianteiro<\/td>\n<td colspan=\"2\">90\/90 &#8211; 21<\/td>\n<\/tr>\n<tr>\n<td width=\"250\">Pneu traseiro<\/td>\n<td colspan=\"2\">150\/70 &#8211; 18<\/td>\n<\/tr>\n<tr>\n<td width=\"250\">Suspens\u00e3o dianteira \/ curso<\/td>\n<td colspan=\"2\">Garfo telesc\u00f3pico \/ 204mm<\/td>\n<\/tr>\n<tr>\n<td width=\"250\">Suspens\u00e3o traseira \/ curso<\/td>\n<td colspan=\"2\">Pro-Link \/ 220 mm<\/td>\n<\/tr>\n<tr>\n<td width=\"250\">Tipo<\/td>\n<td colspan=\"2\">Ber\u00e7o Semi duplo<\/td>\n<\/tr>\n<tr>\n<td class=\"subTitle\" style=\"text-align: center;\" colspan=\"2\"><strong>Dimens\u00f5es<\/strong><\/td>\n<\/tr>\n<tr>\n<td width=\"250\">Altura do assento<\/td>\n<td colspan=\"2\">870 mm<\/td>\n<\/tr>\n<tr>\n<td width=\"250\">Comprimento x largura x altura<\/td>\n<td colspan=\"2\">2.334 x 932 x 1.478 mm<\/td>\n<\/tr>\n<tr>\n<td width=\"250\">Dist\u00e2ncia entre eixos<\/td>\n<td colspan=\"2\">1.574 mm<\/td>\n<\/tr>\n<tr>\n<td width=\"250\">Dist\u00e2ncia m\u00ednima do solo<\/td>\n<td colspan=\"2\">251 mm<\/td>\n<\/tr>\n<tr>\n<td width=\"250\">Peso seco<\/td>\n<td colspan=\"2\">216 kg<\/td>\n<\/tr>\n<tr>\n<td class=\"subTitle\" style=\"text-align: center;\" colspan=\"2\"><strong>Motor<\/strong><\/td>\n<\/tr>\n<tr>\n<td width=\"250\">Cilindrada<\/td>\n<td colspan=\"2\">999,1 cc<\/td>\n<\/tr>\n<tr>\n<td width=\"250\">Combust\u00edvel<\/td>\n<td colspan=\"2\">Gasolina<\/td>\n<\/tr>\n<tr>\n<td width=\"250\">Di\u00e2metro x curso (mil\u00edmetros)<\/td>\n<td colspan=\"2\">92,0 x 75,1 mm<\/td>\n<\/tr>\n<tr>\n<td width=\"250\">Pot\u00eancia M\u00e1xima<\/td>\n<td colspan=\"2\">94,6 cv a 7.500 rpm (Gasolina)<\/td>\n<\/tr>\n<tr>\n<td width=\"250\">Rela\u00e7\u00e3o de Compress\u00e3o<\/td>\n<td colspan=\"2\">10.0:1<\/td>\n<\/tr>\n<tr>\n<td width=\"250\">Sistema de alimenta\u00e7\u00e3o<\/td>\n<td colspan=\"2\">Inje\u00e7\u00e3o Eletr\u00f4nica PGM-FI<\/td>\n<\/tr>\n<tr>\n<td width=\"250\">Sistema de partida<\/td>\n<td colspan=\"2\">El\u00e9trica<\/td>\n<\/tr>\n<tr>\n<td width=\"250\">Taxa de compress\u00e3o<\/td>\n<td colspan=\"2\">10,0:1<\/td>\n<\/tr>\n<tr>\n<td width=\"250\">Tipo<\/td>\n<td colspan=\"2\">OHC, dois cilindros, 4 tempos, arrefecido a ar<\/td>\n<\/tr>\n<tr>\n<td width=\"250\">Torque M\u00e1ximo<\/td>\n<td colspan=\"2\">9,7 kgf.m a 6.000 rpm (Gasolina)<\/td>\n<\/tr>\n<tr>\n<td width=\"250\">Transmiss\u00e3o<\/td>\n<td colspan=\"2\">6 velocidades<\/td>\n<\/tr>\n<tr>\n<td class=\"subTitle\" style=\"text-align: center;\" colspan=\"2\"><strong>Sistema El\u00e9trico<\/strong><\/td>\n<\/tr>\n<tr>\n<td width=\"250\">Bateria<\/td>\n<td colspan=\"2\">12 V &#8211; 6 Ah<\/td>\n<\/tr>\n<tr>\n<td width=\"250\">Farol<\/td>\n<td colspan=\"2\">LED<\/td>\n<\/tr>\n<tr>\n<td width=\"250\">Igni\u00e7\u00e3o<\/td>\n<td colspan=\"2\">Eletr\u00f4nica<\/td>\n<\/tr>\n<\/tbody>\n<\/table>\n<p>[\/vc_column_text]<\/div><\/div>[\/vc_column][\/vc_row][vc_row css_animation=&#8221;&#8221; row_type=&#8221;row&#8221; use_row_as_full_screen_section=&#8221;no&#8221; type=&#8221;full_width&#8221; angled_section=&#8221;no&#8221; text_align=&#8221;left&#8221; background_image_as_pattern=&#8221;without_pattern&#8221; z_index=&#8221;&#8221; css=&#8221;.vc_custom_1562770796079{background-color: #f4f4f4 !important;}&#8221;][vc_column][vc_empty_space][vc_text_separator title=&#8221;Galeria de Fotos&#8221; border=&#8221;no&#8221; title_color=&#8221;#0a0a0a&#8221; background_color=&#8221;#f4f4f4&#8243;][vc_empty_space height=&#8221;12px&#8221;]<div class=\"qode-advanced-image-gallery  qode-aig-grid-type qode-no-space  qode-image-behavior-lightbox \">\n\t<div class=\"qode-aig-inner qode-outer-space qode-aig-grid qode-aig-three-columns\">\n\t\t\t<\/div>\n<\/div>[\/vc_column][\/vc_row][vc_row css_animation=&#8221;&#8221; row_type=&#8221;row&#8221; use_row_as_full_screen_section=&#8221;no&#8221; type=&#8221;grid&#8221; angled_section=&#8221;no&#8221; text_align=&#8221;left&#8221; background_image_as_pattern=&#8221;without_pattern&#8221; css=&#8221;.vc_custom_1563462258110{padding-top: 100px !important;}&#8221; z_index=&#8221;&#8221;][vc_column width=&#8221;1\/3&#8243; offset=&#8221;vc_col-lg-offset-0 vc_col-lg-4 vc_col-md-offset-0 vc_col-md-4 vc_col-sm-offset-1&#8243;]<div class='q_icon_with_title tiny normal_icon center qode_iwt_hover_enabled '><div class=\"icon_holder \" style=\" \"><span data-icon-type=\"normal\" class=\"qode_iwt_icon_holder q_font_awsome_icon fa-lg  \"><i class=\"qode_icon_font_awesome fa  qode_iwt_icon_element\"><\/i><\/span><\/div><div class=\"icon_text_holder\" style=\"\"><div class=\"icon_text_inner\" style=\"\"><h2 class=\"icon_title\" style=\"font-weight: 400;\">3 anos de garantia + Honda Assistance<\/h2><div class=\"separator small left\" style=\"height: 2px;width: 20px;margin-bottom: 15px;\"><\/div><p style='color: #0a0a0a'>3 anos de garantia, sem limite de quilometragem. Honda Assistance com servi\u00e7o gratuito por 3 anos, por todo o per\u00edodo da garantia do produto. A cobertura abrange o Brasil, Chile, Argentina, Uruguai, Paraguai e Bol\u00edvia.<\/p><\/div><\/div><\/div>[vc_empty_space height=&#8221;48px&#8221;][\/vc_column][vc_column width=&#8221;1\/3&#8243; offset=&#8221;vc_col-lg-offset-0 vc_col-lg-4 vc_col-md-offset-0 vc_col-md-4 vc_col-sm-offset-1&#8243;]<div class='q_icon_with_title tiny normal_icon center qode_iwt_hover_enabled '><div class=\"icon_holder \" style=\" \"><span data-icon-type=\"normal\" class=\"qode_iwt_icon_holder q_font_awsome_icon fa-lg  \"><i class=\"qode_icon_font_awesome fa  qode_iwt_icon_element\"><\/i><\/span><\/div><div class=\"icon_text_holder\" style=\"\"><div class=\"icon_text_inner\" style=\"\"><h2 class=\"icon_title\" style=\"font-weight: 400;\">Servi\u00e7o Expresso<\/h2><div class=\"separator small left\" style=\"height: 2px;width: 20px;margin-bottom: 15px;\"><\/div><p style='color: #0a0a0a'>Maior conveni\u00eancia e agilidade na inspe\u00e7\u00e3o gratuita de 21 itens. Os reparos nas motocicletas s\u00e3o feitos na sua frente em boxes exclusivos e em at\u00e9 1 hora.<\/p><\/div><\/div><\/div>[vc_empty_space height=&#8221;48px&#8221;][\/vc_column][vc_column width=&#8221;1\/3&#8243; offset=&#8221;vc_col-lg-offset-0 vc_col-lg-4 vc_col-md-offset-0 vc_col-md-4 vc_col-sm-offset-1&#8243;]<div class='q_icon_with_title tiny normal_icon center qode_iwt_hover_enabled '><div class=\"icon_holder \" style=\" \"><span data-icon-type=\"normal\" class=\"qode_iwt_icon_holder q_font_awsome_icon fa-lg  \"><i class=\"qode_icon_font_awesome fa  qode_iwt_icon_element\"><\/i><\/span><\/div><div class=\"icon_text_holder\" style=\"\"><div class=\"icon_text_inner\" style=\"\"><h2 class=\"icon_title\" style=\"font-weight: 400;\">Maior rede de concession\u00e1rias da Am\u00e9rica do Sul<\/h2><div class=\"separator small left\" style=\"height: 2px;width: 20px;margin-bottom: 15px;\"><\/div><p style='color: #0a0a0a'>Viaje tranquilo, sempre haver\u00e1 uma Honda perto de voc\u00ea onde quer que voc\u00ea esteja. S\u00f3 no Brasil s\u00e3o mais de 1.200 lojas.<\/p><\/div><\/div><\/div>[vc_empty_space height=&#8221;48px&#8221;][\/vc_column][\/vc_row]<\/p>\n<\/div>","protected":false},"excerpt":{"rendered":"<p>[vc_row css_animation=&#8221;&#8221; row_type=&#8221;row&#8221; use_row_as_full_screen_section=&#8221;no&#8221; type=&#8221;grid&#8221; angled_section=&#8221;no&#8221; text_align=&#8221;left&#8221; background_image_as_pattern=&#8221;without_pattern&#8221; css=&#8221;.vc_custom_1562769455597{background-color: #ffffff !important;}&#8221; z_index=&#8221;&#8221;][vc_column width=&#8221;1\/2&#8243;][vc_single_image image=&#8221;2148&#8243; img_size=&#8221;600&#215;380&#8243; css=&#8221;&#8221; qode_css_animation=&#8221;&#8221;][vc_zigzag css=&#8221;.vc_custom_1562769673606{padding-top: 20px !important;padding-bottom: 20px !important;}&#8221;][vc_empty_space][qode_elements_holder number_of_columns=&#8221;one_column&#8221;][qode_elements_holder_item vertical_alignment=&#8221;middle&#8221; horizontal_alignment=&#8221;center&#8221; advanced_animations=&#8221;no&#8221;][\/qode_elements_holder_item][\/qode_elements_holder][\/vc_column][vc_column width=&#8221;1\/2&#8243;][\/vc_column][\/vc_row][vc_row css_animation=&#8221;&#8221; row_type=&#8221;row&#8221; use_row_as_full_screen_section=&#8221;no&#8221; type=&#8221;full_width&#8221; angled_section=&#8221;no&#8221; text_align=&#8221;left&#8221; background_image_as_pattern=&#8221;without_pattern&#8221; z_index=&#8221;&#8221; css=&#8221;.vc_custom_1562770796079{background-color: #f4f4f4 !important;}&#8221;][vc_column][vc_empty_space][vc_text_separator title=&#8221;Galeria de Fotos&#8221; border=&#8221;no&#8221; title_color=&#8221;#0a0a0a&#8221; background_color=&#8221;#f4f4f4&#8243;][vc_empty_space height=&#8221;12px&#8221;][\/vc_column][\/vc_row][vc_row&#8230;<\/p>\n","protected":false},"author":1,"featured_media":2148,"parent":0,"menu_order":0,"comment_status":"closed","ping_status":"closed","template":"full_width.php","meta":{"footnotes":""},"class_list":["post-669","page","type-page","status-publish","has-post-thumbnail","hentry"],"jetpack_sharing_enabled":true,"_links":{"self":[{"href":"https:\/\/www.paubrasilmotos.com.br\/valedosaofrancisco\/wp-json\/wp\/v2\/pages\/669","targetHints":{"allow":["GET"]}}],"collection":[{"href":"https:\/\/www.paubrasilmotos.com.br\/valedosaofrancisco\/wp-json\/wp\/v2\/pages"}],"about":[{"href":"https:\/\/www.paubrasilmotos.com.br\/valedosaofrancisco\/wp-json\/wp\/v2\/types\/page"}],"author":[{"embeddable":true,"href":"https:\/\/www.paubrasilmotos.com.br\/valedosaofrancisco\/wp-json\/wp\/v2\/users\/1"}],"replies":[{"embeddable":true,"href":"https:\/\/www.paubrasilmotos.com.br\/valedosaofrancisco\/wp-json\/wp\/v2\/comments?post=669"}],"version-history":[{"count":0,"href":"https:\/\/www.paubrasilmotos.com.br\/valedosaofrancisco\/wp-json\/wp\/v2\/pages\/669\/revisions"}],"wp:featuredmedia":[{"embeddable":true,"href":"https:\/\/www.paubrasilmotos.com.br\/valedosaofrancisco\/wp-json\/wp\/v2\/media\/2148"}],"wp:attachment":[{"href":"https:\/\/www.paubrasilmotos.com.br\/valedosaofrancisco\/wp-json\/wp\/v2\/media?parent=669"}],"curies":[{"name":"wp","href":"https:\/\/api.w.org\/{rel}","templated":true}]}}