{"id":548,"date":"2019-07-22T09:36:10","date_gmt":"2019-07-22T12:36:10","guid":{"rendered":"http:\/\/www.nativacomunicacao.com.br\/especiais\/paubrasilmotosV2\/?page_id=548"},"modified":"2026-03-09T15:30:31","modified_gmt":"2026-03-09T18:30:31","slug":"cg-160-titan","status":"publish","type":"page","link":"https:\/\/www.paubrasilmotos.com.br\/valedosaofrancisco\/cg-160-titan\/","title":{"rendered":"CG 160 Titan"},"content":{"rendered":"<div class=\"wpb-content-wrapper\"><p>[vc_row css_animation=&#8221;&#8221; row_type=&#8221;row&#8221; use_row_as_full_screen_section=&#8221;no&#8221; type=&#8221;grid&#8221; angled_section=&#8221;no&#8221; text_align=&#8221;left&#8221; background_image_as_pattern=&#8221;without_pattern&#8221; css=&#8221;.vc_custom_1562769455597{background-color: #ffffff !important;}&#8221; z_index=&#8221;&#8221;][vc_column width=&#8221;1\/2&#8243;][vc_single_image image=&#8221;2014&#8243; img_size=&#8221;600&#215;380&#8243; css=&#8221;&#8221; qode_css_animation=&#8221;&#8221;][vc_zigzag css=&#8221;.vc_custom_1562769673606{padding-top: 20px !important;padding-bottom: 20px !important;}&#8221;][vc_empty_space][qode_elements_holder number_of_columns=&#8221;one_column&#8221;][qode_elements_holder_item vertical_alignment=&#8221;middle&#8221; horizontal_alignment=&#8221;center&#8221; advanced_animations=&#8221;no&#8221;]\n\t<div class=\"qode-3d-button-holder\">\n\n\t<a href=\"https:\/\/www.paubrasilmotos.com.br\/valedosaofrancisco\/tenho-interesse\/\" target=\"_blank\" style=\"color: #ffffff;background-color: #c20e1a;font-size: 20px;font-weight: 700\" class=\"qode-btn qode-btn-medium qode-btn-solid qode-btn-custom-hover-bg qode-btn-custom-hover-color qode-btn-3d-hover\" data-hover-bg-color=\"#ac0f19\" data-hover-color=\"#ffffff\" >\n\t    <span class=\"qode-btn-text\">Tenho Interesse<\/span>\t<\/a>\n\n\t\t<a href=\"https:\/\/www.paubrasilmotos.com.br\/valedosaofrancisco\/tenho-interesse\/\" target=\"_blank\" style=\"color: #ffffff;background-color: #c20e1a;font-size: 20px;font-weight: 700\" class=\"qode-btn qode-btn-medium qode-btn-solid qode-btn-custom-hover-bg qode-btn-custom-hover-color qode-btn-3d-hover\" data-hover-bg-color=\"#ac0f19\" data-hover-color=\"#ffffff\" >\n\t\t    <span class=\"qode-btn-text\">Tenho Interesse<\/span>\t\t<\/a>\n\t<\/div>\n\n\t<div class=\"qode-3d-button-holder\">\n\n\t<a href=\"https:\/\/www.paubrasilmotos.com.br\/formularioMyHonda\/?IdEstado=0&#038;IdModelo=7&#038;IdTipoVenda=6\" target=\"_blank\" style=\"color: #ac0f19;background-color: #e5e5e5;font-size: 20px;font-weight: 700\" class=\"qode-btn qode-btn-medium qode-btn-solid qode-btn-custom-hover-bg qode-btn-custom-hover-color qode-btn-3d-hover\" data-hover-bg-color=\"#ac0f19\" data-hover-color=\"#ffffff\" >\n\t    <span class=\"qode-btn-text\">Test Ride<\/span>\t<\/a>\n\n\t\t<a href=\"https:\/\/www.paubrasilmotos.com.br\/formularioMyHonda\/?IdEstado=0&#038;IdModelo=7&#038;IdTipoVenda=6\" target=\"_blank\" style=\"color: #ac0f19;background-color: #e5e5e5;font-size: 20px;font-weight: 700\" class=\"qode-btn qode-btn-medium qode-btn-solid qode-btn-custom-hover-bg qode-btn-custom-hover-color qode-btn-3d-hover\" data-hover-bg-color=\"#ac0f19\" data-hover-color=\"#ffffff\" >\n\t\t    <span class=\"qode-btn-text\">Test Ride<\/span>\t\t<\/a>\n\t<\/div>\n\n\t<div class=\"qode-3d-button-holder\">\n\n\t<a href=\"https:\/\/api.whatsapp.com\/send?phone=551938647080&#038;text=Ol%C3%A1!%20Tenho%20interesse%20neste%20produto.%20%23chave%3A%20a324M000009g7G6QAI\" target=\"_blank\" style=\"color: #ffffff;background-color: #c20e1a;font-size: 20px;font-weight: 700\" class=\"qode-btn qode-btn-medium qode-btn-solid qode-btn-custom-hover-bg qode-btn-custom-hover-color qode-btn-icon qode-btn-3d-hover\" data-hover-bg-color=\"#ac0f19\" data-hover-color=\"#ffffff\" >\n\t    <span class=\"qode-btn-text\">Whatsapp<\/span><span class=\"qode-button-v2-icon-holder\"  ><i class=\"qode_icon_font_awesome fa fa-whatsapp qode-button-v2-icon-holder-inner\" ><\/i><\/span>\t<\/a>\n\n\t\t<a href=\"https:\/\/api.whatsapp.com\/send?phone=551938647080&#038;text=Ol%C3%A1!%20Tenho%20interesse%20neste%20produto.%20%23chave%3A%20a324M000009g7G6QAI\" target=\"_blank\" style=\"color: #ffffff;background-color: #c20e1a;font-size: 20px;font-weight: 700\" class=\"qode-btn qode-btn-medium qode-btn-solid qode-btn-custom-hover-bg qode-btn-custom-hover-color qode-btn-icon qode-btn-3d-hover\" data-hover-bg-color=\"#ac0f19\" data-hover-color=\"#ffffff\" >\n\t\t    <span class=\"qode-btn-text\">Whatsapp<\/span><span class=\"qode-button-v2-icon-holder\"  ><i class=\"qode_icon_font_awesome fa fa-whatsapp qode-button-v2-icon-holder-inner\" ><\/i><\/span>\t\t<\/a>\n\t<\/div>\n[\/qode_elements_holder_item][\/qode_elements_holder][\/vc_column][vc_column width=&#8221;1\/2&#8243;]<div class=\"qode-advanced-tabs qode-advanced-tabs qode-advanced-horizontal-tab clearfix qode-advanced-tab-without-icon qode-advanced-tabs-column-1 clearfix\">\n\t<ul class=\"qode-advanced-tabs-nav\">\n\t\t\t\t\t<li>\n\t\t\t\t<h3>\n\t\t\t\t\t<a href=\"#tab-caracteristicas\">\n\t\t\t\t\t\t\n\t\t\t\t\t\t\t\t\t\t\t\t\t<span class=\"qode-advanced-tab-text-after-icon\">\n\t\t\t\t\t\t\t\tCaracteristicas\t\t\t\t\t\t\t<\/span>\n\t\t\t\t\t\t\t\t\t\t\t<\/a>\n\t\t\t\t<\/h3>\n\t\t\t<\/li>\n\t\t\t<\/ul>\n\t<div class=\"qode-advanced-tab-container\" id=\"tab-caracteristicas-342\" data-icon-pack=\"\" data-icon-html=\"\">[vc_column_text]<\/p>\n<h3>Design<\/h3>\n<p>[\/vc_column_text][vc_empty_space height=&#8221;15px&#8221;][vc_column_text css=&#8221;&#8221;]<strong>CG 160 Titan<\/strong><\/p>\n<p>A CG 160 Titan \u00e9 para quem n\u00e3o abre m\u00e3o de personalidade e efici\u00eancia. Com freio ABS, LED no farol e lanterna e um design marcante, ela eleva o padr\u00e3o em cada detalhe.<\/p>\n<p><strong>Nova Cor<\/strong><\/p>\n<p>A CG 160 Titan 2026 chegou cheia de estilo, robustez e tecnologia! Com um design pensado para voc\u00ea, ela oferece nova cor impactante: Cinza. Sinta a emo\u00e7\u00e3o de dominar a cidade com a sua CG Titan!<\/p>\n<h4 class=\"ttl_feature\">Design Esportivo e Robusto<\/h4>\n<p>Cada detalhe da\u00a0<b>CG 160 Titan<\/b>\u00a0foi pensado para oferecer um visual exclusivo, desde as carenagens at\u00e9 os grafismos, elevando o padr\u00e3o.<\/p>\n<h4 class=\"ttl_feature\">Visual<\/h4>\n<p>Esportividade e estilo em cada detalhe, com um design marcante que torna a CG 160 Titan \u00fanica.<\/p>\n<h4 class=\"ttl_feature\">Lanterna e Farol em LED<\/h4>\n<p>Com\u00a0<b>LED no farol e lanterna<\/b>, a CG Titan oferece maior visibilidade, combinando ilumina\u00e7\u00e3o potente com um design marcante.[\/vc_column_text][vc_empty_space height=&#8221;30px&#8221;][vc_column_text]<\/p>\n<h3>Tecnologia<\/h3>\n<p>[\/vc_column_text][vc_empty_space height=&#8221;15px&#8221;][vc_column_text css=&#8221;&#8221;]<\/p>\n<h4 class=\"ttl_feature\">Freio ABS<\/h4>\n<p>O\u00a0<b>freio ABS<\/b>\u00a0na roda dianteira garante maior controle e precis\u00e3o em qualquer situa\u00e7\u00e3o, permitindo que voc\u00ea pilote com confian\u00e7a.<\/p>\n<h4 class=\"ttl_feature\">Painel Digital<\/h4>\n<p>Moderno e funcional, o\u00a0<b>painel digital<\/b>\u00a0com fundo blackout oferece \u00f3tima visibilidade, al\u00e9m de indicador de marchas e indicador de consumo instant\u00e2neo.<\/p>\n<h4 class=\"ttl_feature\">Motor FlexOne<\/h4>\n<p>Escolha o combust\u00edvel que mais lhe agrada, aproveitando a efici\u00eancia e o desempenho do motor\u00a0<b>FlexOne<\/b>.<\/p>\n<h4 class=\"ttl_feature\">Entrada USB-C<\/h4>\n<p>Com\u00a0<b>entrada USB-C<\/b>\u00a0a CG Titan permite que voc\u00ea carregue seu dispositivo onde quer que esteja.[\/vc_column_text][vc_empty_space height=&#8221;30px&#8221;][vc_column_text css=&#8221;&#8221;]<\/p>\n<h3>Conforto<\/h3>\n<p>[\/vc_column_text][vc_empty_space height=&#8221;15px&#8221;][vc_column_text css=&#8221;&#8221;]<\/p>\n<h4 class=\"ttl_feature\">Al\u00e7a e Pedais do Passageiro<\/h4>\n<p>Mais conforto e apoio para o passageiro, com al\u00e7as e pedaleiras projetadas para garantir uma viagem tranquila com a\u00a0<b>CG 160 Titan<\/b>.<\/p>\n<h4 class=\"ttl_feature\">Suspens\u00e3o<\/h4>\n<p>A\u00a0<b>suspens\u00e3o<\/b>\u00a0oferece mais conforto e estabilidade, garantindo uma pilotagem suave para o dia a dia.[\/vc_column_text]<\/div><\/div>[\/vc_column][\/vc_row][vc_row css_animation=&#8221;&#8221; row_type=&#8221;row&#8221; use_row_as_full_screen_section=&#8221;no&#8221; type=&#8221;full_width&#8221; angled_section=&#8221;no&#8221; text_align=&#8221;left&#8221; background_image_as_pattern=&#8221;without_pattern&#8221; z_index=&#8221;&#8221; css=&#8221;.vc_custom_1562770796079{background-color: #f4f4f4 !important;}&#8221;][vc_column][vc_empty_space][vc_text_separator title=&#8221;Galeria de Fotos&#8221; border=&#8221;no&#8221; title_color=&#8221;#0a0a0a&#8221; background_color=&#8221;#f4f4f4&#8243;][vc_empty_space height=&#8221;12px&#8221;]<div class=\"qode-advanced-image-gallery  qode-aig-grid-type qode-no-space  qode-image-behavior-lightbox \">\n\t<div class=\"qode-aig-inner qode-outer-space qode-aig-grid qode-aig-three-columns\">\n\t\t\t\t\t<div class=\"qode-aig-image qode-item-space\">\n\t\t\t\t<div class=\"qode-aig-image-inner\">\n\t\t\t\t\t\t\t\t\t\t\t<a itemprop=\"image\" class=\"qode-aig-lightbox\" href=\"https:\/\/www.paubrasilmotos.com.br\/valedosaofrancisco\/wp-content\/uploads\/2025\/09\/TITAN-2026-1.jpg\" data-rel=\"prettyPhoto[image_gallery_pretty_photo-998]\" title=\"TITAN-2026-1\">\n\t\t\t\t\t\t\t\t\t\t\t<img fetchpriority=\"high\" decoding=\"async\" width=\"1024\" height=\"586\" src=\"https:\/\/www.paubrasilmotos.com.br\/valedosaofrancisco\/wp-content\/uploads\/2025\/09\/TITAN-2026-1-1024x586.jpg\" class=\"attachment-large size-large\" alt=\"\" srcset=\"https:\/\/www.paubrasilmotos.com.br\/valedosaofrancisco\/wp-content\/uploads\/2025\/09\/TITAN-2026-1-1024x586.jpg 1024w, https:\/\/www.paubrasilmotos.com.br\/valedosaofrancisco\/wp-content\/uploads\/2025\/09\/TITAN-2026-1-300x172.jpg 300w, https:\/\/www.paubrasilmotos.com.br\/valedosaofrancisco\/wp-content\/uploads\/2025\/09\/TITAN-2026-1-768x440.jpg 768w, https:\/\/www.paubrasilmotos.com.br\/valedosaofrancisco\/wp-content\/uploads\/2025\/09\/TITAN-2026-1-345x198.jpg 345w, https:\/\/www.paubrasilmotos.com.br\/valedosaofrancisco\/wp-content\/uploads\/2025\/09\/TITAN-2026-1-700x401.jpg 700w, https:\/\/www.paubrasilmotos.com.br\/valedosaofrancisco\/wp-content\/uploads\/2025\/09\/TITAN-2026-1.jpg 1029w\" sizes=\"(max-width: 1024px) 100vw, 1024px\" \/>\t\t\t\t\t\t<span class=\"aig-gallery-hover\">\n\t\t\t\t\t\t\t\t\t\t\t\t\t<\/span>\n\t\t\t\t\t\t\t\t\t\t\t<\/a>\n\t\t\t\t\t\t\t\t\t<\/div>\n\t\t\t<\/div>\n\t\t\t\t\t\t\t\t<div class=\"qode-aig-image qode-item-space\">\n\t\t\t\t<div class=\"qode-aig-image-inner\">\n\t\t\t\t\t\t\t\t\t\t\t<a itemprop=\"image\" class=\"qode-aig-lightbox\" href=\"https:\/\/www.paubrasilmotos.com.br\/valedosaofrancisco\/wp-content\/uploads\/2025\/09\/TITAN-2026-2.jpg\" data-rel=\"prettyPhoto[image_gallery_pretty_photo-998]\" title=\"TITAN-2026-2\">\n\t\t\t\t\t\t\t\t\t\t\t<img decoding=\"async\" width=\"1024\" height=\"586\" src=\"https:\/\/www.paubrasilmotos.com.br\/valedosaofrancisco\/wp-content\/uploads\/2025\/09\/TITAN-2026-2-1024x586.jpg\" class=\"attachment-large size-large\" alt=\"\" srcset=\"https:\/\/www.paubrasilmotos.com.br\/valedosaofrancisco\/wp-content\/uploads\/2025\/09\/TITAN-2026-2-1024x586.jpg 1024w, https:\/\/www.paubrasilmotos.com.br\/valedosaofrancisco\/wp-content\/uploads\/2025\/09\/TITAN-2026-2-300x172.jpg 300w, https:\/\/www.paubrasilmotos.com.br\/valedosaofrancisco\/wp-content\/uploads\/2025\/09\/TITAN-2026-2-768x440.jpg 768w, https:\/\/www.paubrasilmotos.com.br\/valedosaofrancisco\/wp-content\/uploads\/2025\/09\/TITAN-2026-2-345x198.jpg 345w, https:\/\/www.paubrasilmotos.com.br\/valedosaofrancisco\/wp-content\/uploads\/2025\/09\/TITAN-2026-2-700x401.jpg 700w, https:\/\/www.paubrasilmotos.com.br\/valedosaofrancisco\/wp-content\/uploads\/2025\/09\/TITAN-2026-2.jpg 1029w\" sizes=\"(max-width: 1024px) 100vw, 1024px\" \/>\t\t\t\t\t\t<span class=\"aig-gallery-hover\">\n\t\t\t\t\t\t\t\t\t\t\t\t\t<\/span>\n\t\t\t\t\t\t\t\t\t\t\t<\/a>\n\t\t\t\t\t\t\t\t\t<\/div>\n\t\t\t<\/div>\n\t\t\t\t\t\t\t\t<div class=\"qode-aig-image qode-item-space\">\n\t\t\t\t<div class=\"qode-aig-image-inner\">\n\t\t\t\t\t\t\t\t\t\t\t<a itemprop=\"image\" class=\"qode-aig-lightbox\" href=\"https:\/\/www.paubrasilmotos.com.br\/valedosaofrancisco\/wp-content\/uploads\/2025\/09\/TITAN-2026-3.jpg\" data-rel=\"prettyPhoto[image_gallery_pretty_photo-998]\" title=\"TITAN-2026-3\">\n\t\t\t\t\t\t\t\t\t\t\t<img decoding=\"async\" width=\"1024\" height=\"586\" src=\"https:\/\/www.paubrasilmotos.com.br\/valedosaofrancisco\/wp-content\/uploads\/2025\/09\/TITAN-2026-3-1024x586.jpg\" class=\"attachment-large size-large\" alt=\"\" srcset=\"https:\/\/www.paubrasilmotos.com.br\/valedosaofrancisco\/wp-content\/uploads\/2025\/09\/TITAN-2026-3-1024x586.jpg 1024w, https:\/\/www.paubrasilmotos.com.br\/valedosaofrancisco\/wp-content\/uploads\/2025\/09\/TITAN-2026-3-300x172.jpg 300w, https:\/\/www.paubrasilmotos.com.br\/valedosaofrancisco\/wp-content\/uploads\/2025\/09\/TITAN-2026-3-768x440.jpg 768w, https:\/\/www.paubrasilmotos.com.br\/valedosaofrancisco\/wp-content\/uploads\/2025\/09\/TITAN-2026-3-345x198.jpg 345w, https:\/\/www.paubrasilmotos.com.br\/valedosaofrancisco\/wp-content\/uploads\/2025\/09\/TITAN-2026-3-700x401.jpg 700w, https:\/\/www.paubrasilmotos.com.br\/valedosaofrancisco\/wp-content\/uploads\/2025\/09\/TITAN-2026-3.jpg 1029w\" sizes=\"(max-width: 1024px) 100vw, 1024px\" \/>\t\t\t\t\t\t<span class=\"aig-gallery-hover\">\n\t\t\t\t\t\t\t\t\t\t\t\t\t<\/span>\n\t\t\t\t\t\t\t\t\t\t\t<\/a>\n\t\t\t\t\t\t\t\t\t<\/div>\n\t\t\t<\/div>\n\t\t\t\t\t\t\t\t<div class=\"qode-aig-image qode-item-space\">\n\t\t\t\t<div class=\"qode-aig-image-inner\">\n\t\t\t\t\t\t\t\t\t\t\t<a itemprop=\"image\" class=\"qode-aig-lightbox\" href=\"https:\/\/www.paubrasilmotos.com.br\/valedosaofrancisco\/wp-content\/uploads\/2025\/09\/TITAN-2026-4.jpg\" data-rel=\"prettyPhoto[image_gallery_pretty_photo-998]\" title=\"TITAN-2026-4\">\n\t\t\t\t\t\t\t\t\t\t\t<img loading=\"lazy\" decoding=\"async\" width=\"1024\" height=\"586\" src=\"https:\/\/www.paubrasilmotos.com.br\/valedosaofrancisco\/wp-content\/uploads\/2025\/09\/TITAN-2026-4-1024x586.jpg\" class=\"attachment-large size-large\" alt=\"\" srcset=\"https:\/\/www.paubrasilmotos.com.br\/valedosaofrancisco\/wp-content\/uploads\/2025\/09\/TITAN-2026-4-1024x586.jpg 1024w, https:\/\/www.paubrasilmotos.com.br\/valedosaofrancisco\/wp-content\/uploads\/2025\/09\/TITAN-2026-4-300x172.jpg 300w, https:\/\/www.paubrasilmotos.com.br\/valedosaofrancisco\/wp-content\/uploads\/2025\/09\/TITAN-2026-4-768x440.jpg 768w, https:\/\/www.paubrasilmotos.com.br\/valedosaofrancisco\/wp-content\/uploads\/2025\/09\/TITAN-2026-4-345x198.jpg 345w, https:\/\/www.paubrasilmotos.com.br\/valedosaofrancisco\/wp-content\/uploads\/2025\/09\/TITAN-2026-4-700x401.jpg 700w, https:\/\/www.paubrasilmotos.com.br\/valedosaofrancisco\/wp-content\/uploads\/2025\/09\/TITAN-2026-4.jpg 1029w\" sizes=\"(max-width: 1024px) 100vw, 1024px\" \/>\t\t\t\t\t\t<span class=\"aig-gallery-hover\">\n\t\t\t\t\t\t\t\t\t\t\t\t\t<\/span>\n\t\t\t\t\t\t\t\t\t\t\t<\/a>\n\t\t\t\t\t\t\t\t\t<\/div>\n\t\t\t<\/div>\n\t\t\t\t\t\t\t\t<div class=\"qode-aig-image qode-item-space\">\n\t\t\t\t<div class=\"qode-aig-image-inner\">\n\t\t\t\t\t\t\t\t\t\t\t<a itemprop=\"image\" class=\"qode-aig-lightbox\" href=\"https:\/\/www.paubrasilmotos.com.br\/valedosaofrancisco\/wp-content\/uploads\/2025\/09\/TITAN-2026-5.jpg\" data-rel=\"prettyPhoto[image_gallery_pretty_photo-998]\" title=\"TITAN-2026-5\">\n\t\t\t\t\t\t\t\t\t\t\t<img loading=\"lazy\" decoding=\"async\" width=\"1024\" height=\"586\" src=\"https:\/\/www.paubrasilmotos.com.br\/valedosaofrancisco\/wp-content\/uploads\/2025\/09\/TITAN-2026-5-1024x586.jpg\" class=\"attachment-large size-large\" alt=\"\" srcset=\"https:\/\/www.paubrasilmotos.com.br\/valedosaofrancisco\/wp-content\/uploads\/2025\/09\/TITAN-2026-5-1024x586.jpg 1024w, https:\/\/www.paubrasilmotos.com.br\/valedosaofrancisco\/wp-content\/uploads\/2025\/09\/TITAN-2026-5-300x172.jpg 300w, https:\/\/www.paubrasilmotos.com.br\/valedosaofrancisco\/wp-content\/uploads\/2025\/09\/TITAN-2026-5-768x440.jpg 768w, https:\/\/www.paubrasilmotos.com.br\/valedosaofrancisco\/wp-content\/uploads\/2025\/09\/TITAN-2026-5-345x198.jpg 345w, https:\/\/www.paubrasilmotos.com.br\/valedosaofrancisco\/wp-content\/uploads\/2025\/09\/TITAN-2026-5-700x401.jpg 700w, https:\/\/www.paubrasilmotos.com.br\/valedosaofrancisco\/wp-content\/uploads\/2025\/09\/TITAN-2026-5.jpg 1029w\" sizes=\"(max-width: 1024px) 100vw, 1024px\" \/>\t\t\t\t\t\t<span class=\"aig-gallery-hover\">\n\t\t\t\t\t\t\t\t\t\t\t\t\t<\/span>\n\t\t\t\t\t\t\t\t\t\t\t<\/a>\n\t\t\t\t\t\t\t\t\t<\/div>\n\t\t\t<\/div>\n\t\t\t\t\t\t\t\t<div class=\"qode-aig-image qode-item-space\">\n\t\t\t\t<div class=\"qode-aig-image-inner\">\n\t\t\t\t\t\t\t\t\t\t\t<a itemprop=\"image\" class=\"qode-aig-lightbox\" href=\"https:\/\/www.paubrasilmotos.com.br\/valedosaofrancisco\/wp-content\/uploads\/2025\/09\/TITAN-2026-6.jpg\" data-rel=\"prettyPhoto[image_gallery_pretty_photo-998]\" title=\"TITAN-2026-6\">\n\t\t\t\t\t\t\t\t\t\t\t<img loading=\"lazy\" decoding=\"async\" width=\"1024\" height=\"586\" src=\"https:\/\/www.paubrasilmotos.com.br\/valedosaofrancisco\/wp-content\/uploads\/2025\/09\/TITAN-2026-6-1024x586.jpg\" class=\"attachment-large size-large\" alt=\"\" srcset=\"https:\/\/www.paubrasilmotos.com.br\/valedosaofrancisco\/wp-content\/uploads\/2025\/09\/TITAN-2026-6-1024x586.jpg 1024w, https:\/\/www.paubrasilmotos.com.br\/valedosaofrancisco\/wp-content\/uploads\/2025\/09\/TITAN-2026-6-300x172.jpg 300w, https:\/\/www.paubrasilmotos.com.br\/valedosaofrancisco\/wp-content\/uploads\/2025\/09\/TITAN-2026-6-768x440.jpg 768w, https:\/\/www.paubrasilmotos.com.br\/valedosaofrancisco\/wp-content\/uploads\/2025\/09\/TITAN-2026-6-345x198.jpg 345w, https:\/\/www.paubrasilmotos.com.br\/valedosaofrancisco\/wp-content\/uploads\/2025\/09\/TITAN-2026-6-700x401.jpg 700w, https:\/\/www.paubrasilmotos.com.br\/valedosaofrancisco\/wp-content\/uploads\/2025\/09\/TITAN-2026-6.jpg 1029w\" sizes=\"(max-width: 1024px) 100vw, 1024px\" \/>\t\t\t\t\t\t<span class=\"aig-gallery-hover\">\n\t\t\t\t\t\t\t\t\t\t\t\t\t<\/span>\n\t\t\t\t\t\t\t\t\t\t\t<\/a>\n\t\t\t\t\t\t\t\t\t<\/div>\n\t\t\t<\/div>\n\t\t\t\t\t\t<\/div>\n<\/div>[\/vc_column][\/vc_row][vc_row css_animation=&#8221;&#8221; row_type=&#8221;row&#8221; use_row_as_full_screen_section=&#8221;no&#8221; type=&#8221;grid&#8221; angled_section=&#8221;no&#8221; text_align=&#8221;left&#8221; background_image_as_pattern=&#8221;without_pattern&#8221; css=&#8221;.vc_custom_1563462258110{padding-top: 100px !important;}&#8221; z_index=&#8221;&#8221;][vc_column width=&#8221;1\/3&#8243; offset=&#8221;vc_col-lg-offset-0 vc_col-lg-4 vc_col-md-offset-0 vc_col-md-4 vc_col-sm-offset-1&#8243;]<div class='q_icon_with_title tiny normal_icon center qode_iwt_hover_enabled '><div class=\"icon_holder \" style=\" \"><span data-icon-type=\"normal\" class=\"qode_iwt_icon_holder q_font_awsome_icon fa-lg  \"><i class=\"qode_icon_font_awesome fa  qode_iwt_icon_element\"><\/i><\/span><\/div><div class=\"icon_text_holder\" style=\"\"><div class=\"icon_text_inner\" style=\"\"><h2 class=\"icon_title\" style=\"font-weight: 400;\">3 anos de garantia<\/h2><div class=\"separator small left\" style=\"height: 2px;width: 20px;margin-bottom: 15px;\"><\/div><p style='color: #0a0a0a'>Garantia Honda de 3 anos + \u00d3leo Genu\u00edno Honda gr\u00e1tis* em 7 revis\u00f5es. * O fornecimento gratuito do \u00f3leo \u00e9 v\u00e1lido a partir da 3\u00aa revis\u00e3o<\/p><\/div><\/div><\/div>[vc_empty_space height=&#8221;48px&#8221;][\/vc_column][vc_column width=&#8221;1\/3&#8243; offset=&#8221;vc_col-lg-offset-0 vc_col-lg-4 vc_col-md-offset-0 vc_col-md-4 vc_col-sm-offset-1&#8243;]<div class='q_icon_with_title tiny normal_icon center qode_iwt_hover_enabled '><div class=\"icon_holder \" style=\" \"><span data-icon-type=\"normal\" class=\"qode_iwt_icon_holder q_font_awsome_icon fa-lg  \"><i class=\"qode_icon_font_awesome fa  qode_iwt_icon_element\"><\/i><\/span><\/div><div class=\"icon_text_holder\" style=\"\"><div class=\"icon_text_inner\" style=\"\"><h2 class=\"icon_title\" style=\"font-weight: 400;\">Motor de 160 cc<\/h2><div class=\"separator small left\" style=\"height: 2px;width: 20px;margin-bottom: 15px;\"><\/div><p style='color: #0a0a0a'>Pot\u00eancia e economia do motor de 160cc<\/p><\/div><\/div><\/div>[vc_empty_space height=&#8221;48px&#8221;][\/vc_column][vc_column width=&#8221;1\/3&#8243; offset=&#8221;vc_col-lg-offset-0 vc_col-lg-4 vc_col-md-offset-0 vc_col-md-4 vc_col-sm-offset-1&#8243;]<div class='q_icon_with_title tiny normal_icon center qode_iwt_hover_enabled '><div class=\"icon_holder \" style=\" \"><span data-icon-type=\"normal\" class=\"qode_iwt_icon_holder q_font_awsome_icon fa-lg  \"><i class=\"qode_icon_font_awesome fa  qode_iwt_icon_element\"><\/i><\/span><\/div><div class=\"icon_text_holder\" style=\"\"><div class=\"icon_text_inner\" style=\"\"><h2 class=\"icon_title\" style=\"font-weight: 400;\">Freios CBS<\/h2><div class=\"separator small left\" style=\"height: 2px;width: 20px;margin-bottom: 15px;\"><\/div><p style='color: #0a0a0a'>Com o sistema CBS (Combined Brake System), ao pisar no freio traseiro, o dianteiro \u00e9 acionado simultaneamente.<\/p><\/div><\/div><\/div>[vc_empty_space height=&#8221;48px&#8221;][\/vc_column][\/vc_row]<\/p>\n<\/div>","protected":false},"excerpt":{"rendered":"<p>[vc_row css_animation=&#8221;&#8221; row_type=&#8221;row&#8221; use_row_as_full_screen_section=&#8221;no&#8221; type=&#8221;grid&#8221; angled_section=&#8221;no&#8221; text_align=&#8221;left&#8221; background_image_as_pattern=&#8221;without_pattern&#8221; css=&#8221;.vc_custom_1562769455597{background-color: #ffffff !important;}&#8221; z_index=&#8221;&#8221;][vc_column width=&#8221;1\/2&#8243;][vc_single_image image=&#8221;2014&#8243; img_size=&#8221;600&#215;380&#8243; css=&#8221;&#8221; qode_css_animation=&#8221;&#8221;][vc_zigzag css=&#8221;.vc_custom_1562769673606{padding-top: 20px !important;padding-bottom: 20px !important;}&#8221;][vc_empty_space][qode_elements_holder number_of_columns=&#8221;one_column&#8221;][qode_elements_holder_item vertical_alignment=&#8221;middle&#8221; horizontal_alignment=&#8221;center&#8221; advanced_animations=&#8221;no&#8221;][\/qode_elements_holder_item][\/qode_elements_holder][\/vc_column][vc_column width=&#8221;1\/2&#8243;][\/vc_column][\/vc_row][vc_row css_animation=&#8221;&#8221; row_type=&#8221;row&#8221; use_row_as_full_screen_section=&#8221;no&#8221; type=&#8221;full_width&#8221; angled_section=&#8221;no&#8221; text_align=&#8221;left&#8221; background_image_as_pattern=&#8221;without_pattern&#8221; z_index=&#8221;&#8221; css=&#8221;.vc_custom_1562770796079{background-color: #f4f4f4 !important;}&#8221;][vc_column][vc_empty_space][vc_text_separator title=&#8221;Galeria de Fotos&#8221; border=&#8221;no&#8221; title_color=&#8221;#0a0a0a&#8221; background_color=&#8221;#f4f4f4&#8243;][vc_empty_space height=&#8221;12px&#8221;][\/vc_column][\/vc_row][vc_row&#8230;<\/p>\n","protected":false},"author":1,"featured_media":2014,"parent":0,"menu_order":0,"comment_status":"closed","ping_status":"closed","template":"full_width.php","meta":{"footnotes":""},"class_list":["post-548","page","type-page","status-publish","has-post-thumbnail","hentry"],"jetpack_sharing_enabled":true,"_links":{"self":[{"href":"https:\/\/www.paubrasilmotos.com.br\/valedosaofrancisco\/wp-json\/wp\/v2\/pages\/548","targetHints":{"allow":["GET"]}}],"collection":[{"href":"https:\/\/www.paubrasilmotos.com.br\/valedosaofrancisco\/wp-json\/wp\/v2\/pages"}],"about":[{"href":"https:\/\/www.paubrasilmotos.com.br\/valedosaofrancisco\/wp-json\/wp\/v2\/types\/page"}],"author":[{"embeddable":true,"href":"https:\/\/www.paubrasilmotos.com.br\/valedosaofrancisco\/wp-json\/wp\/v2\/users\/1"}],"replies":[{"embeddable":true,"href":"https:\/\/www.paubrasilmotos.com.br\/valedosaofrancisco\/wp-json\/wp\/v2\/comments?post=548"}],"version-history":[{"count":0,"href":"https:\/\/www.paubrasilmotos.com.br\/valedosaofrancisco\/wp-json\/wp\/v2\/pages\/548\/revisions"}],"wp:featuredmedia":[{"embeddable":true,"href":"https:\/\/www.paubrasilmotos.com.br\/valedosaofrancisco\/wp-json\/wp\/v2\/media\/2014"}],"wp:attachment":[{"href":"https:\/\/www.paubrasilmotos.com.br\/valedosaofrancisco\/wp-json\/wp\/v2\/media?parent=548"}],"curies":[{"name":"wp","href":"https:\/\/api.w.org\/{rel}","templated":true}]}}