{"id":472,"date":"2019-07-18T11:36:14","date_gmt":"2019-07-18T14:36:14","guid":{"rendered":"http:\/\/www.nativacomunicacao.com.br\/especiais\/paubrasilmotosV2\/?page_id=472"},"modified":"2025-02-04T10:07:56","modified_gmt":"2025-02-04T13:07:56","slug":"pos-venda","status":"publish","type":"page","link":"https:\/\/www.paubrasilmotos.com.br\/valedosaofrancisco\/pos-venda\/","title":{"rendered":"P\u00f3s-venda Pau Brasil Motos"},"content":{"rendered":"<div class=\"wpb-content-wrapper\"><p>[vc_row css_animation=&#8221;&#8221; row_type=&#8221;row&#8221; use_row_as_full_screen_section=&#8221;no&#8221; type=&#8221;grid&#8221; angled_section=&#8221;no&#8221; text_align=&#8221;center&#8221; background_image_as_pattern=&#8221;without_pattern&#8221; css=&#8221;.vc_custom_1478184314765{padding-top: 100px !important;padding-bottom: 34px !important;}&#8221;][vc_column offset=&#8221;vc_col-lg-6 vc_col-md-6&#8243;][vc_empty_space height=&#8221;5px&#8221;][vc_column_text]<\/p>\n<div id=\"container-informacoes-paginas\">\n<div id=\"container-fixo2\">\n<div id=\"caixa-texto\">\n<p style=\"text-align: justify;\">Refer\u00eancia no Nordeste na distribui\u00e7\u00e3o das Motos Honda a Pau Brasil oferece o que h\u00e1 de melhor no P\u00f3s-venda, o que garante a plena satisfa\u00e7\u00e3o do cliente ap\u00f3s a aquisi\u00e7\u00e3o da sua motocicleta.<\/p>\n<p>&nbsp;<\/p>\n<p style=\"text-align: justify;\">A excel\u00eancia no atendimento \u00e9 prioridade para a Pau Brasil, que oferece toda assist\u00eancia necess\u00e1ria para a garantia da sua satisfa\u00e7\u00e3o.<\/p>\n<p>&nbsp;<\/p>\n<p style=\"text-align: justify;\">A partir da aquisi\u00e7\u00e3o, com a entrega de um produto completamente revisado na linha de montagem, a Pau Brasil garante revis\u00f5es peri\u00f3dicas com agendamentos que vai garantir qualidade, seguran\u00e7a e maior durabilidade da sua motocicleta.<\/p>\n<p>&nbsp;<\/p>\n<p style=\"text-align: justify;\">Com mec\u00e2nicos treinados pela f\u00e1brica e pe\u00e7as originais, a Pau Brasil Motos ganhou o status de concession\u00e1ria de excel\u00eancia, acumulando pr\u00eamios e o reconhecimento e a confian\u00e7a dos consumidores.<\/p>\n<p>&nbsp;<\/p>\n<p style=\"text-align: justify;\">A Pau Brasil Motos se orgulha de ser um dos maiores distribuidores de pe\u00e7as originais do Nordeste do Brasil, o que garante uma pol\u00edtica de pre\u00e7os compat\u00edveis e rapidez no atendimento.<\/p>\n<p>&nbsp;<\/p>\n<p style=\"text-align: justify;\"><strong>Nossa miss\u00e3o \u00e9 garantir sua plena satisfa\u00e7\u00e3o.<\/strong><\/p>\n<\/div>\n<\/div>\n<\/div>\n<p>[\/vc_column_text][vc_empty_space height=&#8221;115px&#8221;][\/vc_column][vc_column offset=&#8221;vc_col-lg-6 vc_col-md-6&#8243;][vc_single_image image=&#8221;1632&#8243; img_size=&#8221;full&#8221; alignment=&#8221;center&#8221; qode_css_animation=&#8221;&#8221;][\/vc_column][\/vc_row][vc_row css_animation=&#8221;&#8221; row_type=&#8221;row&#8221; use_row_as_full_screen_section=&#8221;no&#8221; type=&#8221;full_width&#8221; angled_section=&#8221;no&#8221; text_align=&#8221;center&#8221; background_image_as_pattern=&#8221;without_pattern&#8221; css=&#8221;.vc_custom_1700745485598{background-image: url(https:\/\/www.paubrasilmotos.com.br\/valedosaofrancisco\/wp-content\/uploads\/2019\/07\/destaque_revisao.jpg?id=474) !important;}&#8221; z_index=&#8221;&#8221;][vc_column css=&#8221;.vc_custom_1478185213207{padding-top: 90px !important;padding-bottom: 45px !important;}&#8221;][vc_column_text]<\/p>\n<h2><span style=\"color: #ffffff;\">Fa\u00e7a sua revis\u00e3o com a Pau Brasil Motos<\/span><\/h2>\n<p>[\/vc_column_text][vc_empty_space height=&#8221;15px&#8221;][vc_column_text]<\/p>\n<h6><span style=\"color: #ffffff;\">Garanta toda a qualidade do P\u00f3s-Venda da Honda.<\/span><\/h6>\n<p>[\/vc_column_text][vc_empty_space height=&#8221;15px&#8221;][qode_elements_holder number_of_columns=&#8221;one_column&#8221;][qode_elements_holder_item vertical_alignment=&#8221;middle&#8221; horizontal_alignment=&#8221;center&#8221; advanced_animations=&#8221;no&#8221;]\n\t<div class=\"qode-3d-button-holder\">\n\n\t<a href=\"https:\/\/www.paubrasilmotos.com.br\/valedosaofrancisco\/agendamento-digital-honda\/\" target=\"_blank\" style=\"color: #ffffff;background-color: #c20e1a;font-size: 16px;font-weight: 400;text-transform: uppercase;font-style: normal;margin: 0px 10px 0px 0px\" class=\"qode-btn qode-btn-medium qode-btn-solid qode-btn-custom-hover-bg qode-btn-custom-hover-color qode-btn-icon qode-btn-3d-hover\" data-hover-bg-color=\"#9d0c16\" data-hover-color=\"#ffffff\" >\n\t    <span class=\"qode-btn-text\">Agendar agora<\/span><span class=\"qode-button-v2-icon-holder\"  ><i class=\"qode_icon_font_awesome fa fa-calendar qode-button-v2-icon-holder-inner\" ><\/i><\/span>\t<\/a>\n\n\t\t<a href=\"https:\/\/www.paubrasilmotos.com.br\/valedosaofrancisco\/agendamento-digital-honda\/\" target=\"_blank\" style=\"color: #ffffff;background-color: #c20e1a;font-size: 16px;font-weight: 400;text-transform: uppercase;font-style: normal;margin: 0px 10px 0px 0px\" class=\"qode-btn qode-btn-medium qode-btn-solid qode-btn-custom-hover-bg qode-btn-custom-hover-color qode-btn-icon qode-btn-3d-hover\" data-hover-bg-color=\"#9d0c16\" data-hover-color=\"#ffffff\" >\n\t\t    <span class=\"qode-btn-text\">Agendar agora<\/span><span class=\"qode-button-v2-icon-holder\"  ><i class=\"qode_icon_font_awesome fa fa-calendar qode-button-v2-icon-holder-inner\" ><\/i><\/span>\t\t<\/a>\n\t<\/div>\n\n\t<div class=\"qode-3d-button-holder\">\n\n\t<a href=\"https:\/\/www.paubrasilmotos.com.br\/valedosaofrancisco\/duvidas-frequentes\/\" target=\"_blank\" style=\"color: #ffffff;background-color: #c20e1a;font-size: 16px;font-weight: 400;text-transform: uppercase;font-style: normal;margin: 0px 0px 0px 10px\" class=\"qode-btn qode-btn-medium qode-btn-solid qode-btn-custom-hover-bg qode-btn-custom-hover-color qode-btn-icon qode-btn-3d-hover\" data-hover-bg-color=\"#9d0c16\" data-hover-color=\"#ffffff\" >\n\t    <span class=\"qode-btn-text\">D\u00favidas Frequentes<\/span><span class=\"qode-button-v2-icon-holder\"  ><i class=\"qode_icon_font_awesome fa fa-info qode-button-v2-icon-holder-inner\" ><\/i><\/span>\t<\/a>\n\n\t\t<a href=\"https:\/\/www.paubrasilmotos.com.br\/valedosaofrancisco\/duvidas-frequentes\/\" target=\"_blank\" style=\"color: #ffffff;background-color: #c20e1a;font-size: 16px;font-weight: 400;text-transform: uppercase;font-style: normal;margin: 0px 0px 0px 10px\" class=\"qode-btn qode-btn-medium qode-btn-solid qode-btn-custom-hover-bg qode-btn-custom-hover-color qode-btn-icon qode-btn-3d-hover\" data-hover-bg-color=\"#9d0c16\" data-hover-color=\"#ffffff\" >\n\t\t    <span class=\"qode-btn-text\">D\u00favidas Frequentes<\/span><span class=\"qode-button-v2-icon-holder\"  ><i class=\"qode_icon_font_awesome fa fa-info qode-button-v2-icon-holder-inner\" ><\/i><\/span>\t\t<\/a>\n\t<\/div>\n\n\t<div class=\"qode-3d-button-holder\">\n\n\t<a href=\"https:\/\/www.honda.com.br\/recall\" target=\"_blank\" style=\"color: #ffffff;background-color: #c20e1a;font-size: 16px;font-weight: 400;text-transform: uppercase;font-style: normal;margin: 0px 0px 0px 10px\" class=\"qode-btn qode-btn-medium qode-btn-solid qode-btn-custom-hover-bg qode-btn-custom-hover-color qode-btn-icon qode-btn-3d-hover\" data-hover-bg-color=\"#9d0c16\" data-hover-color=\"#ffffff\" >\n\t    <span class=\"qode-btn-text\">Recall<\/span><span class=\"qode-button-v2-icon-holder\"  ><i class=\"qode_icon_font_awesome fa fa-info qode-button-v2-icon-holder-inner\" ><\/i><\/span>\t<\/a>\n\n\t\t<a href=\"https:\/\/www.honda.com.br\/recall\" target=\"_blank\" style=\"color: #ffffff;background-color: #c20e1a;font-size: 16px;font-weight: 400;text-transform: uppercase;font-style: normal;margin: 0px 0px 0px 10px\" class=\"qode-btn qode-btn-medium qode-btn-solid qode-btn-custom-hover-bg qode-btn-custom-hover-color qode-btn-icon qode-btn-3d-hover\" data-hover-bg-color=\"#9d0c16\" data-hover-color=\"#ffffff\" >\n\t\t    <span class=\"qode-btn-text\">Recall<\/span><span class=\"qode-button-v2-icon-holder\"  ><i class=\"qode_icon_font_awesome fa fa-info qode-button-v2-icon-holder-inner\" ><\/i><\/span>\t\t<\/a>\n\t<\/div>\n[\/qode_elements_holder_item][\/qode_elements_holder][\/vc_column][\/vc_row][vc_row css_animation=&#8221;&#8221; row_type=&#8221;row&#8221; use_row_as_full_screen_section=&#8221;no&#8221; type=&#8221;grid&#8221; angled_section=&#8221;no&#8221; text_align=&#8221;center&#8221; background_image_as_pattern=&#8221;without_pattern&#8221; z_index=&#8221;&#8221; css=&#8221;.vc_custom_1606223912313{background-color: #ffffff !important;}&#8221;][vc_column css=&#8221;.vc_custom_1478185213207{padding-top: 90px !important;padding-bottom: 45px !important;}&#8221;][vc_column_text]<\/p>\n<h2><span style=\"color: #ff0000;\">Vantagens das revis\u00f5es peri\u00f3dicas<\/span><\/h2>\n<p>[\/vc_column_text][vc_empty_space height=&#8221;100px&#8221;]<div class=\"clearfix qode-item-showcase\"><div class=\"qode-item-image\" style=\"margin-top:-30px;\"><img decoding=\"async\" class=\"qode-lazy-image\" src=\"#\" alt=\"item showcase image\" data-image=\"https:\/\/www.paubrasilmotos.com.br\/valedosaofrancisco\/wp-content\/uploads\/2020\/11\/vantagem-revisaoHonda.jpg\" data-lazy=\"true\" \/><\/div><div class=\"qode-item qode-item-left\">\n\t\t<div class=\"qode-item-content\">\n\t\t\t\t<div class=\"qode-showcase-title-holder\">\n\t\t\t\t\t\t\t<h4 class=\"qode-showcase-title\">Assegurar a garantia de 3 anos oferecida pela Honda<\/h4>\n\t\t\t\t\t<\/div>\n\t\t\t<\/div>\n\t\t\t<div class=\"qode-item-icon\">\n\t\t\t\t\t\t<i class=\" fa\" style=\"color:;background-color:\"><\/i>\t\t\t\t\t<\/div>\n\t<\/div><div class=\"qode-item qode-item-left\">\n\t\t<div class=\"qode-item-content\">\n\t\t\t\t<div class=\"qode-showcase-title-holder\">\n\t\t\t\t\t\t\t<h4 class=\"qode-showcase-title\">Maior economia de combust\u00edvel<\/h4>\n\t\t\t\t\t<\/div>\n\t\t\t<\/div>\n\t\t\t<div class=\"qode-item-icon\">\n\t\t\t\t\t\t<i class=\" fa\" style=\"color:;background-color:\"><\/i>\t\t\t\t\t<\/div>\n\t<\/div><div class=\"qode-item qode-item-left\">\n\t\t<div class=\"qode-item-content\">\n\t\t\t\t<div class=\"qode-showcase-title-holder\">\n\t\t\t\t\t\t\t<h4 class=\"qode-showcase-title\">Maior valor de revenda<\/h4>\n\t\t\t\t\t<\/div>\n\t\t\t<\/div>\n\t\t\t<div class=\"qode-item-icon\">\n\t\t\t\t\t\t<i class=\" fa\" style=\"color:;background-color:\"><\/i>\t\t\t\t\t<\/div>\n\t<\/div><div class=\"qode-item qode-item-left\">\n\t\t<div class=\"qode-item-content\">\n\t\t\t\t<div class=\"qode-showcase-title-holder\">\n\t\t\t\t\t\t\t<h4 class=\"qode-showcase-title\">Alto desempenho<\/h4>\n\t\t\t\t\t<\/div>\n\t\t\t<\/div>\n\t\t\t<div class=\"qode-item-icon\">\n\t\t\t\t\t\t<i class=\" fa\" style=\"color:;background-color:\"><\/i>\t\t\t\t\t<\/div>\n\t<\/div><div class=\"qode-item qode-item-left\">\n\t\t<div class=\"qode-item-content\">\n\t\t\t\t<div class=\"qode-showcase-title-holder\">\n\t\t\t\t\t\t\t<h4 class=\"qode-showcase-title\">Maior vida \u00fatil da motocicleta<\/h4>\n\t\t\t\t\t<\/div>\n\t\t\t<\/div>\n\t\t\t<div class=\"qode-item-icon\">\n\t\t\t\t\t\t<i class=\" fa\" style=\"color:;background-color:\"><\/i>\t\t\t\t\t<\/div>\n\t<\/div><div class=\"qode-item qode-item-left\">\n\t\t<div class=\"qode-item-content\">\n\t\t\t\t<div class=\"qode-showcase-title-holder\">\n\t\t\t\t\t\t\t<h4 class=\"qode-showcase-title\">Manter o n\u00edvel de seguran\u00e7a m\u00e1ximo da moto<\/h4>\n\t\t\t\t\t<\/div>\n\t\t\t<\/div>\n\t\t\t<div class=\"qode-item-icon\">\n\t\t\t\t\t\t<i class=\" fa\" style=\"color:;background-color:\"><\/i>\t\t\t\t\t<\/div>\n\t<\/div><\/div>[\/vc_column][\/vc_row][vc_row css_animation=&#8221;&#8221; row_type=&#8221;row&#8221; use_row_as_full_screen_section=&#8221;no&#8221; type=&#8221;grid&#8221; angled_section=&#8221;no&#8221; text_align=&#8221;left&#8221; background_image_as_pattern=&#8221;without_pattern&#8221; z_index=&#8221;&#8221;][vc_column width=&#8221;1\/3&#8243;]<div class='q_icon_with_title tiny normal_icon center qode_iwt_hover_enabled '><div class=\"icon_holder \" style=\" \"><a href=\"https:\/\/www.honda.com.br\/pos-venda\/motos\/manual-e-guia\" target=\"_blank\" class=\"q_icon_link\"><span data-icon-type=\"normal\" class=\"qode_iwt_icon_holder q_font_awsome_icon fa-lg  \"><i class=\"qode_icon_font_awesome fa  qode_iwt_icon_element\"><\/i><\/span><\/a><\/div><div class=\"icon_text_holder\" style=\"\"><div class=\"icon_text_inner\" style=\"\"><h3 class=\"icon_title\" style=\"color: #e90900;\">MANUAIS<\/h3><div class=\"separator small left\" style=\"height: 2px;width: 20px;margin-bottom: 15px;\"><\/div><p style='color: #0a0a0a'>Visualize ou fa\u00e7a o download do manual do propriet\u00e1rio<\/p><a itemprop='url' class='icon_with_title_link' href='https:\/\/www.honda.com.br\/pos-venda\/motos\/manual-e-guia' target='_blank' style='color: #e90900;'>Clique aqui<\/a><\/div><\/div><\/div>[\/vc_column][vc_column width=&#8221;1\/3&#8243;]<div class='q_icon_with_title tiny normal_icon center qode_iwt_hover_enabled '><div class=\"icon_holder \" style=\" \"><a href=\"https:\/\/www.honda.com.br\/pos-venda\/motos\/guia-tecnico\" target=\"_blank\" class=\"q_icon_link\"><span data-icon-type=\"normal\" class=\"qode_iwt_icon_holder q_font_awsome_icon fa-lg  \"><i class=\"qode_icon_font_awesome fa  qode_iwt_icon_element\"><\/i><\/span><\/a><\/div><div class=\"icon_text_holder\" style=\"\"><div class=\"icon_text_inner\" style=\"\"><h3 class=\"icon_title\" style=\"color: #e90900;\">GUIA T\u00c9CNICO ILUSTRADO<\/h3><div class=\"separator small left\" style=\"height: 2px;width: 20px;margin-bottom: 15px;\"><\/div><p style='color: #0a0a0a'>Entenda como funciona a sua Honda<\/p><a itemprop='url' class='icon_with_title_link' href='https:\/\/www.honda.com.br\/pos-venda\/motos\/guia-tecnico' target='_blank' style='color: #e90900;'>Clique aqui<\/a><\/div><\/div><\/div>[\/vc_column][vc_column width=&#8221;1\/3&#8243;]<div class='q_icon_with_title tiny normal_icon center qode_iwt_hover_enabled '><div class=\"icon_holder \" style=\" \"><a href=\"https:\/\/www.honda.com.br\/pos-venda\/motos\/garantia-honda\" target=\"_blank\" class=\"q_icon_link\"><span data-icon-type=\"normal\" class=\"qode_iwt_icon_holder q_font_awsome_icon fa-lg  \"><i class=\"qode_icon_font_awesome fa  qode_iwt_icon_element\"><\/i><\/span><\/a><\/div><div class=\"icon_text_holder\" style=\"\"><div class=\"icon_text_inner\" style=\"\"><h3 class=\"icon_title\" style=\"color: #e90900;\">GARANTIA HONDA<\/h3><div class=\"separator small left\" style=\"height: 2px;width: 20px;margin-bottom: 15px;\"><\/div><p style='color: #0a0a0a'>Sua moto segura por 3 anos<\/p><a itemprop='url' class='icon_with_title_link' href='https:\/\/www.honda.com.br\/pos-venda\/motos\/garantia-honda' target='_blank' style='color: #e90900;'>Clique aqui<\/a><\/div><\/div><\/div>[\/vc_column][\/vc_row]<\/p>\n<\/div>","protected":false},"excerpt":{"rendered":"<p>[vc_row css_animation=&#8221;&#8221; row_type=&#8221;row&#8221; use_row_as_full_screen_section=&#8221;no&#8221; type=&#8221;grid&#8221; angled_section=&#8221;no&#8221; text_align=&#8221;center&#8221; background_image_as_pattern=&#8221;without_pattern&#8221; css=&#8221;.vc_custom_1478184314765{padding-top: 100px !important;padding-bottom: 34px !important;}&#8221;][vc_column offset=&#8221;vc_col-lg-6 vc_col-md-6&#8243;][vc_empty_space height=&#8221;5px&#8221;][vc_column_text] Refer\u00eancia no Nordeste na distribui\u00e7\u00e3o das Motos Honda a Pau Brasil oferece o que h\u00e1 de melhor no P\u00f3s-venda, o que garante a plena satisfa\u00e7\u00e3o do cliente ap\u00f3s a&#8230;<\/p>\n","protected":false},"author":1,"featured_media":0,"parent":0,"menu_order":0,"comment_status":"closed","ping_status":"closed","template":"full_width.php","meta":{"footnotes":""},"class_list":["post-472","page","type-page","status-publish","hentry"],"jetpack_sharing_enabled":true,"_links":{"self":[{"href":"https:\/\/www.paubrasilmotos.com.br\/valedosaofrancisco\/wp-json\/wp\/v2\/pages\/472","targetHints":{"allow":["GET"]}}],"collection":[{"href":"https:\/\/www.paubrasilmotos.com.br\/valedosaofrancisco\/wp-json\/wp\/v2\/pages"}],"about":[{"href":"https:\/\/www.paubrasilmotos.com.br\/valedosaofrancisco\/wp-json\/wp\/v2\/types\/page"}],"author":[{"embeddable":true,"href":"https:\/\/www.paubrasilmotos.com.br\/valedosaofrancisco\/wp-json\/wp\/v2\/users\/1"}],"replies":[{"embeddable":true,"href":"https:\/\/www.paubrasilmotos.com.br\/valedosaofrancisco\/wp-json\/wp\/v2\/comments?post=472"}],"version-history":[{"count":0,"href":"https:\/\/www.paubrasilmotos.com.br\/valedosaofrancisco\/wp-json\/wp\/v2\/pages\/472\/revisions"}],"wp:attachment":[{"href":"https:\/\/www.paubrasilmotos.com.br\/valedosaofrancisco\/wp-json\/wp\/v2\/media?parent=472"}],"curies":[{"name":"wp","href":"https:\/\/api.w.org\/{rel}","templated":true}]}}