{"id":2176,"date":"2026-03-09T15:16:57","date_gmt":"2026-03-09T18:16:57","guid":{"rendered":"https:\/\/www.paubrasilmotos.com.br\/valedosaofrancisco\/?page_id=2176"},"modified":"2026-03-09T15:27:36","modified_gmt":"2026-03-09T18:27:36","slug":"tornado-special-edition","status":"publish","type":"page","link":"https:\/\/www.paubrasilmotos.com.br\/valedosaofrancisco\/tornado-special-edition\/","title":{"rendered":"Tornado Special Edition"},"content":{"rendered":"<div class=\"wpb-content-wrapper\"><p>[vc_row css_animation=&#8221;&#8221; row_type=&#8221;row&#8221; use_row_as_full_screen_section=&#8221;no&#8221; type=&#8221;grid&#8221; angled_section=&#8221;no&#8221; text_align=&#8221;left&#8221; background_image_as_pattern=&#8221;without_pattern&#8221; css=&#8221;.vc_custom_1562769455597{background-color: #ffffff !important;}&#8221; z_index=&#8221;&#8221;][vc_column width=&#8221;1\/2&#8243;][vc_single_image image=&#8221;2177&#8243; img_size=&#8221;600&#215;380&#8243; css=&#8221;&#8221; qode_css_animation=&#8221;&#8221;][vc_zigzag css=&#8221;.vc_custom_1562769673606{padding-top: 20px !important;padding-bottom: 20px !important;}&#8221;][vc_empty_space][qode_elements_holder number_of_columns=&#8221;one_column&#8221;][qode_elements_holder_item vertical_alignment=&#8221;middle&#8221; horizontal_alignment=&#8221;center&#8221; advanced_animations=&#8221;no&#8221;]\n\t<div class=\"qode-3d-button-holder\">\n\n\t<a href=\"https:\/\/www.paubrasilmotos.com.br\/valedosaofrancisco\/tenho-interesse\/\" target=\"_blank\" style=\"color: #ffffff;background-color: #c20e1a;font-size: 20px;font-weight: 700\" class=\"qode-btn qode-btn-medium qode-btn-solid qode-btn-custom-hover-bg qode-btn-custom-hover-color qode-btn-3d-hover\" data-hover-bg-color=\"#ac0f19\" data-hover-color=\"#ffffff\" >\n\t    <span class=\"qode-btn-text\">Tenho Interesse<\/span>\t<\/a>\n\n\t\t<a href=\"https:\/\/www.paubrasilmotos.com.br\/valedosaofrancisco\/tenho-interesse\/\" target=\"_blank\" style=\"color: #ffffff;background-color: #c20e1a;font-size: 20px;font-weight: 700\" class=\"qode-btn qode-btn-medium qode-btn-solid qode-btn-custom-hover-bg qode-btn-custom-hover-color qode-btn-3d-hover\" data-hover-bg-color=\"#ac0f19\" data-hover-color=\"#ffffff\" >\n\t\t    <span class=\"qode-btn-text\">Tenho Interesse<\/span>\t\t<\/a>\n\t<\/div>\n\n\t<div class=\"qode-3d-button-holder\">\n\n\t<a href=\"https:\/\/www.paubrasilmotos.com.br\/formularioMyHonda\/?IdEstado=0&#038;IdModelo=24&#038;IdTipoVenda=6\" target=\"_blank\" style=\"color: #ffffff;background-color: #c20e1a;font-size: 20px;font-weight: 700\" class=\"qode-btn qode-btn-medium qode-btn-solid qode-btn-custom-hover-bg qode-btn-custom-hover-color qode-btn-3d-hover\" data-hover-bg-color=\"#ac0f19\" data-hover-color=\"#ffffff\" >\n\t    <span class=\"qode-btn-text\">Agende Test Ride<\/span>\t<\/a>\n\n\t\t<a href=\"https:\/\/www.paubrasilmotos.com.br\/formularioMyHonda\/?IdEstado=0&#038;IdModelo=24&#038;IdTipoVenda=6\" target=\"_blank\" style=\"color: #ffffff;background-color: #c20e1a;font-size: 20px;font-weight: 700\" class=\"qode-btn qode-btn-medium qode-btn-solid qode-btn-custom-hover-bg qode-btn-custom-hover-color qode-btn-3d-hover\" data-hover-bg-color=\"#ac0f19\" data-hover-color=\"#ffffff\" >\n\t\t    <span class=\"qode-btn-text\">Agende Test Ride<\/span>\t\t<\/a>\n\t<\/div>\n\n\t<div class=\"qode-3d-button-holder\">\n\n\t<a href=\"https:\/\/api.whatsapp.com\/send?phone=551938647080&#038;text=Ol%C3%A1!%20Tenho%20interesse%20neste%20produto.%20%23chave%3A%20a324M000009g7G6QAI\" target=\"_blank\" style=\"color: #ffffff;background-color: #c20e1a;font-size: 20px;font-weight: 700\" class=\"qode-btn qode-btn-medium qode-btn-solid qode-btn-custom-hover-bg qode-btn-custom-hover-color qode-btn-icon qode-btn-3d-hover\" data-hover-bg-color=\"#ac0f19\" data-hover-color=\"#ffffff\" >\n\t    <span class=\"qode-btn-text\">Whatsapp<\/span><span class=\"qode-button-v2-icon-holder\"  ><i class=\"qode_icon_font_awesome fa fa-whatsapp qode-button-v2-icon-holder-inner\" ><\/i><\/span>\t<\/a>\n\n\t\t<a href=\"https:\/\/api.whatsapp.com\/send?phone=551938647080&#038;text=Ol%C3%A1!%20Tenho%20interesse%20neste%20produto.%20%23chave%3A%20a324M000009g7G6QAI\" target=\"_blank\" style=\"color: #ffffff;background-color: #c20e1a;font-size: 20px;font-weight: 700\" class=\"qode-btn qode-btn-medium qode-btn-solid qode-btn-custom-hover-bg qode-btn-custom-hover-color qode-btn-icon qode-btn-3d-hover\" data-hover-bg-color=\"#ac0f19\" data-hover-color=\"#ffffff\" >\n\t\t    <span class=\"qode-btn-text\">Whatsapp<\/span><span class=\"qode-button-v2-icon-holder\"  ><i class=\"qode_icon_font_awesome fa fa-whatsapp qode-button-v2-icon-holder-inner\" ><\/i><\/span>\t\t<\/a>\n\t<\/div>\n[\/qode_elements_holder_item][\/qode_elements_holder][\/vc_column][vc_column width=&#8221;1\/2&#8243;]<div class=\"qode-advanced-tabs qode-advanced-tabs qode-advanced-horizontal-tab clearfix qode-advanced-tab-without-icon qode-advanced-tabs-column-1 clearfix\">\n\t<ul class=\"qode-advanced-tabs-nav\">\n\t\t\t\t\t<li>\n\t\t\t\t<h3>\n\t\t\t\t\t<a href=\"#tab-caracteristicas\">\n\t\t\t\t\t\t\n\t\t\t\t\t\t\t\t\t\t\t\t\t<span class=\"qode-advanced-tab-text-after-icon\">\n\t\t\t\t\t\t\t\tCaracteristicas\t\t\t\t\t\t\t<\/span>\n\t\t\t\t\t\t\t\t\t\t\t<\/a>\n\t\t\t\t<\/h3>\n\t\t\t<\/li>\n\t\t\t<\/ul>\n\t<div class=\"qode-advanced-tab-container\" id=\"tab-caracteristicas-251\" data-icon-pack=\"\" data-icon-html=\"\">[vc_column_text]<\/p>\n<h3>Design<\/h3>\n<p>[\/vc_column_text][vc_empty_space height=&#8221;15px&#8221;][vc_column_text css=&#8221;&#8221;]<\/p>\n<h4 class=\"ttl_feature\">Novo Design<\/h4>\n<p class=\"text\" style=\"text-align: justify;\">Inspirada nas motos de competi\u00e7\u00e3o, a\u00a0<b>Honda XR300L Tornado Special Edition<\/b>\u00a0chegou com um visual robusto e motor de 300 cm\u00b3, oferecendo ao piloto liberdade total em qualquer tipo de terreno. Agora com grafismos exclusivos que traduzem o verdadeiro esp\u00edrito competitivo, essa m\u00e1quina refor\u00e7a o DNA aventureiro das motos Honda por onde passa.<\/p>\n<h4 class=\"ttl_feature\">Conforto<\/h4>\n<p>Com pedaleiras do piloto erguidas e assento de 890 mm de altura, a\u00a0<b>Honda XR300L Tornado<\/b>\u00a0tem a comodidade necess\u00e1ria para evitar contato com obst\u00e1culos no Off Road.<\/p>\n<h4 class=\"ttl_feature\">Estilo<\/h4>\n<p>A\u00a0<b>Honda Tornado Special Edition<\/b>\u00a0chegou como um verdadeiro fen\u00f4meno da natureza. Com visual esportivo e elementos funcionais inspirados na linha CRF, a nova\u00a0<b>moto Honda<\/b>\u00a0se destaca pelos grafismos exclusivos que traduzem o esp\u00edrito competitivo. As cores vibrantes e os detalhes refor\u00e7am sua identidade Off Road com personalidade e atitude.<\/p>\n<h4 class=\"ttl_feature\">On e Off-Road<\/h4>\n<p>A nova\u00a0<b>XR300L Tornado<\/b>\u00a0chegou garantindo robustez e durabilidade para aproveitar o dia a dia na cidade e as aventuras fora dela.[\/vc_column_text][vc_empty_space height=&#8221;30px&#8221;][vc_column_text]<\/p>\n<h3>Tecnologia<\/h3>\n<p>[\/vc_column_text][vc_empty_space height=&#8221;15px&#8221;][vc_column_text css=&#8221;&#8221;]<\/p>\n<h4 class=\"ttl_feature\" style=\"text-align: justify;\">C\u00e2mbio de 6 marchas<\/h4>\n<p style=\"text-align: justify;\">A nova Tornado possui\u00a0<b>c\u00e2mbio de seis velocidades<\/b>\u00a0associado \u00e0 embreagem assistida e deslizante, que reduz o esfor\u00e7o para acionar o manete e evita o travamento da roda traseira em redu\u00e7\u00f5es de marcha bruscas.<\/p>\n<h4 class=\"ttl_feature\" style=\"text-align: justify;\">Painel Digital<\/h4>\n<p style=\"text-align: justify;\">100% novo e completo, o painel de instrumentos da nova Honda XR300L Tornado Special Edition possui\u00a0<b>marcador de combust\u00edvel<\/b>,\u00a0<b>conta-giros<\/b>\u00a0e\u00a0<b>indicador de marcha<\/b>. Oferece ainda rel\u00f3gio, hod\u00f4metros total e parcial, consumo m\u00e9dio e instant\u00e2neo e 5 n\u00edveis de ilumina\u00e7\u00e3o.<\/p>\n<h4 class=\"ttl_feature\" style=\"text-align: justify;\">Motor<\/h4>\n<p style=\"text-align: justify;\">Atendendo ao conceito do\u00a0<b>modelo Trail<\/b>, a nova Tornado vem equipada com\u00a0<b>motor monocil\u00edndrico<\/b>\u00a0de 293,5 cm\u00b3 e\u00a0<b>tecnologia Flex Fuel<\/b>, que entrega at\u00e9 24,8 cavalos de pot\u00eancia e torque de 2,74 kgf.m. Integrada \u00e0 parte inferior do propulsor, h\u00e1 a\u00a0<b>placa deslizante<\/b>. Sem d\u00favidas, o maior fen\u00f4meno da natureza chegou.<\/p>\n<p>[\/vc_column_text][vc_empty_space height=&#8221;30px&#8221;][vc_column_text]<\/p>\n<h3>Seguran\u00e7a<\/h3>\n<p>[\/vc_column_text][vc_empty_space height=&#8221;15px&#8221;][vc_column_text css=&#8221;&#8221;]<\/p>\n<h4 class=\"ttl_feature\" style=\"text-align: justify;\">Freios<\/h4>\n<p style=\"text-align: justify;\">Os\u00a0<b>freios dianteiro<\/b>\u00a0e\u00a0<b>traseiro a disco<\/b>\u00a0s\u00e3o equipados com sistema\u00a0<b>ABS<\/b>\u00a0de dois canais, proporcionando mais seguran\u00e7a em qualquer tipo de terreno.<\/p>\n<h4 class=\"ttl_feature\" style=\"text-align: justify;\">Suspens\u00e3o<\/h4>\n<p style=\"text-align: justify;\">Com curso de amortecimento superior, as\u00a0<b>suspens\u00f5es da nova Tornado<\/b>\u00a0foram pensadas para entregar o equil\u00edbrio perfeito entre o conforto na cidade e a absor\u00e7\u00e3o de impactos no fora de estrada.<\/p>\n<h4 class=\"ttl_feature\" style=\"text-align: justify;\">Full LED<\/h4>\n<p style=\"text-align: justify;\">Pronta para iluminar o seu caminho, n\u00e3o importa qual seja, a nova\u00a0<b>XR300L Tornado<\/b>\u00a0\u00e9 equipada com\u00a0<b>luzes de LED<\/b>: far\u00f3is, lanternas e setas. O farol fixado ao guid\u00e3o acompanha os movimentos desse fen\u00f4meno da natureza.<\/p>\n<p>[\/vc_column_text]<\/div><\/div>[\/vc_column][\/vc_row][vc_row css_animation=&#8221;&#8221; row_type=&#8221;row&#8221; use_row_as_full_screen_section=&#8221;no&#8221; type=&#8221;full_width&#8221; angled_section=&#8221;no&#8221; text_align=&#8221;left&#8221; background_image_as_pattern=&#8221;without_pattern&#8221; z_index=&#8221;&#8221; css=&#8221;.vc_custom_1562770796079{background-color: #f4f4f4 !important;}&#8221;][vc_column][vc_empty_space][vc_text_separator title=&#8221;Galeria de Fotos&#8221; border=&#8221;no&#8221; title_color=&#8221;#0a0a0a&#8221; background_color=&#8221;#f4f4f4&#8243;][vc_empty_space height=&#8221;12px&#8221;]<div class=\"qode-advanced-image-gallery  qode-aig-grid-type qode-no-space  qode-image-behavior-lightbox \">\n\t<div class=\"qode-aig-inner qode-outer-space qode-aig-grid qode-aig-three-columns\">\n\t\t\t\t\t<div class=\"qode-aig-image qode-item-space\">\n\t\t\t\t<div class=\"qode-aig-image-inner\">\n\t\t\t\t\t\t\t\t\t\t\t<a itemprop=\"image\" class=\"qode-aig-lightbox\" href=\"https:\/\/www.paubrasilmotos.com.br\/valedosaofrancisco\/wp-content\/uploads\/2026\/03\/tornado-1.jpg\" data-rel=\"prettyPhoto[image_gallery_pretty_photo-357]\" title=\"tornado-1\">\n\t\t\t\t\t\t\t\t\t\t\t<img fetchpriority=\"high\" decoding=\"async\" width=\"1024\" height=\"671\" src=\"https:\/\/www.paubrasilmotos.com.br\/valedosaofrancisco\/wp-content\/uploads\/2026\/03\/tornado-1-1024x671.jpg\" class=\"attachment-large size-large\" alt=\"\" srcset=\"https:\/\/www.paubrasilmotos.com.br\/valedosaofrancisco\/wp-content\/uploads\/2026\/03\/tornado-1-1024x671.jpg 1024w, https:\/\/www.paubrasilmotos.com.br\/valedosaofrancisco\/wp-content\/uploads\/2026\/03\/tornado-1-300x197.jpg 300w, https:\/\/www.paubrasilmotos.com.br\/valedosaofrancisco\/wp-content\/uploads\/2026\/03\/tornado-1-768x503.jpg 768w, https:\/\/www.paubrasilmotos.com.br\/valedosaofrancisco\/wp-content\/uploads\/2026\/03\/tornado-1-700x459.jpg 700w, https:\/\/www.paubrasilmotos.com.br\/valedosaofrancisco\/wp-content\/uploads\/2026\/03\/tornado-1.jpg 1200w\" sizes=\"(max-width: 1024px) 100vw, 1024px\" \/>\t\t\t\t\t\t<span class=\"aig-gallery-hover\">\n\t\t\t\t\t\t\t\t\t\t\t\t\t<\/span>\n\t\t\t\t\t\t\t\t\t\t\t<\/a>\n\t\t\t\t\t\t\t\t\t<\/div>\n\t\t\t<\/div>\n\t\t\t\t\t\t\t\t<div class=\"qode-aig-image qode-item-space\">\n\t\t\t\t<div class=\"qode-aig-image-inner\">\n\t\t\t\t\t\t\t\t\t\t\t<a itemprop=\"image\" class=\"qode-aig-lightbox\" href=\"https:\/\/www.paubrasilmotos.com.br\/valedosaofrancisco\/wp-content\/uploads\/2026\/03\/tornado-2.jpg\" data-rel=\"prettyPhoto[image_gallery_pretty_photo-357]\" title=\"tornado-2\">\n\t\t\t\t\t\t\t\t\t\t\t<img decoding=\"async\" width=\"1024\" height=\"671\" src=\"https:\/\/www.paubrasilmotos.com.br\/valedosaofrancisco\/wp-content\/uploads\/2026\/03\/tornado-2-1024x671.jpg\" class=\"attachment-large size-large\" alt=\"\" srcset=\"https:\/\/www.paubrasilmotos.com.br\/valedosaofrancisco\/wp-content\/uploads\/2026\/03\/tornado-2-1024x671.jpg 1024w, https:\/\/www.paubrasilmotos.com.br\/valedosaofrancisco\/wp-content\/uploads\/2026\/03\/tornado-2-300x197.jpg 300w, https:\/\/www.paubrasilmotos.com.br\/valedosaofrancisco\/wp-content\/uploads\/2026\/03\/tornado-2-768x503.jpg 768w, https:\/\/www.paubrasilmotos.com.br\/valedosaofrancisco\/wp-content\/uploads\/2026\/03\/tornado-2-700x459.jpg 700w, https:\/\/www.paubrasilmotos.com.br\/valedosaofrancisco\/wp-content\/uploads\/2026\/03\/tornado-2.jpg 1200w\" sizes=\"(max-width: 1024px) 100vw, 1024px\" \/>\t\t\t\t\t\t<span class=\"aig-gallery-hover\">\n\t\t\t\t\t\t\t\t\t\t\t\t\t<\/span>\n\t\t\t\t\t\t\t\t\t\t\t<\/a>\n\t\t\t\t\t\t\t\t\t<\/div>\n\t\t\t<\/div>\n\t\t\t\t\t\t\t\t<div class=\"qode-aig-image qode-item-space\">\n\t\t\t\t<div class=\"qode-aig-image-inner\">\n\t\t\t\t\t\t\t\t\t\t\t<a itemprop=\"image\" class=\"qode-aig-lightbox\" href=\"https:\/\/www.paubrasilmotos.com.br\/valedosaofrancisco\/wp-content\/uploads\/2026\/03\/tornado-3.jpg\" data-rel=\"prettyPhoto[image_gallery_pretty_photo-357]\" title=\"tornado-3\">\n\t\t\t\t\t\t\t\t\t\t\t<img decoding=\"async\" width=\"1024\" height=\"671\" src=\"https:\/\/www.paubrasilmotos.com.br\/valedosaofrancisco\/wp-content\/uploads\/2026\/03\/tornado-3-1024x671.jpg\" class=\"attachment-large size-large\" alt=\"\" srcset=\"https:\/\/www.paubrasilmotos.com.br\/valedosaofrancisco\/wp-content\/uploads\/2026\/03\/tornado-3-1024x671.jpg 1024w, https:\/\/www.paubrasilmotos.com.br\/valedosaofrancisco\/wp-content\/uploads\/2026\/03\/tornado-3-300x197.jpg 300w, https:\/\/www.paubrasilmotos.com.br\/valedosaofrancisco\/wp-content\/uploads\/2026\/03\/tornado-3-768x503.jpg 768w, https:\/\/www.paubrasilmotos.com.br\/valedosaofrancisco\/wp-content\/uploads\/2026\/03\/tornado-3-700x459.jpg 700w, https:\/\/www.paubrasilmotos.com.br\/valedosaofrancisco\/wp-content\/uploads\/2026\/03\/tornado-3.jpg 1200w\" sizes=\"(max-width: 1024px) 100vw, 1024px\" \/>\t\t\t\t\t\t<span class=\"aig-gallery-hover\">\n\t\t\t\t\t\t\t\t\t\t\t\t\t<\/span>\n\t\t\t\t\t\t\t\t\t\t\t<\/a>\n\t\t\t\t\t\t\t\t\t<\/div>\n\t\t\t<\/div>\n\t\t\t\t\t\t\t\t<div class=\"qode-aig-image qode-item-space\">\n\t\t\t\t<div class=\"qode-aig-image-inner\">\n\t\t\t\t\t\t\t\t\t\t\t<a itemprop=\"image\" class=\"qode-aig-lightbox\" href=\"https:\/\/www.paubrasilmotos.com.br\/valedosaofrancisco\/wp-content\/uploads\/2026\/03\/tornado-4.jpg\" data-rel=\"prettyPhoto[image_gallery_pretty_photo-357]\" title=\"tornado-4\">\n\t\t\t\t\t\t\t\t\t\t\t<img loading=\"lazy\" decoding=\"async\" width=\"1024\" height=\"671\" src=\"https:\/\/www.paubrasilmotos.com.br\/valedosaofrancisco\/wp-content\/uploads\/2026\/03\/tornado-4-1024x671.jpg\" class=\"attachment-large size-large\" alt=\"\" srcset=\"https:\/\/www.paubrasilmotos.com.br\/valedosaofrancisco\/wp-content\/uploads\/2026\/03\/tornado-4-1024x671.jpg 1024w, https:\/\/www.paubrasilmotos.com.br\/valedosaofrancisco\/wp-content\/uploads\/2026\/03\/tornado-4-300x197.jpg 300w, https:\/\/www.paubrasilmotos.com.br\/valedosaofrancisco\/wp-content\/uploads\/2026\/03\/tornado-4-768x503.jpg 768w, https:\/\/www.paubrasilmotos.com.br\/valedosaofrancisco\/wp-content\/uploads\/2026\/03\/tornado-4-700x459.jpg 700w, https:\/\/www.paubrasilmotos.com.br\/valedosaofrancisco\/wp-content\/uploads\/2026\/03\/tornado-4.jpg 1200w\" sizes=\"(max-width: 1024px) 100vw, 1024px\" \/>\t\t\t\t\t\t<span class=\"aig-gallery-hover\">\n\t\t\t\t\t\t\t\t\t\t\t\t\t<\/span>\n\t\t\t\t\t\t\t\t\t\t\t<\/a>\n\t\t\t\t\t\t\t\t\t<\/div>\n\t\t\t<\/div>\n\t\t\t\t\t\t\t\t<div class=\"qode-aig-image qode-item-space\">\n\t\t\t\t<div class=\"qode-aig-image-inner\">\n\t\t\t\t\t\t\t\t\t\t\t<a itemprop=\"image\" class=\"qode-aig-lightbox\" href=\"https:\/\/www.paubrasilmotos.com.br\/valedosaofrancisco\/wp-content\/uploads\/2026\/03\/tornado-5.jpg\" data-rel=\"prettyPhoto[image_gallery_pretty_photo-357]\" title=\"tornado-5\">\n\t\t\t\t\t\t\t\t\t\t\t<img loading=\"lazy\" decoding=\"async\" width=\"1024\" height=\"671\" src=\"https:\/\/www.paubrasilmotos.com.br\/valedosaofrancisco\/wp-content\/uploads\/2026\/03\/tornado-5-1024x671.jpg\" class=\"attachment-large size-large\" alt=\"\" srcset=\"https:\/\/www.paubrasilmotos.com.br\/valedosaofrancisco\/wp-content\/uploads\/2026\/03\/tornado-5-1024x671.jpg 1024w, https:\/\/www.paubrasilmotos.com.br\/valedosaofrancisco\/wp-content\/uploads\/2026\/03\/tornado-5-300x197.jpg 300w, https:\/\/www.paubrasilmotos.com.br\/valedosaofrancisco\/wp-content\/uploads\/2026\/03\/tornado-5-768x503.jpg 768w, https:\/\/www.paubrasilmotos.com.br\/valedosaofrancisco\/wp-content\/uploads\/2026\/03\/tornado-5-700x459.jpg 700w, https:\/\/www.paubrasilmotos.com.br\/valedosaofrancisco\/wp-content\/uploads\/2026\/03\/tornado-5.jpg 1200w\" sizes=\"(max-width: 1024px) 100vw, 1024px\" \/>\t\t\t\t\t\t<span class=\"aig-gallery-hover\">\n\t\t\t\t\t\t\t\t\t\t\t\t\t<\/span>\n\t\t\t\t\t\t\t\t\t\t\t<\/a>\n\t\t\t\t\t\t\t\t\t<\/div>\n\t\t\t<\/div>\n\t\t\t\t\t\t\t\t<div class=\"qode-aig-image qode-item-space\">\n\t\t\t\t<div class=\"qode-aig-image-inner\">\n\t\t\t\t\t\t\t\t\t\t\t<a itemprop=\"image\" class=\"qode-aig-lightbox\" href=\"https:\/\/www.paubrasilmotos.com.br\/valedosaofrancisco\/wp-content\/uploads\/2026\/03\/tornado-6.jpg\" data-rel=\"prettyPhoto[image_gallery_pretty_photo-357]\" title=\"tornado-6\">\n\t\t\t\t\t\t\t\t\t\t\t<img loading=\"lazy\" decoding=\"async\" width=\"1024\" height=\"671\" src=\"https:\/\/www.paubrasilmotos.com.br\/valedosaofrancisco\/wp-content\/uploads\/2026\/03\/tornado-6-1024x671.jpg\" class=\"attachment-large size-large\" alt=\"\" srcset=\"https:\/\/www.paubrasilmotos.com.br\/valedosaofrancisco\/wp-content\/uploads\/2026\/03\/tornado-6-1024x671.jpg 1024w, https:\/\/www.paubrasilmotos.com.br\/valedosaofrancisco\/wp-content\/uploads\/2026\/03\/tornado-6-300x197.jpg 300w, https:\/\/www.paubrasilmotos.com.br\/valedosaofrancisco\/wp-content\/uploads\/2026\/03\/tornado-6-768x503.jpg 768w, https:\/\/www.paubrasilmotos.com.br\/valedosaofrancisco\/wp-content\/uploads\/2026\/03\/tornado-6-700x459.jpg 700w, https:\/\/www.paubrasilmotos.com.br\/valedosaofrancisco\/wp-content\/uploads\/2026\/03\/tornado-6.jpg 1200w\" sizes=\"(max-width: 1024px) 100vw, 1024px\" \/>\t\t\t\t\t\t<span class=\"aig-gallery-hover\">\n\t\t\t\t\t\t\t\t\t\t\t\t\t<\/span>\n\t\t\t\t\t\t\t\t\t\t\t<\/a>\n\t\t\t\t\t\t\t\t\t<\/div>\n\t\t\t<\/div>\n\t\t\t\t\t\t<\/div>\n<\/div>[\/vc_column][\/vc_row][vc_row css_animation=&#8221;&#8221; row_type=&#8221;row&#8221; use_row_as_full_screen_section=&#8221;no&#8221; type=&#8221;grid&#8221; angled_section=&#8221;no&#8221; text_align=&#8221;left&#8221; background_image_as_pattern=&#8221;without_pattern&#8221; css=&#8221;.vc_custom_1563462258110{padding-top: 100px !important;}&#8221; z_index=&#8221;&#8221;][vc_column width=&#8221;1\/3&#8243; offset=&#8221;vc_col-lg-offset-0 vc_col-lg-4 vc_col-md-offset-0 vc_col-md-4 vc_col-sm-offset-1&#8243;]<div class='q_icon_with_title tiny normal_icon center qode_iwt_hover_enabled '><div class=\"icon_holder \" style=\" \"><span data-icon-type=\"normal\" class=\"qode_iwt_icon_holder q_font_awsome_icon fa-lg  \"><i class=\"qode_icon_font_awesome fa  qode_iwt_icon_element\"><\/i><\/span><\/div><div class=\"icon_text_holder\" style=\"\"><div class=\"icon_text_inner\" style=\"\"><h2 class=\"icon_title\" style=\"font-weight: 400;\">3 anos de garantia<\/h2><div class=\"separator small left\" style=\"height: 2px;width: 20px;margin-bottom: 15px;\"><\/div><p style='color: #0a0a0a'>Garantia Honda de 3 anos + \u00d3leo Genu\u00edno Honda gr\u00e1tis* em 7 revis\u00f5es. * O fornecimento gratuito do \u00f3leo \u00e9 v\u00e1lido a partir da 3\u00aa revis\u00e3o<\/p><\/div><\/div><\/div>[vc_empty_space height=&#8221;48px&#8221;][\/vc_column][vc_column width=&#8221;1\/3&#8243; offset=&#8221;vc_col-lg-offset-0 vc_col-lg-4 vc_col-md-offset-0 vc_col-md-4 vc_col-sm-offset-1&#8243;]<div class='q_icon_with_title tiny normal_icon center qode_iwt_hover_enabled '><div class=\"icon_holder \" style=\" \"><span data-icon-type=\"normal\" class=\"qode_iwt_icon_holder q_font_awsome_icon fa-lg  \"><i class=\"qode_icon_font_awesome fa  qode_iwt_icon_element\"><\/i><\/span><\/div><div class=\"icon_text_holder\" style=\"\"><div class=\"icon_text_inner\" style=\"\"><h2 class=\"icon_title\" style=\"font-weight: 400;\">F\u00e1cil de pilotar<\/h2><div class=\"separator small left\" style=\"height: 2px;width: 20px;margin-bottom: 15px;\"><\/div><p style='color: #0a0a0a'>Compacta, \u00e1gil e com c\u00e2mbio semiautom\u00e1tico.<\/p><\/div><\/div><\/div>[vc_empty_space height=&#8221;48px&#8221;][\/vc_column][vc_column width=&#8221;1\/3&#8243; offset=&#8221;vc_col-lg-offset-0 vc_col-lg-4 vc_col-md-offset-0 vc_col-md-4 vc_col-sm-offset-1&#8243;]<div class='q_icon_with_title tiny normal_icon center qode_iwt_hover_enabled '><div class=\"icon_holder \" style=\" \"><span data-icon-type=\"normal\" class=\"qode_iwt_icon_holder q_font_awsome_icon fa-lg  \"><i class=\"qode_icon_font_awesome fa  qode_iwt_icon_element\"><\/i><\/span><\/div><div class=\"icon_text_holder\" style=\"\"><div class=\"icon_text_inner\" style=\"\"><h2 class=\"icon_title\" style=\"font-weight: 400;\">Economia de combust\u00edvel<\/h2><div class=\"separator small left\" style=\"height: 2px;width: 20px;margin-bottom: 15px;\"><\/div><p style='color: #0a0a0a'>Voc\u00ea roda mais com menos<\/p><\/div><\/div><\/div>[vc_empty_space height=&#8221;48px&#8221;][\/vc_column][\/vc_row]<\/p>\n<\/div>","protected":false},"excerpt":{"rendered":"<p>[vc_row css_animation=&#8221;&#8221; row_type=&#8221;row&#8221; use_row_as_full_screen_section=&#8221;no&#8221; type=&#8221;grid&#8221; angled_section=&#8221;no&#8221; text_align=&#8221;left&#8221; background_image_as_pattern=&#8221;without_pattern&#8221; css=&#8221;.vc_custom_1562769455597{background-color: #ffffff !important;}&#8221; z_index=&#8221;&#8221;][vc_column width=&#8221;1\/2&#8243;][vc_single_image image=&#8221;2177&#8243; img_size=&#8221;600&#215;380&#8243; css=&#8221;&#8221; qode_css_animation=&#8221;&#8221;][vc_zigzag css=&#8221;.vc_custom_1562769673606{padding-top: 20px !important;padding-bottom: 20px !important;}&#8221;][vc_empty_space][qode_elements_holder number_of_columns=&#8221;one_column&#8221;][qode_elements_holder_item vertical_alignment=&#8221;middle&#8221; horizontal_alignment=&#8221;center&#8221; advanced_animations=&#8221;no&#8221;][\/qode_elements_holder_item][\/qode_elements_holder][\/vc_column][vc_column width=&#8221;1\/2&#8243;][\/vc_column][\/vc_row][vc_row css_animation=&#8221;&#8221; row_type=&#8221;row&#8221; use_row_as_full_screen_section=&#8221;no&#8221; type=&#8221;full_width&#8221; angled_section=&#8221;no&#8221; text_align=&#8221;left&#8221; background_image_as_pattern=&#8221;without_pattern&#8221; z_index=&#8221;&#8221; css=&#8221;.vc_custom_1562770796079{background-color: #f4f4f4 !important;}&#8221;][vc_column][vc_empty_space][vc_text_separator title=&#8221;Galeria de Fotos&#8221; border=&#8221;no&#8221; title_color=&#8221;#0a0a0a&#8221; background_color=&#8221;#f4f4f4&#8243;][vc_empty_space height=&#8221;12px&#8221;][\/vc_column][\/vc_row][vc_row&#8230;<\/p>\n","protected":false},"author":1,"featured_media":2177,"parent":0,"menu_order":0,"comment_status":"closed","ping_status":"closed","template":"","meta":{"footnotes":""},"class_list":["post-2176","page","type-page","status-publish","has-post-thumbnail","hentry"],"jetpack_sharing_enabled":true,"_links":{"self":[{"href":"https:\/\/www.paubrasilmotos.com.br\/valedosaofrancisco\/wp-json\/wp\/v2\/pages\/2176","targetHints":{"allow":["GET"]}}],"collection":[{"href":"https:\/\/www.paubrasilmotos.com.br\/valedosaofrancisco\/wp-json\/wp\/v2\/pages"}],"about":[{"href":"https:\/\/www.paubrasilmotos.com.br\/valedosaofrancisco\/wp-json\/wp\/v2\/types\/page"}],"author":[{"embeddable":true,"href":"https:\/\/www.paubrasilmotos.com.br\/valedosaofrancisco\/wp-json\/wp\/v2\/users\/1"}],"replies":[{"embeddable":true,"href":"https:\/\/www.paubrasilmotos.com.br\/valedosaofrancisco\/wp-json\/wp\/v2\/comments?post=2176"}],"version-history":[{"count":0,"href":"https:\/\/www.paubrasilmotos.com.br\/valedosaofrancisco\/wp-json\/wp\/v2\/pages\/2176\/revisions"}],"wp:featuredmedia":[{"embeddable":true,"href":"https:\/\/www.paubrasilmotos.com.br\/valedosaofrancisco\/wp-json\/wp\/v2\/media\/2177"}],"wp:attachment":[{"href":"https:\/\/www.paubrasilmotos.com.br\/valedosaofrancisco\/wp-json\/wp\/v2\/media?parent=2176"}],"curies":[{"name":"wp","href":"https:\/\/api.w.org\/{rel}","templated":true}]}}