{"id":2109,"date":"2025-11-11T16:52:56","date_gmt":"2025-11-11T19:52:56","guid":{"rendered":"https:\/\/www.paubrasilmotos.com.br\/valedosaofrancisco\/?page_id=2109"},"modified":"2025-11-11T16:58:32","modified_gmt":"2025-11-11T19:58:32","slug":"nxr-160-bros-cbs","status":"publish","type":"page","link":"https:\/\/www.paubrasilmotos.com.br\/valedosaofrancisco\/nxr-160-bros-cbs\/","title":{"rendered":"NXR 160 Bros CBS"},"content":{"rendered":"<div class=\"wpb-content-wrapper\"><p>[vc_row css_animation=&#8221;&#8221; row_type=&#8221;row&#8221; use_row_as_full_screen_section=&#8221;no&#8221; type=&#8221;grid&#8221; angled_section=&#8221;no&#8221; text_align=&#8221;left&#8221; background_image_as_pattern=&#8221;without_pattern&#8221; css=&#8221;.vc_custom_1562769455597{background-color: #ffffff !important;}&#8221; z_index=&#8221;&#8221;][vc_column width=&#8221;1\/2&#8243;][vc_single_image image=&#8221;2110&#8243; img_size=&#8221;600&#215;380&#8243; css=&#8221;&#8221; qode_css_animation=&#8221;&#8221;][vc_zigzag css=&#8221;.vc_custom_1562769673606{padding-top: 20px !important;padding-bottom: 20px !important;}&#8221;][vc_empty_space][qode_elements_holder number_of_columns=&#8221;one_column&#8221;][qode_elements_holder_item vertical_alignment=&#8221;middle&#8221; horizontal_alignment=&#8221;center&#8221; advanced_animations=&#8221;no&#8221;]\n\t<div class=\"qode-3d-button-holder\">\n\n\t<a href=\"https:\/\/www.paubrasilmotos.com.br\/valedosaofrancisco\/tenho-interesse\/\" target=\"_blank\" style=\"color: #ffffff;background-color: #c20e1a;font-size: 20px;font-weight: 700\" class=\"qode-btn qode-btn-medium qode-btn-solid qode-btn-custom-hover-bg qode-btn-custom-hover-color qode-btn-3d-hover\" data-hover-bg-color=\"#ac0f19\" data-hover-color=\"#ffffff\" >\n\t    <span class=\"qode-btn-text\">Tenho Interesse<\/span>\t<\/a>\n\n\t\t<a href=\"https:\/\/www.paubrasilmotos.com.br\/valedosaofrancisco\/tenho-interesse\/\" target=\"_blank\" style=\"color: #ffffff;background-color: #c20e1a;font-size: 20px;font-weight: 700\" class=\"qode-btn qode-btn-medium qode-btn-solid qode-btn-custom-hover-bg qode-btn-custom-hover-color qode-btn-3d-hover\" data-hover-bg-color=\"#ac0f19\" data-hover-color=\"#ffffff\" >\n\t\t    <span class=\"qode-btn-text\">Tenho Interesse<\/span>\t\t<\/a>\n\t<\/div>\n\n\t<div class=\"qode-3d-button-holder\">\n\n\t<a href=\"https:\/\/www.paubrasilmotos.com.br\/formularioMyHonda\/?IdEstado=0&#038;IdModelo=17&#038;IdTipoVenda=6\" target=\"_blank\" style=\"color: #ac0f19;background-color: #e5e5e5;font-size: 20px;font-weight: 700\" class=\"qode-btn qode-btn-medium qode-btn-solid qode-btn-custom-hover-bg qode-btn-custom-hover-color qode-btn-3d-hover\" data-hover-bg-color=\"#ac0f19\" data-hover-color=\"#ffffff\" >\n\t    <span class=\"qode-btn-text\">Test Ride<\/span>\t<\/a>\n\n\t\t<a href=\"https:\/\/www.paubrasilmotos.com.br\/formularioMyHonda\/?IdEstado=0&#038;IdModelo=17&#038;IdTipoVenda=6\" target=\"_blank\" style=\"color: #ac0f19;background-color: #e5e5e5;font-size: 20px;font-weight: 700\" class=\"qode-btn qode-btn-medium qode-btn-solid qode-btn-custom-hover-bg qode-btn-custom-hover-color qode-btn-3d-hover\" data-hover-bg-color=\"#ac0f19\" data-hover-color=\"#ffffff\" >\n\t\t    <span class=\"qode-btn-text\">Test Ride<\/span>\t\t<\/a>\n\t<\/div>\n\n\t<div class=\"qode-3d-button-holder\">\n\n\t<a href=\"https:\/\/api.whatsapp.com\/send?phone=551938647080&#038;text=Ol%C3%A1!%20Tenho%20interesse%20neste%20produto.%20%23chave%3A%20a324M000009g7G6QAI\" target=\"_blank\" style=\"color: #ffffff;background-color: #c20e1a;font-size: 20px;font-weight: 700\" class=\"qode-btn qode-btn-medium qode-btn-solid qode-btn-custom-hover-bg qode-btn-custom-hover-color qode-btn-icon qode-btn-3d-hover\" data-hover-bg-color=\"#ac0f19\" data-hover-color=\"#ffffff\" >\n\t    <span class=\"qode-btn-text\">Whatsapp<\/span><span class=\"qode-button-v2-icon-holder\"  ><i class=\"qode_icon_font_awesome fa fa-whatsapp qode-button-v2-icon-holder-inner\" ><\/i><\/span>\t<\/a>\n\n\t\t<a href=\"https:\/\/api.whatsapp.com\/send?phone=551938647080&#038;text=Ol%C3%A1!%20Tenho%20interesse%20neste%20produto.%20%23chave%3A%20a324M000009g7G6QAI\" target=\"_blank\" style=\"color: #ffffff;background-color: #c20e1a;font-size: 20px;font-weight: 700\" class=\"qode-btn qode-btn-medium qode-btn-solid qode-btn-custom-hover-bg qode-btn-custom-hover-color qode-btn-icon qode-btn-3d-hover\" data-hover-bg-color=\"#ac0f19\" data-hover-color=\"#ffffff\" >\n\t\t    <span class=\"qode-btn-text\">Whatsapp<\/span><span class=\"qode-button-v2-icon-holder\"  ><i class=\"qode_icon_font_awesome fa fa-whatsapp qode-button-v2-icon-holder-inner\" ><\/i><\/span>\t\t<\/a>\n\t<\/div>\n[\/qode_elements_holder_item][\/qode_elements_holder][\/vc_column][vc_column width=&#8221;1\/2&#8243;]<div class=\"qode-advanced-tabs qode-advanced-tabs qode-advanced-horizontal-tab clearfix qode-advanced-tab-without-icon qode-advanced-tabs-column-2 clearfix\">\n\t<ul class=\"qode-advanced-tabs-nav\">\n\t\t\t\t\t<li>\n\t\t\t\t<h3>\n\t\t\t\t\t<a href=\"#tab-caracteristicas\">\n\t\t\t\t\t\t\n\t\t\t\t\t\t\t\t\t\t\t\t\t<span class=\"qode-advanced-tab-text-after-icon\">\n\t\t\t\t\t\t\t\tCaracteristicas\t\t\t\t\t\t\t<\/span>\n\t\t\t\t\t\t\t\t\t\t\t<\/a>\n\t\t\t\t<\/h3>\n\t\t\t<\/li>\n\t\t\t\t\t<li>\n\t\t\t\t<h3>\n\t\t\t\t\t<a href=\"#tab-especificacoes\">\n\t\t\t\t\t\t\n\t\t\t\t\t\t\t\t\t\t\t\t\t<span class=\"qode-advanced-tab-text-after-icon\">\n\t\t\t\t\t\t\t\tEspecifica\u00e7\u00f5es\t\t\t\t\t\t\t<\/span>\n\t\t\t\t\t\t\t\t\t\t\t<\/a>\n\t\t\t\t<\/h3>\n\t\t\t<\/li>\n\t\t\t<\/ul>\n\t<div class=\"qode-advanced-tab-container\" id=\"tab-caracteristicas-442\" data-icon-pack=\"\" data-icon-html=\"\">[vc_column_text]<\/p>\n<h3>Design<\/h3>\n<p>[\/vc_column_text][vc_empty_space height=&#8221;15px&#8221;][vc_column_text]<\/p>\n<h4 class=\"ttl_feature\">Farol<\/h4>\n<p>Al\u00e9m de somar ao estilo arrojado da Nova Bros 160, o\u00a0<b>farol dianteiro em LED<\/b>\u00a0garante mais visibilidade ao piloto.<\/p>\n<h4 class=\"ttl_feature\">Tanque Interno<\/h4>\n<p>Moderno e funcional, o\u00a0<b>tanque interno<\/b>\u00a0da nova\u00a0<b>NXR 160 Bros<\/b>\u00a0alia funcionalidade e muito estilo.<\/p>\n<h4 class=\"ttl_feature\">Nova cor e carenagem<\/h4>\n<p>A Nova Bros 160 possui\u00a0<b>carenagens<\/b>\u00a0maiores ao redor do tanque de combust\u00edvel, o que traz ainda mais impon\u00eancia e robustez para o modelo.<\/p>\n<h4 class=\"ttl_feature\">Protetor de escapamento<\/h4>\n<p>O\u00a0<b>Protetor de Escapamento<\/b>\u00a0da Bros 160 deixa o visual ainda mais ousado.[\/vc_column_text][vc_empty_space height=&#8221;30px&#8221;][vc_column_text]<\/p>\n<h3>Tecnologia<\/h3>\n<p>[\/vc_column_text][vc_empty_space height=&#8221;15px&#8221;][vc_column_text]<\/p>\n<h4 class=\"ttl_feature\">Sistema de freios ABS<\/h4>\n<p>A Nova\u00a0<b>Bros 160<\/b>\u00a0traz um sistema de antitravamento das rodas, garantindo uma experi\u00eancia de pilotagem mais aprimorada.<\/p>\n<h4 class=\"ttl_feature\">Sistema de freios CBS<\/h4>\n<p>O sistema de freios CBS da\u00a0<b>Bros 160<\/b>\u00a0distribui a frenagem de modo inteligente. Assim, ao acionar o freio traseiro, o freio dianteiro \u00e9 acionado de maneira simult\u00e2nea<\/p>\n<h4 class=\"ttl_feature\">Novo Painel<\/h4>\n<p>Moderno e intuitivo, o\u00a0<b>novo painel<\/b>\u00a0100% digital da NXR 160 Bros possui sensor indicador de marchas e indicadores de economia de combust\u00edvel.<\/p>\n<h4 class=\"ttl_feature\">Entrada USB-C<\/h4>\n<p>Perfeito para lhe acompanhar nas aventuras do dia a dia, a Nova\u00a0<b>Bros 160<\/b>\u00a0conta com\u00a0<b>entrada USB-C<\/b>\u00a0para carregar o seu smartphone a qualquer hora.[\/vc_column_text][vc_empty_space height=&#8221;30px&#8221;][vc_column_text]<\/p>\n<h3>Conforto<\/h3>\n<p>[\/vc_column_text][vc_empty_space height=&#8221;15px&#8221;][vc_column_text]<\/p>\n<h4 class=\"ttl_feature\">Nova suspens\u00e3o<\/h4>\n<p>A nova\u00a0<b>suspens\u00e3o<\/b>\u00a0da Bros 160 garante mais conforto ao pilotar, absorvendo melhor os impactos e proporcionando uma experi\u00eancia de condu\u00e7\u00e3o suave em diferentes terrenos.<\/p>\n<h4 class=\"ttl_feature\">Nova posi\u00e7\u00e3o do guid\u00e3o<\/h4>\n<p>Com\u00a0<b>guid\u00e3o em nova posi\u00e7\u00e3o<\/b>, a Nova\u00a0<b>NXR 160 Bros<\/b>\u00a0permite uma pilotagem mais confort\u00e1vel e tranquila para levar a vida numa Honda.<\/p>\n<h4 class=\"ttl_feature\">Assento em dois n\u00edveis<\/h4>\n<p>Com nova eleva\u00e7\u00e3o no banco da\u00a0<b>Bros 160<\/b>, o modelo permite mais conforto para o piloto e o garupa em todos os trajetos.[\/vc_column_text]<\/div><div class=\"qode-advanced-tab-container\" id=\"tab-especificacoes-804\" data-icon-pack=\"\" data-icon-html=\"\">[vc_column_text]<\/p>\n<p>&nbsp;<\/p>\n<table class=\"espec\">\n<tbody>\n<tr>\n<td class=\"subTitle\" style=\"text-align: center;\" colspan=\"2\"><strong>Capacidades<\/strong><\/td>\n<\/tr>\n<tr>\n<td width=\"250\">\u00d3leo do motor<\/td>\n<td colspan=\"2\">1,2 litro<\/td>\n<\/tr>\n<tr>\n<td width=\"250\">Tanque de combust\u00edvel\/Reserva<\/td>\n<td colspan=\"2\">12,0 litros<\/td>\n<\/tr>\n<tr>\n<td class=\"subTitle\" style=\"text-align: center;\" colspan=\"2\"><strong>Chassi<\/strong><\/td>\n<\/tr>\n<tr>\n<td width=\"250\">Freio dianteiro\/Di\u00e2metro<\/td>\n<td colspan=\"2\">A disco \/ 240 mm<\/td>\n<\/tr>\n<tr>\n<td width=\"250\">Freio traseiro\/Di\u00e2metro<\/td>\n<td colspan=\"2\">A disco \/ 220 mm<\/td>\n<\/tr>\n<tr>\n<td width=\"250\">Pneu dianteiro<\/td>\n<td colspan=\"2\">90\/90 -19M\/C<\/td>\n<\/tr>\n<tr>\n<td width=\"250\">Pneu traseiro<\/td>\n<td colspan=\"2\">110\/90 -17M\/C<\/td>\n<\/tr>\n<tr>\n<td width=\"250\">Suspens\u00e3o dianteira \/ curso<\/td>\n<td colspan=\"2\">Garfo telesc\u00f3pico \/ 180<\/td>\n<\/tr>\n<tr>\n<td width=\"250\">Suspens\u00e3o traseira \/ curso<\/td>\n<td colspan=\"2\">Mono Shock \/ 150 mm<\/td>\n<\/tr>\n<tr>\n<td width=\"250\">Tipo<\/td>\n<td colspan=\"2\">Ber\u00e7o Semi duplo<\/td>\n<\/tr>\n<tr>\n<td class=\"subTitle\" style=\"text-align: center;\" colspan=\"2\"><strong>Dimens\u00f5es<\/strong><\/td>\n<\/tr>\n<tr>\n<td width=\"250\">Altura do assento<\/td>\n<td colspan=\"2\">836 mm<\/td>\n<\/tr>\n<tr>\n<td width=\"250\">Comprimento x largura x altura<\/td>\n<td colspan=\"2\">2067 x 810 x 1158 mm<\/td>\n<\/tr>\n<tr>\n<td width=\"250\">Dist\u00e2ncia entre eixos<\/td>\n<td colspan=\"2\">1356 mm<\/td>\n<\/tr>\n<tr>\n<td width=\"250\">Dist\u00e2ncia m\u00ednima do solo<\/td>\n<td colspan=\"2\">247 mm<\/td>\n<\/tr>\n<tr>\n<td width=\"250\">Peso seco<\/td>\n<td colspan=\"2\">121 kg<\/td>\n<\/tr>\n<tr>\n<td class=\"subTitle\" style=\"text-align: center;\" colspan=\"2\"><strong>Motor<\/strong><\/td>\n<\/tr>\n<tr>\n<td width=\"250\">Cilindrada<\/td>\n<td colspan=\"2\">162,7 cc<\/td>\n<\/tr>\n<tr>\n<td width=\"250\">Combust\u00edvel<\/td>\n<td colspan=\"2\">Gasolina e\/ou Etanol<\/td>\n<\/tr>\n<tr>\n<td width=\"250\">Di\u00e2metro x curso (mil\u00edmetros)<\/td>\n<td colspan=\"2\">57,3 x 63,0 mm<\/td>\n<\/tr>\n<tr>\n<td width=\"250\">Pot\u00eancia M\u00e1xima<\/td>\n<td colspan=\"2\">14,5 cv a 8.500 rpm (Gasolina) \/ 14,7 cv a 8.500 rpm (Etanol)<\/td>\n<\/tr>\n<tr>\n<td width=\"250\">Rela\u00e7\u00e3o de Compress\u00e3o<\/td>\n<td colspan=\"2\">9.5 : 1<\/td>\n<\/tr>\n<tr>\n<td width=\"250\">Sistema de alimenta\u00e7\u00e3o<\/td>\n<td colspan=\"2\">Inje\u00e7\u00e3o Eletr\u00f4nica, PGM FI<\/td>\n<\/tr>\n<tr>\n<td width=\"250\">Sistema de partida<\/td>\n<td colspan=\"2\">El\u00e9trica<\/td>\n<\/tr>\n<tr>\n<td width=\"250\">Tipo<\/td>\n<td colspan=\"2\">OHC, Monocil\u00edndrico 4 tempos, arrefecido a ar.<\/td>\n<\/tr>\n<tr>\n<td width=\"250\">Torque M\u00e1ximo<\/td>\n<td colspan=\"2\">1,46 kgf.m a 5.500 rpm (Gasolina) \/ 1,60 kgf.m a 5.500 rpm (Etanol)<\/td>\n<\/tr>\n<tr>\n<td width=\"250\">Transmiss\u00e3o<\/td>\n<td colspan=\"2\">5 velocidades<\/td>\n<\/tr>\n<tr>\n<td class=\"subTitle\" style=\"text-align: center;\" colspan=\"2\"><strong>Sistema El\u00e9trico<\/strong><\/td>\n<\/tr>\n<tr>\n<td width=\"250\">Bateria<\/td>\n<td colspan=\"2\">12V &#8211; 4 Ah<\/td>\n<\/tr>\n<tr>\n<td width=\"250\">Farol<\/td>\n<td colspan=\"2\">35\/35W<\/td>\n<\/tr>\n<tr>\n<td width=\"250\">Igni\u00e7\u00e3o<\/td>\n<td colspan=\"2\">Eletr\u00f4nica<\/td>\n<\/tr>\n<\/tbody>\n<\/table>\n<p>[\/vc_column_text]<\/div><\/div>[\/vc_column][\/vc_row][vc_row css_animation=&#8221;&#8221; row_type=&#8221;row&#8221; use_row_as_full_screen_section=&#8221;no&#8221; type=&#8221;full_width&#8221; angled_section=&#8221;no&#8221; text_align=&#8221;left&#8221; background_image_as_pattern=&#8221;without_pattern&#8221; z_index=&#8221;&#8221; css=&#8221;.vc_custom_1562770796079{background-color: #f4f4f4 !important;}&#8221;][vc_column][vc_empty_space][vc_text_separator title=&#8221;Galeria de Fotos&#8221; border=&#8221;no&#8221; title_color=&#8221;#0a0a0a&#8221; background_color=&#8221;#f4f4f4&#8243;][vc_empty_space height=&#8221;12px&#8221;]<div class=\"qode-advanced-image-gallery  qode-aig-grid-type qode-no-space  qode-image-behavior-lightbox \">\n\t<div class=\"qode-aig-inner qode-outer-space qode-aig-grid qode-aig-three-columns\">\n\t\t\t\t\t<div class=\"qode-aig-image qode-item-space\">\n\t\t\t\t<div class=\"qode-aig-image-inner\">\n\t\t\t\t\t\t\t\t\t\t\t<a itemprop=\"image\" class=\"qode-aig-lightbox\" href=\"https:\/\/www.paubrasilmotos.com.br\/valedosaofrancisco\/wp-content\/uploads\/2025\/11\/CBS-BROS-2.jpg\" data-rel=\"prettyPhoto[image_gallery_pretty_photo-758]\" title=\"CBS-BROS-2\">\n\t\t\t\t\t\t\t\t\t\t\t<img fetchpriority=\"high\" decoding=\"async\" width=\"1024\" height=\"683\" src=\"https:\/\/www.paubrasilmotos.com.br\/valedosaofrancisco\/wp-content\/uploads\/2025\/11\/CBS-BROS-2-1024x683.jpg\" class=\"attachment-large size-large\" alt=\"\" srcset=\"https:\/\/www.paubrasilmotos.com.br\/valedosaofrancisco\/wp-content\/uploads\/2025\/11\/CBS-BROS-2-1024x683.jpg 1024w, https:\/\/www.paubrasilmotos.com.br\/valedosaofrancisco\/wp-content\/uploads\/2025\/11\/CBS-BROS-2-300x200.jpg 300w, https:\/\/www.paubrasilmotos.com.br\/valedosaofrancisco\/wp-content\/uploads\/2025\/11\/CBS-BROS-2-768x512.jpg 768w, https:\/\/www.paubrasilmotos.com.br\/valedosaofrancisco\/wp-content\/uploads\/2025\/11\/CBS-BROS-2-700x467.jpg 700w, https:\/\/www.paubrasilmotos.com.br\/valedosaofrancisco\/wp-content\/uploads\/2025\/11\/CBS-BROS-2.jpg 1200w\" sizes=\"(max-width: 1024px) 100vw, 1024px\" \/>\t\t\t\t\t\t<span class=\"aig-gallery-hover\">\n\t\t\t\t\t\t\t\t\t\t\t\t\t<\/span>\n\t\t\t\t\t\t\t\t\t\t\t<\/a>\n\t\t\t\t\t\t\t\t\t<\/div>\n\t\t\t<\/div>\n\t\t\t\t\t\t\t\t<div class=\"qode-aig-image qode-item-space\">\n\t\t\t\t<div class=\"qode-aig-image-inner\">\n\t\t\t\t\t\t\t\t\t\t\t<a itemprop=\"image\" class=\"qode-aig-lightbox\" href=\"https:\/\/www.paubrasilmotos.com.br\/valedosaofrancisco\/wp-content\/uploads\/2025\/11\/CBS-BROS-3.jpg\" data-rel=\"prettyPhoto[image_gallery_pretty_photo-758]\" title=\"CBS-BROS-3\">\n\t\t\t\t\t\t\t\t\t\t\t<img decoding=\"async\" width=\"1024\" height=\"683\" src=\"https:\/\/www.paubrasilmotos.com.br\/valedosaofrancisco\/wp-content\/uploads\/2025\/11\/CBS-BROS-3-1024x683.jpg\" class=\"attachment-large size-large\" alt=\"\" srcset=\"https:\/\/www.paubrasilmotos.com.br\/valedosaofrancisco\/wp-content\/uploads\/2025\/11\/CBS-BROS-3-1024x683.jpg 1024w, https:\/\/www.paubrasilmotos.com.br\/valedosaofrancisco\/wp-content\/uploads\/2025\/11\/CBS-BROS-3-300x200.jpg 300w, https:\/\/www.paubrasilmotos.com.br\/valedosaofrancisco\/wp-content\/uploads\/2025\/11\/CBS-BROS-3-768x512.jpg 768w, https:\/\/www.paubrasilmotos.com.br\/valedosaofrancisco\/wp-content\/uploads\/2025\/11\/CBS-BROS-3-700x467.jpg 700w, https:\/\/www.paubrasilmotos.com.br\/valedosaofrancisco\/wp-content\/uploads\/2025\/11\/CBS-BROS-3.jpg 1200w\" sizes=\"(max-width: 1024px) 100vw, 1024px\" \/>\t\t\t\t\t\t<span class=\"aig-gallery-hover\">\n\t\t\t\t\t\t\t\t\t\t\t\t\t<\/span>\n\t\t\t\t\t\t\t\t\t\t\t<\/a>\n\t\t\t\t\t\t\t\t\t<\/div>\n\t\t\t<\/div>\n\t\t\t\t\t\t\t\t<div class=\"qode-aig-image qode-item-space\">\n\t\t\t\t<div class=\"qode-aig-image-inner\">\n\t\t\t\t\t\t\t\t\t\t\t<a itemprop=\"image\" class=\"qode-aig-lightbox\" href=\"https:\/\/www.paubrasilmotos.com.br\/valedosaofrancisco\/wp-content\/uploads\/2025\/11\/CBS-BROS-1.jpg\" data-rel=\"prettyPhoto[image_gallery_pretty_photo-758]\" title=\"CBS-BROS-1\">\n\t\t\t\t\t\t\t\t\t\t\t<img decoding=\"async\" width=\"1024\" height=\"683\" src=\"https:\/\/www.paubrasilmotos.com.br\/valedosaofrancisco\/wp-content\/uploads\/2025\/11\/CBS-BROS-1-1024x683.jpg\" class=\"attachment-large size-large\" alt=\"\" srcset=\"https:\/\/www.paubrasilmotos.com.br\/valedosaofrancisco\/wp-content\/uploads\/2025\/11\/CBS-BROS-1-1024x683.jpg 1024w, https:\/\/www.paubrasilmotos.com.br\/valedosaofrancisco\/wp-content\/uploads\/2025\/11\/CBS-BROS-1-300x200.jpg 300w, https:\/\/www.paubrasilmotos.com.br\/valedosaofrancisco\/wp-content\/uploads\/2025\/11\/CBS-BROS-1-768x512.jpg 768w, https:\/\/www.paubrasilmotos.com.br\/valedosaofrancisco\/wp-content\/uploads\/2025\/11\/CBS-BROS-1-700x467.jpg 700w, https:\/\/www.paubrasilmotos.com.br\/valedosaofrancisco\/wp-content\/uploads\/2025\/11\/CBS-BROS-1.jpg 1200w\" sizes=\"(max-width: 1024px) 100vw, 1024px\" \/>\t\t\t\t\t\t<span class=\"aig-gallery-hover\">\n\t\t\t\t\t\t\t\t\t\t\t\t\t<\/span>\n\t\t\t\t\t\t\t\t\t\t\t<\/a>\n\t\t\t\t\t\t\t\t\t<\/div>\n\t\t\t<\/div>\n\t\t\t\t\t\t\t\t<div class=\"qode-aig-image qode-item-space\">\n\t\t\t\t<div class=\"qode-aig-image-inner\">\n\t\t\t\t\t\t\t\t\t\t\t<a itemprop=\"image\" class=\"qode-aig-lightbox\" href=\"https:\/\/www.paubrasilmotos.com.br\/valedosaofrancisco\/wp-content\/uploads\/2024\/09\/5.jpg\" data-rel=\"prettyPhoto[image_gallery_pretty_photo-758]\" title=\"5\">\n\t\t\t\t\t\t\t\t\t\t\t<img loading=\"lazy\" decoding=\"async\" width=\"1000\" height=\"668\" src=\"https:\/\/www.paubrasilmotos.com.br\/valedosaofrancisco\/wp-content\/uploads\/2024\/09\/5.jpg\" class=\"attachment-large size-large\" alt=\"\" srcset=\"https:\/\/www.paubrasilmotos.com.br\/valedosaofrancisco\/wp-content\/uploads\/2024\/09\/5.jpg 1000w, https:\/\/www.paubrasilmotos.com.br\/valedosaofrancisco\/wp-content\/uploads\/2024\/09\/5-300x200.jpg 300w, https:\/\/www.paubrasilmotos.com.br\/valedosaofrancisco\/wp-content\/uploads\/2024\/09\/5-768x513.jpg 768w, https:\/\/www.paubrasilmotos.com.br\/valedosaofrancisco\/wp-content\/uploads\/2024\/09\/5-700x468.jpg 700w\" sizes=\"(max-width: 1000px) 100vw, 1000px\" \/>\t\t\t\t\t\t<span class=\"aig-gallery-hover\">\n\t\t\t\t\t\t\t\t\t\t\t\t\t<\/span>\n\t\t\t\t\t\t\t\t\t\t\t<\/a>\n\t\t\t\t\t\t\t\t\t<\/div>\n\t\t\t<\/div>\n\t\t\t\t\t\t\t\t<div class=\"qode-aig-image qode-item-space\">\n\t\t\t\t<div class=\"qode-aig-image-inner\">\n\t\t\t\t\t\t\t\t\t\t\t<a itemprop=\"image\" class=\"qode-aig-lightbox\" href=\"https:\/\/www.paubrasilmotos.com.br\/valedosaofrancisco\/wp-content\/uploads\/2024\/09\/4.jpg\" data-rel=\"prettyPhoto[image_gallery_pretty_photo-758]\" title=\"4\">\n\t\t\t\t\t\t\t\t\t\t\t<img loading=\"lazy\" decoding=\"async\" width=\"1000\" height=\"668\" src=\"https:\/\/www.paubrasilmotos.com.br\/valedosaofrancisco\/wp-content\/uploads\/2024\/09\/4.jpg\" class=\"attachment-large size-large\" alt=\"\" srcset=\"https:\/\/www.paubrasilmotos.com.br\/valedosaofrancisco\/wp-content\/uploads\/2024\/09\/4.jpg 1000w, https:\/\/www.paubrasilmotos.com.br\/valedosaofrancisco\/wp-content\/uploads\/2024\/09\/4-300x200.jpg 300w, https:\/\/www.paubrasilmotos.com.br\/valedosaofrancisco\/wp-content\/uploads\/2024\/09\/4-768x513.jpg 768w, https:\/\/www.paubrasilmotos.com.br\/valedosaofrancisco\/wp-content\/uploads\/2024\/09\/4-700x468.jpg 700w\" sizes=\"(max-width: 1000px) 100vw, 1000px\" \/>\t\t\t\t\t\t<span class=\"aig-gallery-hover\">\n\t\t\t\t\t\t\t\t\t\t\t\t\t<\/span>\n\t\t\t\t\t\t\t\t\t\t\t<\/a>\n\t\t\t\t\t\t\t\t\t<\/div>\n\t\t\t<\/div>\n\t\t\t\t\t\t\t\t<div class=\"qode-aig-image qode-item-space\">\n\t\t\t\t<div class=\"qode-aig-image-inner\">\n\t\t\t\t\t\t\t\t\t\t\t<a itemprop=\"image\" class=\"qode-aig-lightbox\" href=\"https:\/\/www.paubrasilmotos.com.br\/valedosaofrancisco\/wp-content\/uploads\/2024\/09\/3.jpg\" data-rel=\"prettyPhoto[image_gallery_pretty_photo-758]\" title=\"3\">\n\t\t\t\t\t\t\t\t\t\t\t<img loading=\"lazy\" decoding=\"async\" width=\"1000\" height=\"668\" src=\"https:\/\/www.paubrasilmotos.com.br\/valedosaofrancisco\/wp-content\/uploads\/2024\/09\/3.jpg\" class=\"attachment-large size-large\" alt=\"\" srcset=\"https:\/\/www.paubrasilmotos.com.br\/valedosaofrancisco\/wp-content\/uploads\/2024\/09\/3.jpg 1000w, https:\/\/www.paubrasilmotos.com.br\/valedosaofrancisco\/wp-content\/uploads\/2024\/09\/3-300x200.jpg 300w, https:\/\/www.paubrasilmotos.com.br\/valedosaofrancisco\/wp-content\/uploads\/2024\/09\/3-768x513.jpg 768w, https:\/\/www.paubrasilmotos.com.br\/valedosaofrancisco\/wp-content\/uploads\/2024\/09\/3-700x468.jpg 700w\" sizes=\"(max-width: 1000px) 100vw, 1000px\" \/>\t\t\t\t\t\t<span class=\"aig-gallery-hover\">\n\t\t\t\t\t\t\t\t\t\t\t\t\t<\/span>\n\t\t\t\t\t\t\t\t\t\t\t<\/a>\n\t\t\t\t\t\t\t\t\t<\/div>\n\t\t\t<\/div>\n\t\t\t\t\t\t<\/div>\n<\/div>[\/vc_column][\/vc_row][vc_row css_animation=&#8221;&#8221; row_type=&#8221;row&#8221; use_row_as_full_screen_section=&#8221;no&#8221; type=&#8221;grid&#8221; angled_section=&#8221;no&#8221; text_align=&#8221;left&#8221; background_image_as_pattern=&#8221;without_pattern&#8221; css=&#8221;.vc_custom_1563462258110{padding-top: 100px !important;}&#8221; z_index=&#8221;&#8221;][vc_column width=&#8221;1\/3&#8243; offset=&#8221;vc_col-lg-offset-0 vc_col-lg-4 vc_col-md-offset-0 vc_col-md-4 vc_col-sm-offset-1&#8243;]<div class='q_icon_with_title tiny normal_icon center qode_iwt_hover_enabled '><div class=\"icon_holder \" style=\" \"><span data-icon-type=\"normal\" class=\"qode_iwt_icon_holder q_font_awsome_icon fa-lg  \"><i class=\"qode_icon_font_awesome fa  qode_iwt_icon_element\"><\/i><\/span><\/div><div class=\"icon_text_holder\" style=\"\"><div class=\"icon_text_inner\" style=\"\"><h2 class=\"icon_title\" style=\"font-weight: 400;\">3 anos de garantia<\/h2><div class=\"separator small left\" style=\"height: 2px;width: 20px;margin-bottom: 15px;\"><\/div><p style='color: #0a0a0a'>Garantia Honda de 3 anos + \u00d3leo Genu\u00edno Honda gr\u00e1tis* em 7 revis\u00f5es. * O fornecimento gratuito do \u00f3leo \u00e9 v\u00e1lido a partir da 3\u00aa revis\u00e3o<\/p><\/div><\/div><\/div>[vc_empty_space height=&#8221;48px&#8221;][\/vc_column][vc_column width=&#8221;1\/3&#8243; offset=&#8221;vc_col-lg-offset-0 vc_col-lg-4 vc_col-md-offset-0 vc_col-md-4 vc_col-sm-offset-1&#8243;]<div class='q_icon_with_title tiny normal_icon center qode_iwt_hover_enabled '><div class=\"icon_holder \" style=\" \"><span data-icon-type=\"normal\" class=\"qode_iwt_icon_holder q_font_awsome_icon fa-lg  \"><i class=\"qode_icon_font_awesome fa  qode_iwt_icon_element\"><\/i><\/span><\/div><div class=\"icon_text_holder\" style=\"\"><div class=\"icon_text_inner\" style=\"\"><h2 class=\"icon_title\" style=\"font-weight: 400;\">Motor de 160 cc<\/h2><div class=\"separator small left\" style=\"height: 2px;width: 20px;margin-bottom: 15px;\"><\/div><p style='color: #0a0a0a'>Pot\u00eancia e economia do motor de 160cc<\/p><\/div><\/div><\/div>[vc_empty_space height=&#8221;48px&#8221;][\/vc_column][vc_column width=&#8221;1\/3&#8243; offset=&#8221;vc_col-lg-offset-0 vc_col-lg-4 vc_col-md-offset-0 vc_col-md-4 vc_col-sm-offset-1&#8243;]<div class='q_icon_with_title tiny normal_icon center qode_iwt_hover_enabled '><div class=\"icon_holder \" style=\" \"><span data-icon-type=\"normal\" class=\"qode_iwt_icon_holder q_font_awsome_icon fa-lg  \"><i class=\"qode_icon_font_awesome fa  qode_iwt_icon_element\"><\/i><\/span><\/div><div class=\"icon_text_holder\" style=\"\"><div class=\"icon_text_inner\" style=\"\"><h2 class=\"icon_title\" style=\"font-weight: 400;\">Tecnologia FlexOne<\/h2><div class=\"separator small left\" style=\"height: 2px;width: 20px;margin-bottom: 15px;\"><\/div><p style='color: #0a0a0a'>Facilidade de abastecer com \u00e1lcool ou gasolina<\/p><\/div><\/div><\/div>[vc_empty_space height=&#8221;48px&#8221;][\/vc_column][\/vc_row]<\/p>\n<\/div>","protected":false},"excerpt":{"rendered":"<p>[vc_row css_animation=&#8221;&#8221; row_type=&#8221;row&#8221; use_row_as_full_screen_section=&#8221;no&#8221; type=&#8221;grid&#8221; angled_section=&#8221;no&#8221; text_align=&#8221;left&#8221; background_image_as_pattern=&#8221;without_pattern&#8221; css=&#8221;.vc_custom_1562769455597{background-color: #ffffff !important;}&#8221; z_index=&#8221;&#8221;][vc_column width=&#8221;1\/2&#8243;][vc_single_image image=&#8221;2110&#8243; img_size=&#8221;600&#215;380&#8243; css=&#8221;&#8221; qode_css_animation=&#8221;&#8221;][vc_zigzag css=&#8221;.vc_custom_1562769673606{padding-top: 20px !important;padding-bottom: 20px !important;}&#8221;][vc_empty_space][qode_elements_holder number_of_columns=&#8221;one_column&#8221;][qode_elements_holder_item vertical_alignment=&#8221;middle&#8221; horizontal_alignment=&#8221;center&#8221; advanced_animations=&#8221;no&#8221;][\/qode_elements_holder_item][\/qode_elements_holder][\/vc_column][vc_column width=&#8221;1\/2&#8243;][\/vc_column][\/vc_row][vc_row css_animation=&#8221;&#8221; row_type=&#8221;row&#8221; use_row_as_full_screen_section=&#8221;no&#8221; type=&#8221;full_width&#8221; angled_section=&#8221;no&#8221; text_align=&#8221;left&#8221; background_image_as_pattern=&#8221;without_pattern&#8221; z_index=&#8221;&#8221; css=&#8221;.vc_custom_1562770796079{background-color: #f4f4f4 !important;}&#8221;][vc_column][vc_empty_space][vc_text_separator title=&#8221;Galeria de Fotos&#8221; border=&#8221;no&#8221; title_color=&#8221;#0a0a0a&#8221; background_color=&#8221;#f4f4f4&#8243;][vc_empty_space height=&#8221;12px&#8221;][\/vc_column][\/vc_row][vc_row&#8230;<\/p>\n","protected":false},"author":1,"featured_media":2110,"parent":0,"menu_order":0,"comment_status":"closed","ping_status":"closed","template":"full_width.php","meta":{"footnotes":""},"class_list":["post-2109","page","type-page","status-publish","has-post-thumbnail","hentry"],"jetpack_sharing_enabled":true,"_links":{"self":[{"href":"https:\/\/www.paubrasilmotos.com.br\/valedosaofrancisco\/wp-json\/wp\/v2\/pages\/2109","targetHints":{"allow":["GET"]}}],"collection":[{"href":"https:\/\/www.paubrasilmotos.com.br\/valedosaofrancisco\/wp-json\/wp\/v2\/pages"}],"about":[{"href":"https:\/\/www.paubrasilmotos.com.br\/valedosaofrancisco\/wp-json\/wp\/v2\/types\/page"}],"author":[{"embeddable":true,"href":"https:\/\/www.paubrasilmotos.com.br\/valedosaofrancisco\/wp-json\/wp\/v2\/users\/1"}],"replies":[{"embeddable":true,"href":"https:\/\/www.paubrasilmotos.com.br\/valedosaofrancisco\/wp-json\/wp\/v2\/comments?post=2109"}],"version-history":[{"count":0,"href":"https:\/\/www.paubrasilmotos.com.br\/valedosaofrancisco\/wp-json\/wp\/v2\/pages\/2109\/revisions"}],"wp:featuredmedia":[{"embeddable":true,"href":"https:\/\/www.paubrasilmotos.com.br\/valedosaofrancisco\/wp-json\/wp\/v2\/media\/2110"}],"wp:attachment":[{"href":"https:\/\/www.paubrasilmotos.com.br\/valedosaofrancisco\/wp-json\/wp\/v2\/media?parent=2109"}],"curies":[{"name":"wp","href":"https:\/\/api.w.org\/{rel}","templated":true}]}}