{"id":1962,"date":"2025-07-29T08:54:51","date_gmt":"2025-07-29T11:54:51","guid":{"rendered":"https:\/\/www.paubrasilmotos.com.br\/valedosaofrancisco\/?page_id=1962"},"modified":"2025-07-29T09:28:25","modified_gmt":"2025-07-29T12:28:25","slug":"cb-650r-e-clutch","status":"publish","type":"page","link":"https:\/\/www.paubrasilmotos.com.br\/valedosaofrancisco\/cb-650r-e-clutch\/","title":{"rendered":"CB 650R E-Clutch"},"content":{"rendered":"<div class=\"wpb-content-wrapper\"><p>[vc_row css_animation=&#8221;&#8221; row_type=&#8221;row&#8221; use_row_as_full_screen_section=&#8221;no&#8221; type=&#8221;grid&#8221; angled_section=&#8221;no&#8221; text_align=&#8221;left&#8221; background_image_as_pattern=&#8221;without_pattern&#8221; css=&#8221;.vc_custom_1562769455597{background-color: #ffffff !important;}&#8221; z_index=&#8221;&#8221;][vc_column width=&#8221;1\/2&#8243;][vc_single_image image=&#8221;1963&#8243; img_size=&#8221;600&#215;380&#8243; css=&#8221;&#8221; qode_css_animation=&#8221;&#8221;][vc_zigzag css=&#8221;.vc_custom_1562769673606{padding-top: 20px !important;padding-bottom: 20px !important;}&#8221;][vc_empty_space][qode_elements_holder number_of_columns=&#8221;one_column&#8221;][qode_elements_holder_item vertical_alignment=&#8221;middle&#8221; horizontal_alignment=&#8221;center&#8221; advanced_animations=&#8221;no&#8221;]\n\t<div class=\"qode-3d-button-holder\">\n\n\t<a href=\"https:\/\/www.paubrasilmotos.com.br\/valedosaofrancisco\/tenho-interesse\/\" target=\"_blank\" style=\"color: #ffffff;background-color: #c20e1a;font-size: 20px;font-weight: 700\" class=\"qode-btn qode-btn-medium qode-btn-solid qode-btn-custom-hover-bg qode-btn-custom-hover-color qode-btn-3d-hover\" data-hover-bg-color=\"#ac0f19\" data-hover-color=\"#ffffff\" >\n\t    <span class=\"qode-btn-text\">Tenho Interesse<\/span>\t<\/a>\n\n\t\t<a href=\"https:\/\/www.paubrasilmotos.com.br\/valedosaofrancisco\/tenho-interesse\/\" target=\"_blank\" style=\"color: #ffffff;background-color: #c20e1a;font-size: 20px;font-weight: 700\" class=\"qode-btn qode-btn-medium qode-btn-solid qode-btn-custom-hover-bg qode-btn-custom-hover-color qode-btn-3d-hover\" data-hover-bg-color=\"#ac0f19\" data-hover-color=\"#ffffff\" >\n\t\t    <span class=\"qode-btn-text\">Tenho Interesse<\/span>\t\t<\/a>\n\t<\/div>\n\n\t<div class=\"qode-3d-button-holder\">\n\n\t<a href=\"https:\/\/www.paubrasilmotos.com.br\/formularioMyHonda\/?IdEstado=0&#038;IdModelo=15&#038;IdTipoVenda=6\" target=\"_blank\" style=\"color: #ffffff;background-color: #c20e1a;font-size: 20px;font-weight: 700\" class=\"qode-btn qode-btn-medium qode-btn-solid qode-btn-custom-hover-bg qode-btn-custom-hover-color qode-btn-3d-hover\" data-hover-bg-color=\"#ac0f19\" data-hover-color=\"#ffffff\" >\n\t    <span class=\"qode-btn-text\">Test Ride<\/span><span class=\"qode-button-v2-icon-holder\"  ><i class=\"qode_icon_font_awesome fa  qode-button-v2-icon-holder-inner\" ><\/i><\/span>\t<\/a>\n\n\t\t<a href=\"https:\/\/www.paubrasilmotos.com.br\/formularioMyHonda\/?IdEstado=0&#038;IdModelo=15&#038;IdTipoVenda=6\" target=\"_blank\" style=\"color: #ffffff;background-color: #c20e1a;font-size: 20px;font-weight: 700\" class=\"qode-btn qode-btn-medium qode-btn-solid qode-btn-custom-hover-bg qode-btn-custom-hover-color qode-btn-3d-hover\" data-hover-bg-color=\"#ac0f19\" data-hover-color=\"#ffffff\" >\n\t\t    <span class=\"qode-btn-text\">Test Ride<\/span><span class=\"qode-button-v2-icon-holder\"  ><i class=\"qode_icon_font_awesome fa  qode-button-v2-icon-holder-inner\" ><\/i><\/span>\t\t<\/a>\n\t<\/div>\n\n\t<div class=\"qode-3d-button-holder\">\n\n\t<a href=\"https:\/\/api.whatsapp.com\/send?phone=551938647080&#038;text=Ol%C3%A1!%20Tenho%20interesse%20neste%20produto.%20%23chave%3A%20a324M000009g7G6QAI\" target=\"_blank\" style=\"color: #ffffff;background-color: #c20e1a;font-size: 20px;font-weight: 700\" class=\"qode-btn qode-btn-medium qode-btn-solid qode-btn-custom-hover-bg qode-btn-custom-hover-color qode-btn-icon qode-btn-3d-hover\" data-hover-bg-color=\"#ac0f19\" data-hover-color=\"#ffffff\" >\n\t    <span class=\"qode-btn-text\">Whatsapp<\/span><span class=\"qode-button-v2-icon-holder\"  ><i class=\"qode_icon_font_awesome fa fa-whatsapp qode-button-v2-icon-holder-inner\" ><\/i><\/span>\t<\/a>\n\n\t\t<a href=\"https:\/\/api.whatsapp.com\/send?phone=551938647080&#038;text=Ol%C3%A1!%20Tenho%20interesse%20neste%20produto.%20%23chave%3A%20a324M000009g7G6QAI\" target=\"_blank\" style=\"color: #ffffff;background-color: #c20e1a;font-size: 20px;font-weight: 700\" class=\"qode-btn qode-btn-medium qode-btn-solid qode-btn-custom-hover-bg qode-btn-custom-hover-color qode-btn-icon qode-btn-3d-hover\" data-hover-bg-color=\"#ac0f19\" data-hover-color=\"#ffffff\" >\n\t\t    <span class=\"qode-btn-text\">Whatsapp<\/span><span class=\"qode-button-v2-icon-holder\"  ><i class=\"qode_icon_font_awesome fa fa-whatsapp qode-button-v2-icon-holder-inner\" ><\/i><\/span>\t\t<\/a>\n\t<\/div>\n[\/qode_elements_holder_item][\/qode_elements_holder][\/vc_column][vc_column width=&#8221;1\/2&#8243;]<div class=\"qode-advanced-tabs qode-advanced-tabs qode-advanced-horizontal-tab clearfix qode-advanced-tab-without-icon qode-advanced-tabs-column-1 clearfix\">\n\t<ul class=\"qode-advanced-tabs-nav\">\n\t\t\t\t\t<li>\n\t\t\t\t<h3>\n\t\t\t\t\t<a href=\"#tab-caracteristicas\">\n\t\t\t\t\t\t\n\t\t\t\t\t\t\t\t\t\t\t\t\t<span class=\"qode-advanced-tab-text-after-icon\">\n\t\t\t\t\t\t\t\tCaracteristicas\t\t\t\t\t\t\t<\/span>\n\t\t\t\t\t\t\t\t\t\t\t<\/a>\n\t\t\t\t<\/h3>\n\t\t\t<\/li>\n\t\t\t<\/ul>\n\t<div class=\"qode-advanced-tab-container\" id=\"tab-caracteristicas-91\" data-icon-pack=\"\" data-icon-html=\"\">[vc_column_text]<\/p>\n<h3>Design<\/h3>\n<p>[\/vc_column_text][vc_empty_space height=&#8221;15px&#8221;][vc_column_text css=&#8221;&#8221;]<\/p>\n<h4 class=\"ttl_feature\">Novo Visual<\/h4>\n<p>Inspirado no ic\u00f4nico estilo das Caf\u00e9 Racers das d\u00e9cadas de 1950 e 1960, o design Neo Sports Caf\u00e9 da nova\u00a0<b>Honda CB 650R<\/b>\u00a0combina o charme cl\u00e1ssico com a inova\u00e7\u00e3o contempor\u00e2nea. A carenagem foi totalmente renovada, trazendo linhas mais agressivas e modernas que refletem o desempenho esportivo da moto.<\/p>\n<h4 class=\"ttl_feature\">Assento<\/h4>\n<p>O assento da\u00a0<b>Honda CB 650R<\/b>\u00a0foi redesenhado com um perfil mais estreito, oferecendo conforto ao piloto, especialmente em trajetos mais longos. O novo desenho proporciona melhor encaixe ao corpo, facilitando a pilotagem e aumentando a sensa\u00e7\u00e3o de controle.<\/p>\n<h4 class=\"ttl_feature\">Farol<\/h4>\n<p>O farol frontal da\u00a0<b>CB 650R E-Clutch<\/b>\u00a0incorpora a ess\u00eancia do estilo Neo Sports Caf\u00e9, com um formato semicircular que remete ao design cl\u00e1ssico das motocicletas vintage. Sua est\u00e9tica combina tradi\u00e7\u00e3o e modernidade, criando uma identidade visual marcante e aut\u00eantica.<\/p>\n<h4 class=\"ttl_feature\">Lanterna Traseira<\/h4>\n<p>A lanterna traseira foi equipada com quatro LEDs, que n\u00e3o apenas garantem um visual mais moderno e sofisticado, como tamb\u00e9m elevam a seguran\u00e7a. O design foi cuidadosamente desenvolvido para garantir uma distribui\u00e7\u00e3o de luz mais eficiente durante a frenagem, ampliando a visibilidade.[\/vc_column_text][vc_empty_space height=&#8221;30px&#8221;][vc_column_text]<\/p>\n<h3>Tecnologia<\/h3>\n<p>[\/vc_column_text][vc_empty_space height=&#8221;15px&#8221;][vc_column_text css=&#8221;&#8221;]<\/p>\n<h4 class=\"ttl_feature\">E-Clutch<\/h4>\n<p>Com tecnologia avan\u00e7ada, o Sistema de Controle Autom\u00e1tico de Embreagem permite ao piloto escolher como deseja realizar as trocas de marcha. O sistema elimina a necessidade de acionar manualmente a alavanca da embreagem, proporcionando uma pilotagem mais fluida e intuitiva. Apesar da automatiza\u00e7\u00e3o, a opera\u00e7\u00e3o tradicional pelo pedal de c\u00e2mbio \u00e9 mantida, garantindo total controle e versatilidade ao condutor.<\/p>\n<h4 class=\"ttl_feature\">Painel TFT 5&#8221;<\/h4>\n<p>O painel da\u00a0<b>Honda CB 650R E-Clutch<\/b>\u00a0oferece uma experi\u00eancia visual com resolu\u00e7\u00e3o aprimorada e brilho ajust\u00e1vel, garantindo excelente visibilidade em qualquer condi\u00e7\u00e3o de luz. O sistema permite a personaliza\u00e7\u00e3o da cor de fundo \u2014 com op\u00e7\u00f5es em branco, preto ou modo autom\u00e1tico \u2014 e oferece tr\u00eas layouts de exibi\u00e7\u00e3o, adaptando-se ao estilo e \u00e0s prefer\u00eancias do piloto, al\u00e9m de facilitar a leitura das informa\u00e7\u00f5es essenciais.<\/p>\n<h4 class=\"ttl_feature\">Punho de Comando<\/h4>\n<p>A nova manopla multifuncional da\u00a0<b>CB 650R<\/b>\u00a0oferece praticidade e controle total ao piloto, reunindo quatro tipos de comandos em um \u00fanico conjunto intuitivo. O interruptor da buzina recebeu um design renovado, mais acess\u00edvel e responsivo, enquanto o interruptor do pisca-alerta foi reposicionado em um \u00e2ngulo estrat\u00e9gico, facilitando o acionamento.[\/vc_column_text][vc_empty_space height=&#8221;30px&#8221;][vc_column_text css=&#8221;&#8221;]<\/p>\n<h3>Seguran\u00e7a<\/h3>\n<p>[\/vc_column_text][vc_empty_space height=&#8221;15px&#8221;][vc_column_text css=&#8221;&#8221;]<\/p>\n<h4 class=\"ttl_feature\">Embreagem deslizante<\/h4>\n<p>Projetada para oferecer uma pilotagem mais suave e segura, a embreagem deslizante conta com um mecanismo inteligente que reduz significativamente o esfor\u00e7o necess\u00e1rio para acionamento. Em situa\u00e7\u00f5es de redu\u00e7\u00e3o brusca de marcha, ela atua de forma eficaz para evitar o travamento da roda traseira, garantindo maior estabilidade e controle.<\/p>\n<h4 class=\"ttl_feature\">Emergency Stop Signal (ESS)<\/h4>\n<p>A\u00a0<b>Honda CB 650R<\/b>\u00a0conta com sistema Emergency Stop Signal (ESS), uma tecnologia de preven\u00e7\u00e3o de colis\u00f5es traseiras. No caso de uma frenagem brusca, o sistema aciona automaticamente o pisca-alerta, fazendo as setas traseiras piscarem para alertar os ve\u00edculos que est\u00e3o atr\u00e1s sobre uma emerg\u00eancia, ajudando a prevenir acidentes.<\/p>\n<h4 class=\"ttl_feature\">Honda Selectable Torque Control (HSTC)<\/h4>\n<p>A\u00a0<b>nova CB 650R E-Clutch<\/b>\u00a0\u00e9 equipada com o sistema HSTC , que eleva o n\u00edvel de seguran\u00e7a e controle durante a pilotagem. Utilizando sensores de velocidade nas rodas, o sistema monitora constantemente a rota\u00e7\u00e3o e atua de forma inteligente para evitar a perda de tra\u00e7\u00e3o em situa\u00e7\u00f5es de baixa ader\u00eancia.[\/vc_column_text]<\/div><\/div>[\/vc_column][\/vc_row][vc_row css_animation=&#8221;&#8221; row_type=&#8221;row&#8221; use_row_as_full_screen_section=&#8221;no&#8221; type=&#8221;full_width&#8221; angled_section=&#8221;no&#8221; text_align=&#8221;left&#8221; background_image_as_pattern=&#8221;without_pattern&#8221; z_index=&#8221;&#8221; css=&#8221;.vc_custom_1562770796079{background-color: #f4f4f4 !important;}&#8221;][vc_column][vc_empty_space][vc_text_separator title=&#8221;Galeria de Fotos&#8221; border=&#8221;no&#8221; title_color=&#8221;#0a0a0a&#8221; background_color=&#8221;#f4f4f4&#8243;][vc_empty_space height=&#8221;12px&#8221;]<div class=\"qode-advanced-image-gallery  qode-aig-grid-type qode-no-space  qode-image-behavior-lightbox \">\n\t<div class=\"qode-aig-inner qode-outer-space qode-aig-grid qode-aig-three-columns\">\n\t\t\t\t\t<div class=\"qode-aig-image qode-item-space\">\n\t\t\t\t<div class=\"qode-aig-image-inner\">\n\t\t\t\t\t\t\t\t\t\t\t<a itemprop=\"image\" class=\"qode-aig-lightbox\" href=\"https:\/\/www.paubrasilmotos.com.br\/valedosaofrancisco\/wp-content\/uploads\/2025\/07\/Foto-4-1.jpg\" data-rel=\"prettyPhoto[image_gallery_pretty_photo-107]\" title=\"Foto-4\">\n\t\t\t\t\t\t\t\t\t\t\t<img fetchpriority=\"high\" decoding=\"async\" width=\"1024\" height=\"683\" src=\"https:\/\/www.paubrasilmotos.com.br\/valedosaofrancisco\/wp-content\/uploads\/2025\/07\/Foto-4-1-1024x683.jpg\" class=\"attachment-large size-large\" alt=\"\" srcset=\"https:\/\/www.paubrasilmotos.com.br\/valedosaofrancisco\/wp-content\/uploads\/2025\/07\/Foto-4-1-1024x683.jpg 1024w, https:\/\/www.paubrasilmotos.com.br\/valedosaofrancisco\/wp-content\/uploads\/2025\/07\/Foto-4-1-300x200.jpg 300w, https:\/\/www.paubrasilmotos.com.br\/valedosaofrancisco\/wp-content\/uploads\/2025\/07\/Foto-4-1-768x512.jpg 768w, https:\/\/www.paubrasilmotos.com.br\/valedosaofrancisco\/wp-content\/uploads\/2025\/07\/Foto-4-1-700x467.jpg 700w, https:\/\/www.paubrasilmotos.com.br\/valedosaofrancisco\/wp-content\/uploads\/2025\/07\/Foto-4-1.jpg 1200w\" sizes=\"(max-width: 1024px) 100vw, 1024px\" \/>\t\t\t\t\t\t<span class=\"aig-gallery-hover\">\n\t\t\t\t\t\t\t\t\t\t\t\t\t<\/span>\n\t\t\t\t\t\t\t\t\t\t\t<\/a>\n\t\t\t\t\t\t\t\t\t<\/div>\n\t\t\t<\/div>\n\t\t\t\t\t\t\t\t<div class=\"qode-aig-image qode-item-space\">\n\t\t\t\t<div class=\"qode-aig-image-inner\">\n\t\t\t\t\t\t\t\t\t\t\t<a itemprop=\"image\" class=\"qode-aig-lightbox\" href=\"https:\/\/www.paubrasilmotos.com.br\/valedosaofrancisco\/wp-content\/uploads\/2025\/07\/Foto-1-1.jpg\" data-rel=\"prettyPhoto[image_gallery_pretty_photo-107]\" title=\"Foto-1\">\n\t\t\t\t\t\t\t\t\t\t\t<img decoding=\"async\" width=\"1024\" height=\"683\" src=\"https:\/\/www.paubrasilmotos.com.br\/valedosaofrancisco\/wp-content\/uploads\/2025\/07\/Foto-1-1-1024x683.jpg\" class=\"attachment-large size-large\" alt=\"\" srcset=\"https:\/\/www.paubrasilmotos.com.br\/valedosaofrancisco\/wp-content\/uploads\/2025\/07\/Foto-1-1-1024x683.jpg 1024w, https:\/\/www.paubrasilmotos.com.br\/valedosaofrancisco\/wp-content\/uploads\/2025\/07\/Foto-1-1-300x200.jpg 300w, https:\/\/www.paubrasilmotos.com.br\/valedosaofrancisco\/wp-content\/uploads\/2025\/07\/Foto-1-1-768x512.jpg 768w, https:\/\/www.paubrasilmotos.com.br\/valedosaofrancisco\/wp-content\/uploads\/2025\/07\/Foto-1-1-700x467.jpg 700w, https:\/\/www.paubrasilmotos.com.br\/valedosaofrancisco\/wp-content\/uploads\/2025\/07\/Foto-1-1.jpg 1200w\" sizes=\"(max-width: 1024px) 100vw, 1024px\" \/>\t\t\t\t\t\t<span class=\"aig-gallery-hover\">\n\t\t\t\t\t\t\t\t\t\t\t\t\t<\/span>\n\t\t\t\t\t\t\t\t\t\t\t<\/a>\n\t\t\t\t\t\t\t\t\t<\/div>\n\t\t\t<\/div>\n\t\t\t\t\t\t\t\t<div class=\"qode-aig-image qode-item-space\">\n\t\t\t\t<div class=\"qode-aig-image-inner\">\n\t\t\t\t\t\t\t\t\t\t\t<a itemprop=\"image\" class=\"qode-aig-lightbox\" href=\"https:\/\/www.paubrasilmotos.com.br\/valedosaofrancisco\/wp-content\/uploads\/2025\/07\/Foto-2-1.jpg\" data-rel=\"prettyPhoto[image_gallery_pretty_photo-107]\" title=\"Foto-2\">\n\t\t\t\t\t\t\t\t\t\t\t<img decoding=\"async\" width=\"1024\" height=\"683\" src=\"https:\/\/www.paubrasilmotos.com.br\/valedosaofrancisco\/wp-content\/uploads\/2025\/07\/Foto-2-1-1024x683.jpg\" class=\"attachment-large size-large\" alt=\"\" srcset=\"https:\/\/www.paubrasilmotos.com.br\/valedosaofrancisco\/wp-content\/uploads\/2025\/07\/Foto-2-1-1024x683.jpg 1024w, https:\/\/www.paubrasilmotos.com.br\/valedosaofrancisco\/wp-content\/uploads\/2025\/07\/Foto-2-1-300x200.jpg 300w, https:\/\/www.paubrasilmotos.com.br\/valedosaofrancisco\/wp-content\/uploads\/2025\/07\/Foto-2-1-768x512.jpg 768w, https:\/\/www.paubrasilmotos.com.br\/valedosaofrancisco\/wp-content\/uploads\/2025\/07\/Foto-2-1-700x467.jpg 700w, https:\/\/www.paubrasilmotos.com.br\/valedosaofrancisco\/wp-content\/uploads\/2025\/07\/Foto-2-1.jpg 1200w\" sizes=\"(max-width: 1024px) 100vw, 1024px\" \/>\t\t\t\t\t\t<span class=\"aig-gallery-hover\">\n\t\t\t\t\t\t\t\t\t\t\t\t\t<\/span>\n\t\t\t\t\t\t\t\t\t\t\t<\/a>\n\t\t\t\t\t\t\t\t\t<\/div>\n\t\t\t<\/div>\n\t\t\t\t\t\t\t\t<div class=\"qode-aig-image qode-item-space\">\n\t\t\t\t<div class=\"qode-aig-image-inner\">\n\t\t\t\t\t\t\t\t\t\t\t<a itemprop=\"image\" class=\"qode-aig-lightbox\" href=\"https:\/\/www.paubrasilmotos.com.br\/valedosaofrancisco\/wp-content\/uploads\/2025\/07\/Foto-3-1.jpg\" data-rel=\"prettyPhoto[image_gallery_pretty_photo-107]\" title=\"Foto-3\">\n\t\t\t\t\t\t\t\t\t\t\t<img loading=\"lazy\" decoding=\"async\" width=\"1024\" height=\"683\" src=\"https:\/\/www.paubrasilmotos.com.br\/valedosaofrancisco\/wp-content\/uploads\/2025\/07\/Foto-3-1-1024x683.jpg\" class=\"attachment-large size-large\" alt=\"\" srcset=\"https:\/\/www.paubrasilmotos.com.br\/valedosaofrancisco\/wp-content\/uploads\/2025\/07\/Foto-3-1-1024x683.jpg 1024w, https:\/\/www.paubrasilmotos.com.br\/valedosaofrancisco\/wp-content\/uploads\/2025\/07\/Foto-3-1-300x200.jpg 300w, https:\/\/www.paubrasilmotos.com.br\/valedosaofrancisco\/wp-content\/uploads\/2025\/07\/Foto-3-1-768x512.jpg 768w, https:\/\/www.paubrasilmotos.com.br\/valedosaofrancisco\/wp-content\/uploads\/2025\/07\/Foto-3-1-700x467.jpg 700w, https:\/\/www.paubrasilmotos.com.br\/valedosaofrancisco\/wp-content\/uploads\/2025\/07\/Foto-3-1.jpg 1200w\" sizes=\"(max-width: 1024px) 100vw, 1024px\" \/>\t\t\t\t\t\t<span class=\"aig-gallery-hover\">\n\t\t\t\t\t\t\t\t\t\t\t\t\t<\/span>\n\t\t\t\t\t\t\t\t\t\t\t<\/a>\n\t\t\t\t\t\t\t\t\t<\/div>\n\t\t\t<\/div>\n\t\t\t\t\t\t<\/div>\n<\/div>[\/vc_column][\/vc_row][vc_row css_animation=&#8221;&#8221; row_type=&#8221;row&#8221; use_row_as_full_screen_section=&#8221;no&#8221; type=&#8221;grid&#8221; angled_section=&#8221;no&#8221; text_align=&#8221;left&#8221; background_image_as_pattern=&#8221;without_pattern&#8221; css=&#8221;.vc_custom_1563462258110{padding-top: 100px !important;}&#8221; z_index=&#8221;&#8221;][vc_column width=&#8221;1\/3&#8243; offset=&#8221;vc_col-lg-offset-0 vc_col-lg-4 vc_col-md-offset-0 vc_col-md-4 vc_col-sm-offset-1&#8243;]<div class='q_icon_with_title tiny normal_icon center qode_iwt_hover_enabled '><div class=\"icon_holder \" style=\" \"><span data-icon-type=\"normal\" class=\"qode_iwt_icon_holder q_font_awsome_icon fa-lg  \"><i class=\"qode_icon_font_awesome fa  qode_iwt_icon_element\"><\/i><\/span><\/div><div class=\"icon_text_holder\" style=\"\"><div class=\"icon_text_inner\" style=\"\"><h2 class=\"icon_title\" style=\"font-weight: 400;\">3 anos de garantia + Honda Assistance<\/h2><div class=\"separator small left\" style=\"height: 2px;width: 20px;margin-bottom: 15px;\"><\/div><p style='color: #0a0a0a'>3 anos de garantia, sem limite de quilometragem. Honda Assistance com servi\u00e7o gratuito por 3 anos, por todo o per\u00edodo da garantia do produto. A cobertura abrange o Brasil, Chile, Argentina, Uruguai, Paraguai e Bol\u00edvia.<\/p><\/div><\/div><\/div>[vc_empty_space height=&#8221;48px&#8221;][\/vc_column][vc_column width=&#8221;1\/3&#8243; offset=&#8221;vc_col-lg-offset-0 vc_col-lg-4 vc_col-md-offset-0 vc_col-md-4 vc_col-sm-offset-1&#8243;]<div class='q_icon_with_title tiny normal_icon center qode_iwt_hover_enabled '><div class=\"icon_holder \" style=\" \"><span data-icon-type=\"normal\" class=\"qode_iwt_icon_holder q_font_awsome_icon fa-lg  \"><i class=\"qode_icon_font_awesome fa  qode_iwt_icon_element\"><\/i><\/span><\/div><div class=\"icon_text_holder\" style=\"\"><div class=\"icon_text_inner\" style=\"\"><h2 class=\"icon_title\" style=\"font-weight: 400;\">Servi\u00e7o Expresso<\/h2><div class=\"separator small left\" style=\"height: 2px;width: 20px;margin-bottom: 15px;\"><\/div><p style='color: #0a0a0a'>Maior conveni\u00eancia e agilidade na inspe\u00e7\u00e3o gratuita de 21 itens. Os reparos nas motocicletas s\u00e3o feitos na sua frente em boxes exclusivos e em at\u00e9 1 hora.<\/p><\/div><\/div><\/div>[vc_empty_space height=&#8221;48px&#8221;][\/vc_column][vc_column width=&#8221;1\/3&#8243; offset=&#8221;vc_col-lg-offset-0 vc_col-lg-4 vc_col-md-offset-0 vc_col-md-4 vc_col-sm-offset-1&#8243;]<div class='q_icon_with_title tiny normal_icon center qode_iwt_hover_enabled '><div class=\"icon_holder \" style=\" \"><span data-icon-type=\"normal\" class=\"qode_iwt_icon_holder q_font_awsome_icon fa-lg  \"><i class=\"qode_icon_font_awesome fa  qode_iwt_icon_element\"><\/i><\/span><\/div><div class=\"icon_text_holder\" style=\"\"><div class=\"icon_text_inner\" style=\"\"><h2 class=\"icon_title\" style=\"font-weight: 400;\">Maior rede de concession\u00e1rias do Brasil<\/h2><div class=\"separator small left\" style=\"height: 2px;width: 20px;margin-bottom: 15px;\"><\/div><p style='color: #0a0a0a'>Sempre haver\u00e1 uma Honda perto de voc\u00ea onde quer que voc\u00ea esteja. S\u00e3o diversas concession\u00e1rias espalhadas por todo o Brasil.<\/p><\/div><\/div><\/div>[vc_empty_space height=&#8221;48px&#8221;][\/vc_column][\/vc_row]<\/p>\n<\/div>","protected":false},"excerpt":{"rendered":"<p>[vc_row css_animation=&#8221;&#8221; row_type=&#8221;row&#8221; use_row_as_full_screen_section=&#8221;no&#8221; type=&#8221;grid&#8221; angled_section=&#8221;no&#8221; text_align=&#8221;left&#8221; background_image_as_pattern=&#8221;without_pattern&#8221; css=&#8221;.vc_custom_1562769455597{background-color: #ffffff !important;}&#8221; z_index=&#8221;&#8221;][vc_column width=&#8221;1\/2&#8243;][vc_single_image image=&#8221;1963&#8243; img_size=&#8221;600&#215;380&#8243; css=&#8221;&#8221; qode_css_animation=&#8221;&#8221;][vc_zigzag css=&#8221;.vc_custom_1562769673606{padding-top: 20px !important;padding-bottom: 20px !important;}&#8221;][vc_empty_space][qode_elements_holder number_of_columns=&#8221;one_column&#8221;][qode_elements_holder_item vertical_alignment=&#8221;middle&#8221; horizontal_alignment=&#8221;center&#8221; advanced_animations=&#8221;no&#8221;][\/qode_elements_holder_item][\/qode_elements_holder][\/vc_column][vc_column width=&#8221;1\/2&#8243;][\/vc_column][\/vc_row][vc_row css_animation=&#8221;&#8221; row_type=&#8221;row&#8221; use_row_as_full_screen_section=&#8221;no&#8221; type=&#8221;full_width&#8221; angled_section=&#8221;no&#8221; text_align=&#8221;left&#8221; background_image_as_pattern=&#8221;without_pattern&#8221; z_index=&#8221;&#8221; css=&#8221;.vc_custom_1562770796079{background-color: #f4f4f4 !important;}&#8221;][vc_column][vc_empty_space][vc_text_separator title=&#8221;Galeria de Fotos&#8221; border=&#8221;no&#8221; title_color=&#8221;#0a0a0a&#8221; background_color=&#8221;#f4f4f4&#8243;][vc_empty_space height=&#8221;12px&#8221;][\/vc_column][\/vc_row][vc_row&#8230;<\/p>\n","protected":false},"author":1,"featured_media":1963,"parent":0,"menu_order":0,"comment_status":"closed","ping_status":"closed","template":"full_width.php","meta":{"footnotes":""},"class_list":["post-1962","page","type-page","status-publish","has-post-thumbnail","hentry"],"jetpack_sharing_enabled":true,"_links":{"self":[{"href":"https:\/\/www.paubrasilmotos.com.br\/valedosaofrancisco\/wp-json\/wp\/v2\/pages\/1962","targetHints":{"allow":["GET"]}}],"collection":[{"href":"https:\/\/www.paubrasilmotos.com.br\/valedosaofrancisco\/wp-json\/wp\/v2\/pages"}],"about":[{"href":"https:\/\/www.paubrasilmotos.com.br\/valedosaofrancisco\/wp-json\/wp\/v2\/types\/page"}],"author":[{"embeddable":true,"href":"https:\/\/www.paubrasilmotos.com.br\/valedosaofrancisco\/wp-json\/wp\/v2\/users\/1"}],"replies":[{"embeddable":true,"href":"https:\/\/www.paubrasilmotos.com.br\/valedosaofrancisco\/wp-json\/wp\/v2\/comments?post=1962"}],"version-history":[{"count":0,"href":"https:\/\/www.paubrasilmotos.com.br\/valedosaofrancisco\/wp-json\/wp\/v2\/pages\/1962\/revisions"}],"wp:featuredmedia":[{"embeddable":true,"href":"https:\/\/www.paubrasilmotos.com.br\/valedosaofrancisco\/wp-json\/wp\/v2\/media\/1963"}],"wp:attachment":[{"href":"https:\/\/www.paubrasilmotos.com.br\/valedosaofrancisco\/wp-json\/wp\/v2\/media?parent=1962"}],"curies":[{"name":"wp","href":"https:\/\/api.w.org\/{rel}","templated":true}]}}