{"id":1906,"date":"2025-02-04T15:34:04","date_gmt":"2025-02-04T18:34:04","guid":{"rendered":"https:\/\/www.paubrasilmotos.com.br\/valedosaofrancisco\/?page_id=1906"},"modified":"2025-09-04T09:22:37","modified_gmt":"2025-09-04T12:22:37","slug":"cb-300f-twister-cbs","status":"publish","type":"page","link":"https:\/\/www.paubrasilmotos.com.br\/valedosaofrancisco\/cb-300f-twister-cbs\/","title":{"rendered":"CB 300F Twister CBS"},"content":{"rendered":"<div class=\"wpb-content-wrapper\"><p>[vc_row css_animation=&#8221;&#8221; row_type=&#8221;row&#8221; use_row_as_full_screen_section=&#8221;no&#8221; type=&#8221;grid&#8221; angled_section=&#8221;no&#8221; text_align=&#8221;left&#8221; background_image_as_pattern=&#8221;without_pattern&#8221; css=&#8221;.vc_custom_1562769455597{background-color: #ffffff !important;}&#8221; z_index=&#8221;&#8221;][vc_column width=&#8221;1\/2&#8243;][vc_single_image image=&#8221;1996&#8243; img_size=&#8221;600&#215;380&#8243; css=&#8221;&#8221; qode_css_animation=&#8221;&#8221;][vc_zigzag css=&#8221;.vc_custom_1562769673606{padding-top: 20px !important;padding-bottom: 20px !important;}&#8221;][vc_empty_space][qode_elements_holder number_of_columns=&#8221;one_column&#8221;][qode_elements_holder_item vertical_alignment=&#8221;middle&#8221; horizontal_alignment=&#8221;center&#8221; advanced_animations=&#8221;no&#8221;]\n\t<div class=\"qode-3d-button-holder\">\n\n\t<a href=\"https:\/\/www.paubrasilmotos.com.br\/valedosaofrancisco\/tenho-interesse\/\" target=\"_blank\" style=\"color: #ffffff;background-color: #c20e1a;font-size: 20px;font-weight: 700\" class=\"qode-btn qode-btn-medium qode-btn-solid qode-btn-custom-hover-bg qode-btn-custom-hover-color qode-btn-3d-hover\" data-hover-bg-color=\"#ac0f19\" data-hover-color=\"#ffffff\" >\n\t    <span class=\"qode-btn-text\">Tenho Interesse<\/span>\t<\/a>\n\n\t\t<a href=\"https:\/\/www.paubrasilmotos.com.br\/valedosaofrancisco\/tenho-interesse\/\" target=\"_blank\" style=\"color: #ffffff;background-color: #c20e1a;font-size: 20px;font-weight: 700\" class=\"qode-btn qode-btn-medium qode-btn-solid qode-btn-custom-hover-bg qode-btn-custom-hover-color qode-btn-3d-hover\" data-hover-bg-color=\"#ac0f19\" data-hover-color=\"#ffffff\" >\n\t\t    <span class=\"qode-btn-text\">Tenho Interesse<\/span>\t\t<\/a>\n\t<\/div>\n\n\t<div class=\"qode-3d-button-holder\">\n\n\t<a href=\"https:\/\/www.paubrasilmotos.com.br\/formularioMyHonda\/?IdEstado=0&#038;IdModelo=13&#038;IdTipoVenda=6\" target=\"_blank\" style=\"color: #ffffff;background-color: #c20e1a;font-size: 20px;font-weight: 700\" class=\"qode-btn qode-btn-medium qode-btn-solid qode-btn-custom-hover-bg qode-btn-custom-hover-color qode-btn-3d-hover\" data-hover-bg-color=\"#ac0f19\" data-hover-color=\"#ffffff\" >\n\t    <span class=\"qode-btn-text\">Agende Test Ride<\/span>\t<\/a>\n\n\t\t<a href=\"https:\/\/www.paubrasilmotos.com.br\/formularioMyHonda\/?IdEstado=0&#038;IdModelo=13&#038;IdTipoVenda=6\" target=\"_blank\" style=\"color: #ffffff;background-color: #c20e1a;font-size: 20px;font-weight: 700\" class=\"qode-btn qode-btn-medium qode-btn-solid qode-btn-custom-hover-bg qode-btn-custom-hover-color qode-btn-3d-hover\" data-hover-bg-color=\"#ac0f19\" data-hover-color=\"#ffffff\" >\n\t\t    <span class=\"qode-btn-text\">Agende Test Ride<\/span>\t\t<\/a>\n\t<\/div>\n\n\t<div class=\"qode-3d-button-holder\">\n\n\t<a href=\"https:\/\/api.whatsapp.com\/send?phone=551938647080&#038;text=Ol%C3%A1!%20Tenho%20interesse%20neste%20produto.%20%23chave%3A%20a324M000009g7G6QAI\" target=\"_blank\" style=\"color: #ffffff;background-color: #c20e1a;font-size: 20px;font-weight: 700\" class=\"qode-btn qode-btn-medium qode-btn-solid qode-btn-custom-hover-bg qode-btn-custom-hover-color qode-btn-icon qode-btn-3d-hover\" data-hover-bg-color=\"#ac0f19\" data-hover-color=\"#ffffff\" >\n\t    <span class=\"qode-btn-text\">Whatsapp<\/span><span class=\"qode-button-v2-icon-holder\"  ><i class=\"qode_icon_font_awesome fa fa-whatsapp qode-button-v2-icon-holder-inner\" ><\/i><\/span>\t<\/a>\n\n\t\t<a href=\"https:\/\/api.whatsapp.com\/send?phone=551938647080&#038;text=Ol%C3%A1!%20Tenho%20interesse%20neste%20produto.%20%23chave%3A%20a324M000009g7G6QAI\" target=\"_blank\" style=\"color: #ffffff;background-color: #c20e1a;font-size: 20px;font-weight: 700\" class=\"qode-btn qode-btn-medium qode-btn-solid qode-btn-custom-hover-bg qode-btn-custom-hover-color qode-btn-icon qode-btn-3d-hover\" data-hover-bg-color=\"#ac0f19\" data-hover-color=\"#ffffff\" >\n\t\t    <span class=\"qode-btn-text\">Whatsapp<\/span><span class=\"qode-button-v2-icon-holder\"  ><i class=\"qode_icon_font_awesome fa fa-whatsapp qode-button-v2-icon-holder-inner\" ><\/i><\/span>\t\t<\/a>\n\t<\/div>\n[\/qode_elements_holder_item][\/qode_elements_holder][\/vc_column][vc_column width=&#8221;1\/2&#8243;]<div class=\"qode-advanced-tabs qode-advanced-tabs qode-advanced-horizontal-tab clearfix qode-advanced-tab-without-icon qode-advanced-tabs-column-2 clearfix\">\n\t<ul class=\"qode-advanced-tabs-nav\">\n\t\t\t\t\t<li>\n\t\t\t\t<h3>\n\t\t\t\t\t<a href=\"#tab-caracteristicas\">\n\t\t\t\t\t\t\n\t\t\t\t\t\t\t\t\t\t\t\t\t<span class=\"qode-advanced-tab-text-after-icon\">\n\t\t\t\t\t\t\t\tCaracteristicas\t\t\t\t\t\t\t<\/span>\n\t\t\t\t\t\t\t\t\t\t\t<\/a>\n\t\t\t\t<\/h3>\n\t\t\t<\/li>\n\t\t\t\t\t<li>\n\t\t\t\t<h3>\n\t\t\t\t\t<a href=\"#tab-especificacoes\">\n\t\t\t\t\t\t\n\t\t\t\t\t\t\t\t\t\t\t\t\t<span class=\"qode-advanced-tab-text-after-icon\">\n\t\t\t\t\t\t\t\tEspecifica\u00e7\u00f5es\t\t\t\t\t\t\t<\/span>\n\t\t\t\t\t\t\t\t\t\t\t<\/a>\n\t\t\t\t<\/h3>\n\t\t\t<\/li>\n\t\t\t<\/ul>\n\t<div class=\"qode-advanced-tab-container\" id=\"tab-caracteristicas-920\" data-icon-pack=\"\" data-icon-html=\"\">[vc_column_text]<\/p>\n<h3>Design<\/h3>\n<p>[\/vc_column_text][vc_empty_space height=&#8221;15px&#8221;][vc_column_text css=&#8221;&#8221;]Na vers\u00e3o CBS, a tradi\u00e7\u00e3o se une \u00e0 efici\u00eancia. O sistema CBS distribui a frenagem entre as rodas, proporcionando um controle equilibrado e uma resposta imediata, ideal para quem busca uma condu\u00e7\u00e3o confort\u00e1vel no dia a dia.<\/p>\n<h4 class=\"ttl_feature\">Novo Design<\/h4>\n<p>A\u00a0<b>CB 300F Twister<\/b>\u00a0traz um design ousado e futurista, com linhas din\u00e2micas que refletem sua personalidade esportiva e inovadora.<\/p>\n<h4 class=\"ttl_feature\">Tampa do Tanque<\/h4>\n<p>Inspirada nas motos de alta cilindrada, a\u00a0<b>tampa do tanque<\/b>\u00a0oferece um toque de sofistica\u00e7\u00e3o ao design, complementando a identidade da moto.<\/p>\n<h4 class=\"ttl_feature\">Assento Bipartido<\/h4>\n<p>O\u00a0<b>assento bipartido<\/b>\u00a0proporciona conforto tanto para o piloto quanto para o passageiro, al\u00e9m de adicionar uma est\u00e9tica esportiva \u00e0 motocicleta.[\/vc_column_text][vc_empty_space height=&#8221;30px&#8221;][vc_column_text]<\/p>\n<h3>Tecnologia<\/h3>\n<p>[\/vc_column_text][vc_empty_space height=&#8221;15px&#8221;][vc_column_text css=&#8221;&#8221;]<\/p>\n<h4 class=\"ttl_feature\">Entrada USB-C<\/h4>\n<p>A\u00a0<b>entrada USB-C<\/b>\u00a0permite que voc\u00ea mantenha seus dispositivos carregados enquanto explora novos caminhos.<\/p>\n<h4 class=\"ttl_feature\">Transmiss\u00e3o de 6 marchas<\/h4>\n<p>Com a\u00a0<b>transmiss\u00e3o de 6 marchas<\/b>, a nova CB 300F Twister garante uma pilotagem mais suave e econ\u00f4mica, proporcionando maior controle e desempenho em diferentes situa\u00e7\u00f5es.<\/p>\n<h4 class=\"ttl_feature\">Embreagem deslizante<\/h4>\n<p>Com uma\u00a0<b>embreagem deslizante<\/b>, as trocas de marchas s\u00e3o mais suaves, proporcionando uma pilotagem fluida e mais agrad\u00e1vel.<\/p>\n<h4 class=\"ttl_feature\">Tecnologia Flex One<\/h4>\n<p>A\u00a0<b>tecnologia Flex One<\/b>\u00a0permite o uso de gasolina ou etanol, garantindo mais versatilidade e economia no seu dia a dia.[\/vc_column_text][vc_empty_space height=&#8221;30px&#8221;][vc_column_text]<\/p>\n<h3>Seguran\u00e7a<\/h3>\n<p>[\/vc_column_text][vc_empty_space height=&#8221;15px&#8221;][vc_column_text css=&#8221;&#8221;]<\/p>\n<h4 class=\"ttl_feature\">Suspens\u00e3o<\/h4>\n<p>A\u00a0<b>suspens\u00e3o<\/b>\u00a0foi otimizada para absorver ainda mais impactos, oferecendo conforto e suavidade em qualquer percurso.<\/p>\n<h4 class=\"ttl_feature\">Ilumina\u00e7\u00e3o Full LED<\/h4>\n<p>Com\u00a0<b>ilumina\u00e7\u00e3o Full LED<\/b>, a Twister proporciona visibilidade aprimorada e um visual moderno.[\/vc_column_text]<\/div><div class=\"qode-advanced-tab-container\" id=\"tab-especificacoes-308\" data-icon-pack=\"\" data-icon-html=\"\">[vc_column_text]<\/p>\n<table class=\"espec\">\n<tbody>\n<tr>\n<td class=\"subTitle\" style=\"text-align: center;\" colspan=\"2\"><strong>Capacidades<\/strong><\/td>\n<\/tr>\n<tr>\n<td width=\"250\">\u00d3leo do motor<\/td>\n<td colspan=\"2\">2 litros<\/td>\n<\/tr>\n<tr>\n<td width=\"250\">Tanque de combust\u00edvel\/Reserva<\/td>\n<td colspan=\"2\">14,1 litros<\/td>\n<\/tr>\n<tr>\n<td class=\"subTitle\" style=\"text-align: center;\" colspan=\"2\"><strong>Chassi<\/strong><\/td>\n<\/tr>\n<tr>\n<td width=\"250\">Freio dianteiro\/Di\u00e2metro<\/td>\n<td colspan=\"2\">A disco \/ 276 mm<\/td>\n<\/tr>\n<tr>\n<td width=\"250\">Freio traseiro\/Di\u00e2metro<\/td>\n<td colspan=\"2\">A disco \/ 220 mm<\/td>\n<\/tr>\n<tr>\n<td width=\"250\">Pneu dianteiro<\/td>\n<td colspan=\"2\">110\/70 &#8211; 17&#8243;<\/td>\n<\/tr>\n<tr>\n<td width=\"250\">Pneu traseiro<\/td>\n<td colspan=\"2\">150\/60 &#8211; 17&#8243;<\/td>\n<\/tr>\n<tr>\n<td width=\"250\">Suspens\u00e3o dianteira \/ curso<\/td>\n<td colspan=\"2\">Garfo telesc\u00f3pico \/ 130 mm<\/td>\n<\/tr>\n<tr>\n<td width=\"250\">Suspens\u00e3o traseira \/ curso<\/td>\n<td colspan=\"2\">Mono Shock \/ 120 mm<\/td>\n<\/tr>\n<tr>\n<td width=\"250\">Tipo<\/td>\n<td colspan=\"2\">Diamond Frame<\/td>\n<\/tr>\n<tr>\n<td class=\"subTitle\" style=\"text-align: center;\" colspan=\"2\"><strong>Dimens\u00f5es<\/strong><\/td>\n<\/tr>\n<tr>\n<td width=\"250\">Altura do assento<\/td>\n<td colspan=\"2\">789 mm<\/td>\n<\/tr>\n<tr>\n<td width=\"250\">Comprimento x largura x altura<\/td>\n<td colspan=\"2\">2084 x 755 x 1075 mm<\/td>\n<\/tr>\n<tr>\n<td width=\"250\">Dist\u00e2ncia entre eixos<\/td>\n<td colspan=\"2\">1390 mm<\/td>\n<\/tr>\n<tr>\n<td width=\"250\">Dist\u00e2ncia m\u00ednima do solo<\/td>\n<td colspan=\"2\">177 mm<\/td>\n<\/tr>\n<tr>\n<td width=\"250\">Peso seco<\/td>\n<td colspan=\"2\">139 kg (ABS \/ CBS)<\/td>\n<\/tr>\n<tr>\n<td class=\"subTitle\" style=\"text-align: center;\" colspan=\"2\"><strong>Motor<\/strong><\/td>\n<\/tr>\n<tr>\n<td width=\"250\">Cilindrada<\/td>\n<td colspan=\"2\">293,5 cc<\/td>\n<\/tr>\n<tr>\n<td width=\"250\">Combust\u00edvel<\/td>\n<td colspan=\"2\">Gasolina e\/ou Etanol<\/td>\n<\/tr>\n<tr>\n<td width=\"250\">Di\u00e2metro x curso (mil\u00edmetros)<\/td>\n<td colspan=\"2\">77,0 x 63,0 mm<\/td>\n<\/tr>\n<tr>\n<td width=\"250\">Pot\u00eancia M\u00e1xima<\/td>\n<td colspan=\"2\">24,5 CV a 7.500 rpm (gasolina) \/ 24,7 CV a 7.500 rpm (etanol)<\/td>\n<\/tr>\n<tr>\n<td width=\"250\">Rela\u00e7\u00e3o de Compress\u00e3o<\/td>\n<td colspan=\"2\">9,3 : 1<\/td>\n<\/tr>\n<tr>\n<td width=\"250\">Sistema de alimenta\u00e7\u00e3o<\/td>\n<td colspan=\"2\">Inje\u00e7\u00e3o Eletr\u00f4nica PGM-FI<\/td>\n<\/tr>\n<tr>\n<td width=\"250\">Sistema de partida<\/td>\n<td colspan=\"2\">El\u00e9trica<\/td>\n<\/tr>\n<tr>\n<td width=\"250\">Tipo<\/td>\n<td colspan=\"2\">OHC, monocil\u00edndrico, 4 tempos, arrefecido a ar.<\/td>\n<\/tr>\n<tr>\n<td width=\"250\">Torque M\u00e1ximo<\/td>\n<td colspan=\"2\">2,61 kgf.m a 5.500 rpm (gasolina) \/ 2,67 kgf.m a 5.500 (etanol)<\/td>\n<\/tr>\n<tr>\n<td width=\"250\">Transmiss\u00e3o<\/td>\n<td colspan=\"2\">6 velocidades<\/td>\n<\/tr>\n<tr>\n<td class=\"subTitle\" style=\"text-align: center;\" colspan=\"2\"><strong>Sistema El\u00e9trico<\/strong><\/td>\n<\/tr>\n<tr>\n<td width=\"250\">Bateria<\/td>\n<td colspan=\"2\">12V &#8211; 5 Ah<\/td>\n<\/tr>\n<tr>\n<td width=\"250\">Farol<\/td>\n<td colspan=\"2\">LED<\/td>\n<\/tr>\n<tr>\n<td width=\"250\">Igni\u00e7\u00e3o<\/td>\n<td colspan=\"2\">Eletr\u00f4nica<\/td>\n<\/tr>\n<\/tbody>\n<\/table>\n<p>[\/vc_column_text]<\/div><\/div>[\/vc_column][\/vc_row][vc_row css_animation=&#8221;&#8221; row_type=&#8221;row&#8221; use_row_as_full_screen_section=&#8221;no&#8221; type=&#8221;full_width&#8221; angled_section=&#8221;no&#8221; text_align=&#8221;left&#8221; background_image_as_pattern=&#8221;without_pattern&#8221; z_index=&#8221;&#8221; css=&#8221;.vc_custom_1562770796079{background-color: #f4f4f4 !important;}&#8221;][vc_column][vc_empty_space][vc_text_separator title=&#8221;Galeria de Fotos&#8221; border=&#8221;no&#8221; title_color=&#8221;#0a0a0a&#8221; background_color=&#8221;#f4f4f4&#8243;][vc_empty_space height=&#8221;12px&#8221;]<div class=\"qode-advanced-image-gallery  qode-aig-grid-type qode-no-space  qode-image-behavior-lightbox \">\n\t<div class=\"qode-aig-inner qode-outer-space qode-aig-grid qode-aig-three-columns\">\n\t\t\t\t\t<div class=\"qode-aig-image qode-item-space\">\n\t\t\t\t<div class=\"qode-aig-image-inner\">\n\t\t\t\t\t\t\t\t\t\t\t<a itemprop=\"image\" class=\"qode-aig-lightbox\" href=\"https:\/\/www.paubrasilmotos.com.br\/valedosaofrancisco\/wp-content\/uploads\/2025\/09\/cbs-twister4.jpg\" data-rel=\"prettyPhoto[image_gallery_pretty_photo-293]\" title=\"cbs-twister4\">\n\t\t\t\t\t\t\t\t\t\t\t<img fetchpriority=\"high\" decoding=\"async\" width=\"960\" height=\"617\" src=\"https:\/\/www.paubrasilmotos.com.br\/valedosaofrancisco\/wp-content\/uploads\/2025\/09\/cbs-twister4.jpg\" class=\"attachment-large size-large\" alt=\"\" srcset=\"https:\/\/www.paubrasilmotos.com.br\/valedosaofrancisco\/wp-content\/uploads\/2025\/09\/cbs-twister4.jpg 960w, https:\/\/www.paubrasilmotos.com.br\/valedosaofrancisco\/wp-content\/uploads\/2025\/09\/cbs-twister4-300x193.jpg 300w, https:\/\/www.paubrasilmotos.com.br\/valedosaofrancisco\/wp-content\/uploads\/2025\/09\/cbs-twister4-768x494.jpg 768w, https:\/\/www.paubrasilmotos.com.br\/valedosaofrancisco\/wp-content\/uploads\/2025\/09\/cbs-twister4-700x450.jpg 700w\" sizes=\"(max-width: 960px) 100vw, 960px\" \/>\t\t\t\t\t\t<span class=\"aig-gallery-hover\">\n\t\t\t\t\t\t\t\t\t\t\t\t\t<\/span>\n\t\t\t\t\t\t\t\t\t\t\t<\/a>\n\t\t\t\t\t\t\t\t\t<\/div>\n\t\t\t<\/div>\n\t\t\t\t\t\t\t\t<div class=\"qode-aig-image qode-item-space\">\n\t\t\t\t<div class=\"qode-aig-image-inner\">\n\t\t\t\t\t\t\t\t\t\t\t<a itemprop=\"image\" class=\"qode-aig-lightbox\" href=\"https:\/\/www.paubrasilmotos.com.br\/valedosaofrancisco\/wp-content\/uploads\/2025\/09\/cbs-twister1.jpg\" data-rel=\"prettyPhoto[image_gallery_pretty_photo-293]\" title=\"cbs-twister1\">\n\t\t\t\t\t\t\t\t\t\t\t<img decoding=\"async\" width=\"1024\" height=\"587\" src=\"https:\/\/www.paubrasilmotos.com.br\/valedosaofrancisco\/wp-content\/uploads\/2025\/09\/cbs-twister1-1024x587.jpg\" class=\"attachment-large size-large\" alt=\"\" srcset=\"https:\/\/www.paubrasilmotos.com.br\/valedosaofrancisco\/wp-content\/uploads\/2025\/09\/cbs-twister1-1024x587.jpg 1024w, https:\/\/www.paubrasilmotos.com.br\/valedosaofrancisco\/wp-content\/uploads\/2025\/09\/cbs-twister1-300x172.jpg 300w, https:\/\/www.paubrasilmotos.com.br\/valedosaofrancisco\/wp-content\/uploads\/2025\/09\/cbs-twister1-768x441.jpg 768w, https:\/\/www.paubrasilmotos.com.br\/valedosaofrancisco\/wp-content\/uploads\/2025\/09\/cbs-twister1-345x198.jpg 345w, https:\/\/www.paubrasilmotos.com.br\/valedosaofrancisco\/wp-content\/uploads\/2025\/09\/cbs-twister1-700x402.jpg 700w, https:\/\/www.paubrasilmotos.com.br\/valedosaofrancisco\/wp-content\/uploads\/2025\/09\/cbs-twister1.jpg 1032w\" sizes=\"(max-width: 1024px) 100vw, 1024px\" \/>\t\t\t\t\t\t<span class=\"aig-gallery-hover\">\n\t\t\t\t\t\t\t\t\t\t\t\t\t<\/span>\n\t\t\t\t\t\t\t\t\t\t\t<\/a>\n\t\t\t\t\t\t\t\t\t<\/div>\n\t\t\t<\/div>\n\t\t\t\t\t\t\t\t<div class=\"qode-aig-image qode-item-space\">\n\t\t\t\t<div class=\"qode-aig-image-inner\">\n\t\t\t\t\t\t\t\t\t\t\t<a itemprop=\"image\" class=\"qode-aig-lightbox\" href=\"https:\/\/www.paubrasilmotos.com.br\/valedosaofrancisco\/wp-content\/uploads\/2025\/09\/cbs-twister2.jpg\" data-rel=\"prettyPhoto[image_gallery_pretty_photo-293]\" title=\"cbs-twister2\">\n\t\t\t\t\t\t\t\t\t\t\t<img decoding=\"async\" width=\"990\" height=\"577\" src=\"https:\/\/www.paubrasilmotos.com.br\/valedosaofrancisco\/wp-content\/uploads\/2025\/09\/cbs-twister2.jpg\" class=\"attachment-large size-large\" alt=\"\" srcset=\"https:\/\/www.paubrasilmotos.com.br\/valedosaofrancisco\/wp-content\/uploads\/2025\/09\/cbs-twister2.jpg 990w, https:\/\/www.paubrasilmotos.com.br\/valedosaofrancisco\/wp-content\/uploads\/2025\/09\/cbs-twister2-300x175.jpg 300w, https:\/\/www.paubrasilmotos.com.br\/valedosaofrancisco\/wp-content\/uploads\/2025\/09\/cbs-twister2-768x448.jpg 768w, https:\/\/www.paubrasilmotos.com.br\/valedosaofrancisco\/wp-content\/uploads\/2025\/09\/cbs-twister2-700x408.jpg 700w\" sizes=\"(max-width: 990px) 100vw, 990px\" \/>\t\t\t\t\t\t<span class=\"aig-gallery-hover\">\n\t\t\t\t\t\t\t\t\t\t\t\t\t<\/span>\n\t\t\t\t\t\t\t\t\t\t\t<\/a>\n\t\t\t\t\t\t\t\t\t<\/div>\n\t\t\t<\/div>\n\t\t\t\t\t\t\t\t<div class=\"qode-aig-image qode-item-space\">\n\t\t\t\t<div class=\"qode-aig-image-inner\">\n\t\t\t\t\t\t\t\t\t\t\t<a itemprop=\"image\" class=\"qode-aig-lightbox\" href=\"https:\/\/www.paubrasilmotos.com.br\/valedosaofrancisco\/wp-content\/uploads\/2025\/09\/cbs-twister3.jpg\" data-rel=\"prettyPhoto[image_gallery_pretty_photo-293]\" title=\"cbs-twister3\">\n\t\t\t\t\t\t\t\t\t\t\t<img loading=\"lazy\" decoding=\"async\" width=\"907\" height=\"577\" src=\"https:\/\/www.paubrasilmotos.com.br\/valedosaofrancisco\/wp-content\/uploads\/2025\/09\/cbs-twister3.jpg\" class=\"attachment-large size-large\" alt=\"\" srcset=\"https:\/\/www.paubrasilmotos.com.br\/valedosaofrancisco\/wp-content\/uploads\/2025\/09\/cbs-twister3.jpg 907w, https:\/\/www.paubrasilmotos.com.br\/valedosaofrancisco\/wp-content\/uploads\/2025\/09\/cbs-twister3-300x191.jpg 300w, https:\/\/www.paubrasilmotos.com.br\/valedosaofrancisco\/wp-content\/uploads\/2025\/09\/cbs-twister3-768x489.jpg 768w, https:\/\/www.paubrasilmotos.com.br\/valedosaofrancisco\/wp-content\/uploads\/2025\/09\/cbs-twister3-700x445.jpg 700w\" sizes=\"(max-width: 907px) 100vw, 907px\" \/>\t\t\t\t\t\t<span class=\"aig-gallery-hover\">\n\t\t\t\t\t\t\t\t\t\t\t\t\t<\/span>\n\t\t\t\t\t\t\t\t\t\t\t<\/a>\n\t\t\t\t\t\t\t\t\t<\/div>\n\t\t\t<\/div>\n\t\t\t\t\t\t<\/div>\n<\/div>[\/vc_column][\/vc_row][vc_row css_animation=&#8221;&#8221; row_type=&#8221;row&#8221; use_row_as_full_screen_section=&#8221;no&#8221; type=&#8221;grid&#8221; angled_section=&#8221;no&#8221; text_align=&#8221;left&#8221; background_image_as_pattern=&#8221;without_pattern&#8221; css=&#8221;.vc_custom_1563462258110{padding-top: 100px !important;}&#8221; z_index=&#8221;&#8221;][vc_column width=&#8221;1\/3&#8243; offset=&#8221;vc_col-lg-offset-0 vc_col-lg-4 vc_col-md-offset-0 vc_col-md-4 vc_col-sm-offset-1&#8243;]<div class='q_icon_with_title tiny normal_icon center qode_iwt_hover_enabled '><div class=\"icon_holder \" style=\" \"><span data-icon-type=\"normal\" class=\"qode_iwt_icon_holder q_font_awsome_icon fa-lg  \"><i class=\"qode_icon_font_awesome fa  qode_iwt_icon_element\"><\/i><\/span><\/div><div class=\"icon_text_holder\" style=\"\"><div class=\"icon_text_inner\" style=\"\"><h2 class=\"icon_title\" style=\"font-weight: 400;\">3 anos de garantia<\/h2><div class=\"separator small left\" style=\"height: 2px;width: 20px;margin-bottom: 15px;\"><\/div><p style='color: #0a0a0a'>Garantia Honda de 3 anos + \u00d3leo Genu\u00edno Honda gr\u00e1tis* em 7 revis\u00f5es. * O fornecimento gratuito do \u00f3leo \u00e9 v\u00e1lido a partir da 3\u00aa revis\u00e3o<\/p><\/div><\/div><\/div>[vc_empty_space height=&#8221;48px&#8221;][\/vc_column][vc_column width=&#8221;1\/3&#8243; offset=&#8221;vc_col-lg-offset-0 vc_col-lg-4 vc_col-md-offset-0 vc_col-md-4 vc_col-sm-offset-1&#8243;]<div class='q_icon_with_title tiny normal_icon center qode_iwt_hover_enabled '><div class=\"icon_holder \" style=\" \"><span data-icon-type=\"normal\" class=\"qode_iwt_icon_holder q_font_awsome_icon fa-lg  \"><i class=\"qode_icon_font_awesome fa  qode_iwt_icon_element\"><\/i><\/span><\/div><div class=\"icon_text_holder\" style=\"\"><div class=\"icon_text_inner\" style=\"\"><h2 class=\"icon_title\" style=\"font-weight: 400;\">Freios CBS<\/h2><div class=\"separator small left\" style=\"height: 2px;width: 20px;margin-bottom: 15px;\"><\/div><p style='color: #0a0a0a'>Frenagens equilibradas com mais seguran\u00e7a<\/p><\/div><\/div><\/div>[vc_empty_space height=&#8221;48px&#8221;][\/vc_column][vc_column width=&#8221;1\/3&#8243; offset=&#8221;vc_col-lg-offset-0 vc_col-lg-4 vc_col-md-offset-0 vc_col-md-4 vc_col-sm-offset-1&#8243;]<div class='q_icon_with_title tiny normal_icon center qode_iwt_hover_enabled '><div class=\"icon_holder \" style=\" \"><span data-icon-type=\"normal\" class=\"qode_iwt_icon_holder q_font_awsome_icon fa-lg  \"><i class=\"qode_icon_font_awesome fa  qode_iwt_icon_element\"><\/i><\/span><\/div><div class=\"icon_text_holder\" style=\"\"><div class=\"icon_text_inner\" style=\"\"><h2 class=\"icon_title\" style=\"font-weight: 400;\">Flex One<\/h2><div class=\"separator small left\" style=\"height: 2px;width: 20px;margin-bottom: 15px;\"><\/div><p style='color: #0a0a0a'>Tecnologia que permite a escolha do combust\u00edvel<\/p><\/div><\/div><\/div>[vc_empty_space height=&#8221;48px&#8221;][\/vc_column][\/vc_row]<\/p>\n<\/div>","protected":false},"excerpt":{"rendered":"<p>[vc_row css_animation=&#8221;&#8221; row_type=&#8221;row&#8221; use_row_as_full_screen_section=&#8221;no&#8221; type=&#8221;grid&#8221; angled_section=&#8221;no&#8221; text_align=&#8221;left&#8221; background_image_as_pattern=&#8221;without_pattern&#8221; css=&#8221;.vc_custom_1562769455597{background-color: #ffffff !important;}&#8221; z_index=&#8221;&#8221;][vc_column width=&#8221;1\/2&#8243;][vc_single_image image=&#8221;1996&#8243; img_size=&#8221;600&#215;380&#8243; css=&#8221;&#8221; qode_css_animation=&#8221;&#8221;][vc_zigzag css=&#8221;.vc_custom_1562769673606{padding-top: 20px !important;padding-bottom: 20px !important;}&#8221;][vc_empty_space][qode_elements_holder number_of_columns=&#8221;one_column&#8221;][qode_elements_holder_item vertical_alignment=&#8221;middle&#8221; horizontal_alignment=&#8221;center&#8221; advanced_animations=&#8221;no&#8221;][\/qode_elements_holder_item][\/qode_elements_holder][\/vc_column][vc_column width=&#8221;1\/2&#8243;][\/vc_column][\/vc_row][vc_row css_animation=&#8221;&#8221; row_type=&#8221;row&#8221; use_row_as_full_screen_section=&#8221;no&#8221; type=&#8221;full_width&#8221; angled_section=&#8221;no&#8221; text_align=&#8221;left&#8221; background_image_as_pattern=&#8221;without_pattern&#8221; z_index=&#8221;&#8221; css=&#8221;.vc_custom_1562770796079{background-color: #f4f4f4 !important;}&#8221;][vc_column][vc_empty_space][vc_text_separator title=&#8221;Galeria de Fotos&#8221; border=&#8221;no&#8221; title_color=&#8221;#0a0a0a&#8221; background_color=&#8221;#f4f4f4&#8243;][vc_empty_space height=&#8221;12px&#8221;][\/vc_column][\/vc_row][vc_row&#8230;<\/p>\n","protected":false},"author":1,"featured_media":1996,"parent":0,"menu_order":0,"comment_status":"closed","ping_status":"closed","template":"","meta":{"footnotes":""},"class_list":["post-1906","page","type-page","status-publish","has-post-thumbnail","hentry"],"jetpack_sharing_enabled":true,"_links":{"self":[{"href":"https:\/\/www.paubrasilmotos.com.br\/valedosaofrancisco\/wp-json\/wp\/v2\/pages\/1906","targetHints":{"allow":["GET"]}}],"collection":[{"href":"https:\/\/www.paubrasilmotos.com.br\/valedosaofrancisco\/wp-json\/wp\/v2\/pages"}],"about":[{"href":"https:\/\/www.paubrasilmotos.com.br\/valedosaofrancisco\/wp-json\/wp\/v2\/types\/page"}],"author":[{"embeddable":true,"href":"https:\/\/www.paubrasilmotos.com.br\/valedosaofrancisco\/wp-json\/wp\/v2\/users\/1"}],"replies":[{"embeddable":true,"href":"https:\/\/www.paubrasilmotos.com.br\/valedosaofrancisco\/wp-json\/wp\/v2\/comments?post=1906"}],"version-history":[{"count":0,"href":"https:\/\/www.paubrasilmotos.com.br\/valedosaofrancisco\/wp-json\/wp\/v2\/pages\/1906\/revisions"}],"wp:featuredmedia":[{"embeddable":true,"href":"https:\/\/www.paubrasilmotos.com.br\/valedosaofrancisco\/wp-json\/wp\/v2\/media\/1996"}],"wp:attachment":[{"href":"https:\/\/www.paubrasilmotos.com.br\/valedosaofrancisco\/wp-json\/wp\/v2\/media?parent=1906"}],"curies":[{"name":"wp","href":"https:\/\/api.w.org\/{rel}","templated":true}]}}