{"id":160,"date":"2016-11-03T15:25:35","date_gmt":"2016-11-03T15:25:35","guid":{"rendered":"http:\/\/bridge83.qodeinteractive.com\/?page_id=160"},"modified":"2026-01-13T10:38:19","modified_gmt":"2026-01-13T13:38:19","slug":"contato","status":"publish","type":"page","link":"https:\/\/www.paubrasilmotos.com.br\/valedosaofrancisco\/contato\/","title":{"rendered":"Contato"},"content":{"rendered":"<div class=\"wpb-content-wrapper\"><p>[vc_row css_animation=&#8221;&#8221; row_type=&#8221;row&#8221; use_row_as_full_screen_section=&#8221;no&#8221; type=&#8221;grid&#8221; angled_section=&#8221;no&#8221; text_align=&#8221;left&#8221; background_image_as_pattern=&#8221;without_pattern&#8221; css=&#8221;.vc_custom_1478188079015{padding-top: 96px !important;padding-bottom: 61px !important;}&#8221;][vc_column offset=&#8221;vc_col-lg-6 vc_col-md-6&#8243;][vc_column_text]Utilize o formul\u00e1rio abaixo para nos enviar suas\u00a0<strong>d\u00favidas<\/strong>,\u00a0<strong>sugest\u00f5es<\/strong>\u00a0ou\u00a0<strong>reclama\u00e7\u00f5es<\/strong>, um de nossos atendentes entrar\u00e1 em contato o mais breve poss\u00edvel.[\/vc_column_text][vc_empty_space height=&#8221;25px&#8221;]\n<div class=\"wpcf7 no-js\" id=\"wpcf7-f159-o1\" lang=\"en-US\" dir=\"ltr\" data-wpcf7-id=\"159\">\n<div class=\"screen-reader-response\"><p role=\"status\" aria-live=\"polite\" aria-atomic=\"true\"><\/p> <ul><\/ul><\/div>\n<form action=\"\/valedosaofrancisco\/wp-json\/wp\/v2\/pages\/160#wpcf7-f159-o1\" method=\"post\" class=\"wpcf7-form init cf7_custom_style_2\" aria-label=\"Contact form\" novalidate=\"novalidate\" data-status=\"init\">\n<fieldset class=\"hidden-fields-container\"><input type=\"hidden\" name=\"_wpcf7\" value=\"159\" \/><input type=\"hidden\" name=\"_wpcf7_version\" value=\"6.1.5\" \/><input type=\"hidden\" name=\"_wpcf7_locale\" value=\"en_US\" \/><input type=\"hidden\" name=\"_wpcf7_unit_tag\" value=\"wpcf7-f159-o1\" \/><input type=\"hidden\" name=\"_wpcf7_container_post\" value=\"0\" \/><input type=\"hidden\" name=\"_wpcf7_posted_data_hash\" value=\"\" \/><input type=\"hidden\" name=\"_wpcf7_recaptcha_response\" value=\"\" \/>\n<\/fieldset>\n<label>Nome Completo*\n    <span class=\"wpcf7-form-control-wrap\" data-name=\"your-name\"><input size=\"40\" maxlength=\"400\" class=\"wpcf7-form-control wpcf7-text wpcf7-validates-as-required\" aria-required=\"true\" aria-invalid=\"false\" value=\"\" type=\"text\" name=\"your-name\" \/><\/span> <\/label>\n\n<label>E-mail*\n    <span class=\"wpcf7-form-control-wrap\" data-name=\"your-email\"><input size=\"40\" maxlength=\"400\" class=\"wpcf7-form-control wpcf7-email wpcf7-validates-as-required wpcf7-text wpcf7-validates-as-email\" aria-required=\"true\" aria-invalid=\"false\" value=\"\" type=\"email\" name=\"your-email\" \/><\/span> <\/label>\n\n<label>Telefone*\n    <span class=\"wpcf7-form-control-wrap\" data-name=\"telefone\"><input size=\"40\" maxlength=\"400\" class=\"wpcf7-form-control wpcf7-tel wpcf7-validates-as-required wpcf7-text wpcf7-validates-as-tel\" aria-required=\"true\" aria-invalid=\"false\" value=\"\" type=\"tel\" name=\"telefone\" \/><\/span> <\/label>\n\n<label>Loja de Interesse<\/label>\n    <span class=\"wpcf7-form-control-wrap\" data-name=\"loja_interesse\"><select class=\"wpcf7-form-control wpcf7-select wpcf7-validates-as-required\" aria-required=\"true\" aria-invalid=\"false\" name=\"loja_interesse\"><option value=\"Casa Nova\/BA\">Casa Nova\/BA<\/option><option value=\"Juazeiro\/BA\">Juazeiro\/BA<\/option><option value=\"Remanso\/BA\">Remanso\/BA<\/option><option value=\"Petrolina\/PE\">Petrolina\/PE<\/option><option value=\"Sta. Maria da Boa Vista\/PE\">Sta. Maria da Boa Vista\/PE<\/option><option value=\"Campina Grande\/PB\">Campina Grande\/PB<\/option><option value=\"Sousa\/PB\">Sousa\/PB<\/option><option value=\"S\u00e3o Bento\/PB\">S\u00e3o Bento\/PB<\/option><option value=\"Catol\u00e9 do Rocha\/PB\">Catol\u00e9 do Rocha\/PB<\/option><option value=\"Pombal\/PB\">Pombal\/PB<\/option><\/select><\/span>\n\n<label>Qual a sua d\u00favidas, sugest\u00f5es ou reclama\u00e7\u00f5es? Escreva aqui...<\/label>\n<span class=\"wpcf7-form-control-wrap\" data-name=\"observacao\"><textarea cols=\"40\" rows=\"10\" maxlength=\"2000\" class=\"wpcf7-form-control wpcf7-textarea wpcf7-validates-as-required\" aria-required=\"true\" aria-invalid=\"false\" name=\"observacao\"><\/textarea><\/span>\n\n<label>Aceito receber informa\u00e7\u00f5es via: <\/label>\n<span class=\"wpcf7-form-control-wrap\" data-name=\"aceito-celular\"><span class=\"wpcf7-form-control wpcf7-acceptance optional\"><span class=\"wpcf7-list-item\"><label><input type=\"checkbox\" name=\"aceito-celular\" value=\"1\" aria-invalid=\"false\" \/><span class=\"wpcf7-list-item-label\">Celular<\/span><\/label><\/span><\/span><\/span> <span class=\"wpcf7-form-control-wrap\" data-name=\"aceito-email\"><span class=\"wpcf7-form-control wpcf7-acceptance optional\"><span class=\"wpcf7-list-item\"><label><input type=\"checkbox\" name=\"aceito-email\" value=\"1\" aria-invalid=\"false\" \/><span class=\"wpcf7-list-item-label\">E-mail<\/span><\/label><\/span><\/span><\/span>\n\n<input class=\"wpcf7-form-control wpcf7-submit has-spinner\" type=\"submit\" value=\"Enviar Solicita\u00e7\u00e3o\" \/><p style=\"display: none !important;\" class=\"akismet-fields-container\" data-prefix=\"_wpcf7_ak_\"><label>&#916;<textarea name=\"_wpcf7_ak_hp_textarea\" cols=\"45\" rows=\"8\" maxlength=\"100\"><\/textarea><\/label><input type=\"hidden\" id=\"ak_js_1\" name=\"_wpcf7_ak_js\" value=\"215\"\/><script>document.getElementById( \"ak_js_1\" ).setAttribute( \"value\", ( new Date() ).getTime() );<\/script><\/p><div class=\"wpcf7-response-output\" aria-hidden=\"true\"><\/div>\n<\/form>\n<\/div>\n[vc_empty_space height=&#8221;55px&#8221;][\/vc_column][vc_column offset=&#8221;vc_col-lg-6 vc_col-md-6&#8243;][vc_column_text]<\/p>\n<h3><span style=\"font-weight: bold;\">Outras Lojas<\/span><\/h3>\n<p>[\/vc_column_text][vc_empty_space height=&#8221;25px&#8221;][vc_column_text css=&#8221;&#8221;]Se estiver com urg\u00eancia, utilize nosso canal no WhatsApp para falar com nossa equipe:<\/p>\n<p>&nbsp;<\/p>\n<ul>\n<li style=\"list-style-type: none;\">\n<ul>\n<li><a href=\"https:\/\/api.whatsapp.com\/send?phone=558120113555&amp;text=Ol%C3%A1%2C+preciso+de+informa%C3%A7%C3%B5es\" target=\"_blank\" rel=\"noopener\">WhatsApp (81)2011-3555 &#8211; Vale do S\u00e3o Francisco (BA\/PE)<\/a><\/li>\n<li><a href=\"https:\/\/api.whatsapp.com\/send?phone=558331421112&amp;text=Ol%C3%A1%20Pau%20Brasil\" target=\"_blank\" rel=\"noopener\">WhatsApp (83)3142-1112 &#8211; Para\u00edba<\/a><\/li>\n<\/ul>\n<\/li>\n<\/ul>\n<p>[\/vc_column_text][vc_empty_space height=&#8221;55px&#8221;][vc_column_text]<strong>Confira o endere\u00e7o de nossas lojas abaixo.<\/strong>[\/vc_column_text][\/vc_column][\/vc_row][vc_row css_animation=&#8221;&#8221; row_type=&#8221;row&#8221; use_row_as_full_screen_section=&#8221;no&#8221; type=&#8221;full_width&#8221; angled_section=&#8221;no&#8221; text_align=&#8221;left&#8221; background_image_as_pattern=&#8221;without_pattern&#8221;][vc_column][vc_zigzag el_border_width=&#8221;8&#8243;][\/vc_column][\/vc_row][vc_row css_animation=&#8221;&#8221; row_type=&#8221;row&#8221; use_row_as_full_screen_section=&#8221;no&#8221; type=&#8221;full_width&#8221; angled_section=&#8221;no&#8221; text_align=&#8221;center&#8221; background_image_as_pattern=&#8221;without_pattern&#8221; css=&#8221;.vc_custom_1562785388708{padding-top: 89px !important;padding-bottom: 20px !important;}&#8221; z_index=&#8221;&#8221;][vc_column][vc_column_text]<\/p>\n<h2><span style=\"color: #e90900;\">Onde<\/span> nos encontrar?<\/h2>\n<p>[\/vc_column_text][vc_empty_space height=&#8221;25px&#8221;][\/vc_column][\/vc_row][vc_row css_animation=&#8221;&#8221; row_type=&#8221;row&#8221; use_row_as_full_screen_section=&#8221;no&#8221; type=&#8221;grid&#8221; angled_section=&#8221;no&#8221; text_align=&#8221;center&#8221; background_image_as_pattern=&#8221;without_pattern&#8221; css=&#8221;.vc_custom_1562785866055{padding-top: 10px !important;padding-bottom: 10px !important;}&#8221; z_index=&#8221;&#8221;][vc_column width=&#8221;1\/4&#8243;]<div class=\"q_box_holder with_icon\" style=\"border-color: #dbdbdb;background-color: #f7f7f7;\"><div class=\"box_holder_icon\"><div class=\"box_holder_icon_inner small normal_icon \" style=\"\"><a href=\"https:\/\/goo.gl\/maps\/mD9p8uxXX2SJQjTV7\" target=\"_blank\" class=\"q_icon_link\"><span data-icon-type=\"normal\" class=\"qode_iwt_icon_holder q_font_awsome_icon fa-2x  \"><i class=\"qode_icon_font_awesome fa fa-map-marker qode_iwt_icon_element\"><\/i><\/span><\/a><\/div><\/div><div class=\"box_holder_inner small center\"><h4 class=\"icon_title\" style=\"font-weight: 700;\">Casa Nova\/BA<\/h4><span class=\"separator transparent\" style=\"margin: 8px 0;\"><\/span><p style=\"color: #0a0a0a\">, Borges - Centro, Casa Nova\/BA - CEP: 47.300-000 Contato\/WhatsApp: (81)2011-3555 - sac@paubrasilmotos.com.br<\/p><a itemprop='url' class='icon_with_title_link' href='https:\/\/goo.gl\/maps\/mD9p8uxXX2SJQjTV7' target='_blank' style='color: #c20e1a;'>Saiba como chegar<\/a><\/div><\/div>[vc_empty_space height=&#8221;15px&#8221;][\/vc_column][vc_column width=&#8221;1\/4&#8243;]<div class=\"q_box_holder with_icon\" style=\"border-color: #dbdbdb;background-color: #f7f7f7;\"><div class=\"box_holder_icon\"><div class=\"box_holder_icon_inner small normal_icon \" style=\"\"><a href=\"https:\/\/goo.gl\/maps\/9cjpRbK9N9hcN5jN9\" target=\"_blank\" class=\"q_icon_link\"><span data-icon-type=\"normal\" class=\"qode_iwt_icon_holder q_font_awsome_icon fa-2x  \"><i class=\"qode_icon_font_awesome fa fa-map-marker qode_iwt_icon_element\"><\/i><\/span><\/a><\/div><\/div><div class=\"box_holder_inner small center\"><h4 class=\"icon_title\" style=\"font-weight: 700;\">Juazeiro\/BA<\/h4><span class=\"separator transparent\" style=\"margin: 8px 0;\"><\/span><p style=\"color: #0a0a0a\">BR 407, S\/N, Trade Center, Jo\u00e3o XXIII, Juazeiro\/BA - CEP: 48.900-300 Contato\/WhatsApp: (81)2011-3555 - sac@paubrasilmotos.com.br<\/p><a itemprop='url' class='icon_with_title_link' href='https:\/\/goo.gl\/maps\/9cjpRbK9N9hcN5jN9' target='_blank' style='color: #c20e1a;'>Saiba como chegar<\/a><\/div><\/div>[vc_empty_space height=&#8221;15px&#8221;][\/vc_column][vc_column width=&#8221;1\/4&#8243;]<div class=\"q_box_holder with_icon\" style=\"border-color: #dbdbdb;background-color: #f7f7f7;\"><div class=\"box_holder_icon\"><div class=\"box_holder_icon_inner small normal_icon \" style=\"\"><a href=\"https:\/\/goo.gl\/maps\/v7jNFEhPNCVYey5j7\" target=\"_blank\" class=\"q_icon_link\"><span data-icon-type=\"normal\" class=\"qode_iwt_icon_holder q_font_awsome_icon fa-2x  \"><i class=\"qode_icon_font_awesome fa fa-map-marker qode_iwt_icon_element\"><\/i><\/span><\/a><\/div><\/div><div class=\"box_holder_inner small center\"><h4 class=\"icon_title\" style=\"font-weight: 700;\">Petrolina\/PE (Filial)<\/h4><span class=\"separator transparent\" style=\"margin: 8px 0;\"><\/span><p style=\"color: #0a0a0a\">Av. Coronel Antonio Honorato Viana, 755, Gercino Coelho, Petrolina\/PE - CEP: 56.308-000 Contato\/WhatsApp: (81)2011-3555 - sac@paubrasilmotos.com.br<\/p><a itemprop='url' class='icon_with_title_link' href='https:\/\/goo.gl\/maps\/v7jNFEhPNCVYey5j7' target='_blank' style='color: #c20e1a;'>Saiba como chegar<\/a><\/div><\/div>[vc_empty_space height=&#8221;15px&#8221;][\/vc_column][vc_column width=&#8221;1\/4&#8243;]<div class=\"q_box_holder with_icon\" style=\"border-color: #dbdbdb;background-color: #f7f7f7;\"><div class=\"box_holder_icon\"><div class=\"box_holder_icon_inner small normal_icon \" style=\"\"><a href=\"https:\/\/goo.gl\/maps\/PNzLR9mPQeVDRwo28\" target=\"_blank\" class=\"q_icon_link\"><span data-icon-type=\"normal\" class=\"qode_iwt_icon_holder q_font_awsome_icon fa-2x  \"><i class=\"qode_icon_font_awesome fa fa-map-marker qode_iwt_icon_element\"><\/i><\/span><\/a><\/div><\/div><div class=\"box_holder_inner small center\"><h4 class=\"icon_title\" style=\"font-weight: 700;\">Petrolina\/PE (Matriz)<\/h4><span class=\"separator transparent\" style=\"margin: 8px 0;\"><\/span><p style=\"color: #0a0a0a\">Av. Monsenhor \u00c2ngelo Sampaio, 422A, S\u00e3o Jos\u00e9- Petrolina\/PE - CEP: 56.328-000 Contato\/WhatsApp: (81)2011-3555 - sac@paubrasilmotos.com.br<\/p><a itemprop='url' class='icon_with_title_link' href='https:\/\/goo.gl\/maps\/PNzLR9mPQeVDRwo28' target='_blank' style='color: #c20e1a;'>Saiba como chegar<\/a><\/div><\/div>[vc_empty_space height=&#8221;15px&#8221;][\/vc_column][\/vc_row][vc_row css_animation=&#8221;&#8221; row_type=&#8221;row&#8221; use_row_as_full_screen_section=&#8221;no&#8221; type=&#8221;grid&#8221; angled_section=&#8221;no&#8221; text_align=&#8221;center&#8221; background_image_as_pattern=&#8221;without_pattern&#8221; css=&#8221;.vc_custom_1562785866055{padding-top: 10px !important;padding-bottom: 10px !important;}&#8221; z_index=&#8221;&#8221;][vc_column width=&#8221;1\/4&#8243;]<div class=\"q_box_holder with_icon\" style=\"border-color: #dbdbdb;background-color: #f7f7f7;\"><div class=\"box_holder_icon\"><div class=\"box_holder_icon_inner small normal_icon \" style=\"\"><a href=\"https:\/\/goo.gl\/maps\/BQZZdKoguX1H5kNy6\" target=\"_blank\" class=\"q_icon_link\"><span data-icon-type=\"normal\" class=\"qode_iwt_icon_holder q_font_awsome_icon fa-2x  \"><i class=\"qode_icon_font_awesome fa fa-map-marker qode_iwt_icon_element\"><\/i><\/span><\/a><\/div><\/div><div class=\"box_holder_inner small center\"><h4 class=\"icon_title\" style=\"font-weight: 700;\">Remanso\/BA<\/h4><span class=\"separator transparent\" style=\"margin: 8px 0;\"><\/span><p style=\"color: #0a0a0a\">Av. Eunapio Peltier de Queiroz, S\/N, Centro, Remanso\/BA - CEP: 47.200-000 Contato\/WhatsApp: (81)2011-3555 - sac@paubrasilmotos.com.br<\/p><a itemprop='url' class='icon_with_title_link' href='https:\/\/goo.gl\/maps\/BQZZdKoguX1H5kNy6' target='_blank' style='color: #c20e1a;'>Saiba como chegar<\/a><\/div><\/div>[vc_empty_space height=&#8221;15px&#8221;][\/vc_column][vc_column width=&#8221;1\/4&#8243;]<div class=\"q_box_holder with_icon\" style=\"border-color: #dbdbdb;background-color: #f7f7f7;\"><div class=\"box_holder_icon\"><div class=\"box_holder_icon_inner small normal_icon \" style=\"\"><a href=\"https:\/\/goo.gl\/maps\/14MvvJ4b9SDrBwMo9\" target=\"_blank\" class=\"q_icon_link\"><span data-icon-type=\"normal\" class=\"qode_iwt_icon_holder q_font_awsome_icon fa-2x  \"><i class=\"qode_icon_font_awesome fa fa-map-marker qode_iwt_icon_element\"><\/i><\/span><\/a><\/div><\/div><div class=\"box_holder_inner small center\"><h4 class=\"icon_title\" style=\"font-weight: 700;\">Sta. Maria da Boa Vista\/PE<\/h4><span class=\"separator transparent\" style=\"margin: 8px 0;\"><\/span><p style=\"color: #0a0a0a\">Av. Nilo Coelho, 12, Agamenon Magalh\u00e3es, Sta Maria da Boa Vista\/PE - CEP: 56.308-000 Contato\/WhatsApp: (81)2011-3555 - sac@paubrasilmotos.com.br<\/p><a itemprop='url' class='icon_with_title_link' href='https:\/\/goo.gl\/maps\/14MvvJ4b9SDrBwMo9' target='_blank' style='color: #c20e1a;'>Saiba como chegar<\/a><\/div><\/div>[vc_empty_space height=&#8221;15px&#8221;][\/vc_column][vc_column width=&#8221;1\/4&#8243;]<div class=\"q_box_holder with_icon\" style=\"border-color: #dbdbdb;background-color: #f7f7f7;\"><div class=\"box_holder_icon\"><div class=\"box_holder_icon_inner small normal_icon \" style=\"\"><a href=\"https:\/\/goo.gl\/maps\/HWBRojVTP8MGaiyd9\" target=\"_blank\" class=\"q_icon_link\"><span data-icon-type=\"normal\" class=\"qode_iwt_icon_holder q_font_awsome_icon fa-2x  \"><i class=\"qode_icon_font_awesome fa fa-map-marker qode_iwt_icon_element\"><\/i><\/span><\/a><\/div><\/div><div class=\"box_holder_inner small center\"><h4 class=\"icon_title\" style=\"font-weight: 700;\">Campina Grande\/PB<\/h4><span class=\"separator transparent\" style=\"margin: 8px 0;\"><\/span><p style=\"color: #0a0a0a\">Av. Pref. Severino Bezerra Cabral, 759 \u2013 Jos\u00e9 Pinheiro, Campina Grande \u2013 PB \u2013 CEP: 58410-185 Contato\/WhatsApp: (83)3142-1112 - sac@paubrasilmotos.com.br<\/p><a itemprop='url' class='icon_with_title_link' href='https:\/\/goo.gl\/maps\/HWBRojVTP8MGaiyd9' target='_blank' style='color: #c20e1a;'>Saiba como chegar<\/a><\/div><\/div>[vc_empty_space height=&#8221;15px&#8221;][\/vc_column][vc_column width=&#8221;1\/4&#8243;]<div class=\"q_box_holder with_icon\" style=\"border-color: #dbdbdb;background-color: #f7f7f7;\"><div class=\"box_holder_icon\"><div class=\"box_holder_icon_inner small normal_icon \" style=\"\"><a href=\"https:\/\/goo.gl\/maps\/L8mjpphNKwBssvJF8\" target=\"_blank\" class=\"q_icon_link\"><span data-icon-type=\"normal\" class=\"qode_iwt_icon_holder q_font_awsome_icon fa-2x  \"><i class=\"qode_icon_font_awesome fa fa-map-marker qode_iwt_icon_element\"><\/i><\/span><\/a><\/div><\/div><div class=\"box_holder_inner small center\"><h4 class=\"icon_title\" style=\"font-weight: 700;\">Sousa\/PB<\/h4><span class=\"separator transparent\" style=\"margin: 8px 0;\"><\/span><p style=\"color: #0a0a0a\">Rua Nelson Meira, 146 - Jardim Iracema, Sousa\/PB - CEP: 58.805-180 Contato\/WhatsApp: (83)3142-1112 - sac@paubrasilmotos.com.br<\/p><a itemprop='url' class='icon_with_title_link' href='https:\/\/goo.gl\/maps\/L8mjpphNKwBssvJF8' target='_blank' style='color: #c20e1a;'>Saiba como chegar<\/a><\/div><\/div>[vc_empty_space height=&#8221;15px&#8221;][\/vc_column][\/vc_row][vc_row css_animation=&#8221;&#8221; row_type=&#8221;row&#8221; use_row_as_full_screen_section=&#8221;no&#8221; type=&#8221;grid&#8221; angled_section=&#8221;no&#8221; text_align=&#8221;center&#8221; background_image_as_pattern=&#8221;without_pattern&#8221; css=&#8221;.vc_custom_1562785866055{padding-top: 10px !important;padding-bottom: 10px !important;}&#8221; z_index=&#8221;&#8221;][vc_column width=&#8221;1\/4&#8243;]<div class=\"q_box_holder with_icon\" style=\"border-color: #dbdbdb;background-color: #f7f7f7;\"><div class=\"box_holder_icon\"><div class=\"box_holder_icon_inner small normal_icon \" style=\"\"><a href=\"https:\/\/goo.gl\/maps\/aNF8k139fj1XiidEA\" target=\"_blank\" class=\"q_icon_link\"><span data-icon-type=\"normal\" class=\"qode_iwt_icon_holder q_font_awsome_icon fa-2x  \"><i class=\"qode_icon_font_awesome fa fa-map-marker qode_iwt_icon_element\"><\/i><\/span><\/a><\/div><\/div><div class=\"box_holder_inner small center\"><h4 class=\"icon_title\" style=\"font-weight: 700;\">S\u00e3o Bento\/PB<\/h4><span class=\"separator transparent\" style=\"margin: 8px 0;\"><\/span><p style=\"color: #0a0a0a\">Av. Prefeito Eulampio da Silva, 1650 - D\u00e3o Silveira, S\u00e3o Bento\/PB - CEP: 58.865-000 Contato\/WhatsApp: (83)3142-1112 - sac@paubrasilmotos.com.br<\/p><a itemprop='url' class='icon_with_title_link' href='https:\/\/goo.gl\/maps\/aNF8k139fj1XiidEA' target='_blank' style='color: #c20e1a;'>Saiba como chegar<\/a><\/div><\/div>[vc_empty_space height=&#8221;15px&#8221;][\/vc_column][vc_column width=&#8221;1\/4&#8243;]<div class=\"q_box_holder with_icon\" style=\"border-color: #dbdbdb;background-color: #f7f7f7;\"><div class=\"box_holder_icon\"><div class=\"box_holder_icon_inner small normal_icon \" style=\"\"><a href=\"https:\/\/goo.gl\/maps\/W6QBcah3yoW3s9wf8\" target=\"_blank\" class=\"q_icon_link\"><span data-icon-type=\"normal\" class=\"qode_iwt_icon_holder q_font_awsome_icon fa-2x  \"><i class=\"qode_icon_font_awesome fa fa-map-marker qode_iwt_icon_element\"><\/i><\/span><\/a><\/div><\/div><div class=\"box_holder_inner small center\"><h4 class=\"icon_title\" style=\"font-weight: 700;\">Catol\u00e9 do Rocha\/PB<\/h4><span class=\"separator transparent\" style=\"margin: 8px 0;\"><\/span><p style=\"color: #0a0a0a\">Av. Deputado Am\u00e9rico Maia, 117 - Centro, Catol\u00e9 do Rocha\/PB - CEP: 58.884-000 Contato\/WhatsApp: (83)3142-1112 - sac@paubrasilmotos.com.br<\/p><a itemprop='url' class='icon_with_title_link' href='https:\/\/goo.gl\/maps\/W6QBcah3yoW3s9wf8' target='_blank' style='color: #c20e1a;'>Saiba como chegar<\/a><\/div><\/div>[vc_empty_space height=&#8221;15px&#8221;][\/vc_column][vc_column width=&#8221;1\/4&#8243;]<div class=\"q_box_holder with_icon\" style=\"border-color: #dbdbdb;background-color: #f7f7f7;\"><div class=\"box_holder_icon\"><div class=\"box_holder_icon_inner small normal_icon \" style=\"\"><a href=\"https:\/\/goo.gl\/maps\/JfGRdkJSkQHx5asPA\" target=\"_blank\" class=\"q_icon_link\"><span data-icon-type=\"normal\" class=\"qode_iwt_icon_holder q_font_awsome_icon fa-2x  \"><i class=\"qode_icon_font_awesome fa fa-map-marker qode_iwt_icon_element\"><\/i><\/span><\/a><\/div><\/div><div class=\"box_holder_inner small center\"><h4 class=\"icon_title\" style=\"font-weight: 700;\">Pombal\/PB<\/h4><span class=\"separator transparent\" style=\"margin: 8px 0;\"><\/span><p style=\"color: #0a0a0a\">Rua Jo\u00e3o Pereira de Mendon\u00e7a, 26 - Petr\u00f3polis, Pombal\/PB - CEP: 58.840-000 Contato\/WhatsApp: (83)3142-1112 - sac@paubrasilmotos.com.br<\/p><a itemprop='url' class='icon_with_title_link' href='https:\/\/goo.gl\/maps\/JfGRdkJSkQHx5asPA' target='_blank' style='color: #c20e1a;'>Saiba como chegar<\/a><\/div><\/div>[vc_empty_space height=&#8221;15px&#8221;][\/vc_column][vc_column width=&#8221;1\/4&#8243;]<div class=\"q_box_holder with_icon\" style=\"border-color: #dbdbdb;background-color: #f7f7f7;\"><div class=\"box_holder_icon\"><div class=\"box_holder_icon_inner small normal_icon \" style=\"\"><a href=\"https:\/\/maps.app.goo.gl\/b9A1q8wKTiEwwBRz6\" target=\"_blank\" class=\"q_icon_link\"><span data-icon-type=\"normal\" class=\"qode_iwt_icon_holder q_font_awsome_icon fa-2x  \"><i class=\"qode_icon_font_awesome fa fa-map-marker qode_iwt_icon_element\"><\/i><\/span><\/a><\/div><\/div><div class=\"box_holder_inner small center\"><h4 class=\"icon_title\" style=\"font-weight: 700;\">Pianc\u00f3\/PB<\/h4><span class=\"separator transparent\" style=\"margin: 8px 0;\"><\/span><p style=\"color: #0a0a0a\">Rua Elzir Matos, 328 - Centro, Pianco\/PB - CEP: 58.765-000 Contato\/WhatsApp: (83)3142-1112 - sac@paubrasilmotos.com.br<\/p><a itemprop='url' class='icon_with_title_link' href='https:\/\/maps.app.goo.gl\/b9A1q8wKTiEwwBRz6' target='_blank' style='color: #c20e1a;'>Saiba como chegar<\/a><\/div><\/div>[vc_empty_space height=&#8221;15px&#8221;][\/vc_column][\/vc_row]<\/p>\n<\/div>","protected":false},"excerpt":{"rendered":"<p>[vc_row css_animation=&#8221;&#8221; row_type=&#8221;row&#8221; use_row_as_full_screen_section=&#8221;no&#8221; type=&#8221;grid&#8221; angled_section=&#8221;no&#8221; text_align=&#8221;left&#8221; background_image_as_pattern=&#8221;without_pattern&#8221; css=&#8221;.vc_custom_1478188079015{padding-top: 96px !important;padding-bottom: 61px !important;}&#8221;][vc_column offset=&#8221;vc_col-lg-6 vc_col-md-6&#8243;][vc_column_text]Utilize o formul\u00e1rio abaixo para nos enviar suas\u00a0d\u00favidas,\u00a0sugest\u00f5es\u00a0ou\u00a0reclama\u00e7\u00f5es, um de nossos atendentes entrar\u00e1 em contato o mais breve poss\u00edvel.[\/vc_column_text][vc_empty_space height=&#8221;25px&#8221;][vc_empty_space height=&#8221;55px&#8221;][\/vc_column][vc_column offset=&#8221;vc_col-lg-6 vc_col-md-6&#8243;][vc_column_text] Outras Lojas [\/vc_column_text][vc_empty_space height=&#8221;25px&#8221;][vc_column_text css=&#8221;&#8221;]Se estiver com urg\u00eancia,&#8230;<\/p>\n","protected":false},"author":1,"featured_media":0,"parent":0,"menu_order":0,"comment_status":"closed","ping_status":"closed","template":"full_width.php","meta":{"footnotes":""},"class_list":["post-160","page","type-page","status-publish","hentry"],"jetpack_sharing_enabled":true,"_links":{"self":[{"href":"https:\/\/www.paubrasilmotos.com.br\/valedosaofrancisco\/wp-json\/wp\/v2\/pages\/160","targetHints":{"allow":["GET"]}}],"collection":[{"href":"https:\/\/www.paubrasilmotos.com.br\/valedosaofrancisco\/wp-json\/wp\/v2\/pages"}],"about":[{"href":"https:\/\/www.paubrasilmotos.com.br\/valedosaofrancisco\/wp-json\/wp\/v2\/types\/page"}],"author":[{"embeddable":true,"href":"https:\/\/www.paubrasilmotos.com.br\/valedosaofrancisco\/wp-json\/wp\/v2\/users\/1"}],"replies":[{"embeddable":true,"href":"https:\/\/www.paubrasilmotos.com.br\/valedosaofrancisco\/wp-json\/wp\/v2\/comments?post=160"}],"version-history":[{"count":0,"href":"https:\/\/www.paubrasilmotos.com.br\/valedosaofrancisco\/wp-json\/wp\/v2\/pages\/160\/revisions"}],"wp:attachment":[{"href":"https:\/\/www.paubrasilmotos.com.br\/valedosaofrancisco\/wp-json\/wp\/v2\/media?parent=160"}],"curies":[{"name":"wp","href":"https:\/\/api.w.org\/{rel}","templated":true}]}}