{"id":121,"date":"2016-11-03T13:49:27","date_gmt":"2016-11-03T13:49:27","guid":{"rendered":"http:\/\/bridge83.qodeinteractive.com\/?page_id=121"},"modified":"2025-11-27T12:40:26","modified_gmt":"2025-11-27T15:40:26","slug":"sobre","status":"publish","type":"page","link":"https:\/\/www.paubrasilmotos.com.br\/valedosaofrancisco\/sobre\/","title":{"rendered":"Sobre a Pau Brasil Motos"},"content":{"rendered":"<div class=\"wpb-content-wrapper\"><p>[vc_row css_animation=&#8221;&#8221; row_type=&#8221;row&#8221; use_row_as_full_screen_section=&#8221;no&#8221; type=&#8221;grid&#8221; angled_section=&#8221;no&#8221; text_align=&#8221;center&#8221; background_image_as_pattern=&#8221;without_pattern&#8221; css=&#8221;.vc_custom_1478184314765{padding-top: 100px !important;padding-bottom: 34px !important;}&#8221;][vc_column offset=&#8221;vc_col-lg-6 vc_col-md-6&#8243;][vc_empty_space height=&#8221;5px&#8221;][vc_column_text]<\/p>\n<h2 style=\"text-align: justify;\">Mais de 20 anos no Sert\u00e3o da Para\u00edba e expandidas com \u00eaxito para o Vale do S\u00e3o Francisco e Campina Grande.<\/h2>\n<p>[\/vc_column_text][vc_empty_space height=&#8221;37px&#8221;][vc_column_text]<\/p>\n<div id=\"container-informacoes-paginas\">\n<div id=\"container-fixo2\">\n<div id=\"caixa-texto\">\n<p style=\"text-align: justify;\">Implantada a partir da rifa de um bode, em Souza na Para\u00edba, a\u00a0<strong>Pau Brasil Motos<\/strong>\u00a0cresceu moldada na for\u00e7a de trabalho de seus diretores, colaboradores e parceiros, at\u00e9 se transformar numa refer\u00eancia no Nordeste e no Brasil em servi\u00e7os e distribui\u00e7\u00e3o de motocicletas.<\/p>\n<p>&nbsp;<\/p>\n<p style=\"text-align: justify;\">A parceria com a Honda, marca consagrada mundialmente na fabrica\u00e7\u00e3o de Motos, a lideran\u00e7a em vendas e a qualidade comprovada em tudo que faz, d\u00e1 \u00e0\u00a0<strong>Pau Brasil Motos<\/strong>\u00a0o status de Concession\u00e1ria de Excel\u00eancia, rendendo pr\u00eamios e reconhecimento dos parceiros e clientes.<\/p>\n<p>&nbsp;<\/p>\n<p style=\"text-align: justify;\">Com aproximadamente 40 munic\u00edpios na sua \u00e1rea de atua\u00e7\u00e3o e cerca de 20 lojas, entre grandes concession\u00e1rias e pontos de venda, espalhados em cidades na Para\u00edba, Pernambuco e Bahia, gerando aproximadamente 400 empregos diretos, a\u00a0<strong>Pau Brasil Motos<\/strong>\u00a0se orgulha de ser \u00a0um dos maiores distribuidores de pe\u00e7as originais do Nordeste do Brasil.<\/p>\n<p>&nbsp;<\/p>\n<p style=\"text-align: justify;\">\u00c9 por estas e muitas outras raz\u00f5es, que podemos oferecer os melhores planos e facilidades para a aquisi\u00e7\u00e3o de motos, de todos os tipos e cilindragens, oferecendo servi\u00e7os qualificados, pe\u00e7as genu\u00ednas, com a garantia e a seguran\u00e7a que os nossos parceiros e clientes merecem!<\/p>\n<p>&nbsp;<\/p>\n<p style=\"text-align: justify;\">A\u00a0<strong>Pau Brasil Motos<\/strong> n\u00e3o abre m\u00e3o da sua satisfa\u00e7\u00e3o e quer surpreender voc\u00ea a cada dia! Porque voc\u00ea, cliente, \u00e9 a nossa maior raz\u00e3o de existir!<\/p>\n<\/div>\n<\/div>\n<\/div>\n<p>[\/vc_column_text][vc_empty_space height=&#8221;31px&#8221;]<span data-type=\"square\" data-hover-bg-color=\"#d80800\" data-hover-icon-color=\"#ffffff\" class=\"qode_icon_shortcode fa-stack q_font_awsome_icon_square fa-lg pull-left \" style=\"background-color: #e90900;border: 0;margin: 0 5px 0 0;font-size: 17px;font-size: 23px;border-radius: 2px; \"><a   itemprop=\"url\" href=\"https:\/\/www.facebook.com\/paubrasilmotosvsf\" target=\"_blank\"><span aria-hidden=\"true\" class=\"qode_icon_font_elegant social_facebook qode_icon_element\" style=\"font-size: 17px;color: #ffffff;\" ><\/span><\/a><\/span><span data-type=\"square\" data-hover-bg-color=\"#d80800\" data-hover-icon-color=\"#ffffff\" class=\"qode_icon_shortcode fa-stack q_font_awsome_icon_square fa-lg pull-left \" style=\"background-color: #e90900;border: 0;margin: 0 5px 0 0;font-size: 17px;font-size: 23px;border-radius: 2px; \"><a   itemprop=\"url\" href=\"https:\/\/www.instagram.com\/paubrasilmotosvsf\" target=\"_blank\"><span aria-hidden=\"true\" class=\"qode_icon_font_elegant social_instagram qode_icon_element\" style=\"font-size: 17px;color: #ffffff;\" ><\/span><\/a><\/span>[vc_empty_space height=&#8221;50px&#8221;][\/vc_column][vc_column offset=&#8221;vc_col-lg-6 vc_col-md-6&#8243;][vc_single_image image=&#8221;2166&#8243; img_size=&#8221;full&#8221; alignment=&#8221;center&#8221; css=&#8221;&#8221; qode_css_animation=&#8221;&#8221;][vc_empty_space height=&#8221;55px&#8221;][\/vc_column][\/vc_row][vc_row css_animation=&#8221;&#8221; row_type=&#8221;row&#8221; use_row_as_full_screen_section=&#8221;no&#8221; type=&#8221;grid&#8221; angled_section=&#8221;no&#8221; text_align=&#8221;left&#8221; background_image_as_pattern=&#8221;without_pattern&#8221; z_index=&#8221;&#8221;][vc_column css=&#8221;.vc_custom_1478185213207{padding-top: 90px !important;padding-bottom: 45px !important;}&#8221;]<div class=\"qode-accordion-holder clearfix qode-accordion qode-initial \">\n\t<h5 class=\"clearfix qode-title-holder\">\n<span class=\"qode-tab-title\">\n\t\t\t<span class=\"qode-tab-title-icon\">\n\t\t\t<i class=\"qode_icon_font_awesome fa fa-bookmark \" ><\/i>\t\t<\/span>\n\t    <span class=\"qode-tab-title-inner\">\n        Miss\u00e3o    <\/span>\n<\/span>\n<span class=\"qode-accordion-mark\">\n    <span class=\"qode-accordion-mark-icon\">\n        <span class=\"icon_plus\"><\/span>\n        <span class=\"icon_minus-06\"><\/span>\n    <\/span>\n<\/span>\n<\/h5>\n<div id = missao class=\"qode-accordion-content qode-acc-title-with-icon\" >\n    <div class=\"qode-accordion-content-inner\">\n        [vc_column_text]<\/p>\n<p style=\"text-align: justify;\">Transformamos a vida de nossos clientes e colaboradores por meio de experi\u00eancias significativas, com nossos produtos e servi\u00e7os, agregando valor a sociedade de forma sustent\u00e1vel.<\/p>\n<p>[\/vc_column_text]    <\/div>\n<\/div><h5 class=\"clearfix qode-title-holder\">\n<span class=\"qode-tab-title\">\n\t\t\t<span class=\"qode-tab-title-icon\">\n\t\t\t<i class=\"qode_icon_font_awesome fa fa-bookmark \" ><\/i>\t\t<\/span>\n\t    <span class=\"qode-tab-title-inner\">\n        Vis\u00e3o    <\/span>\n<\/span>\n<span class=\"qode-accordion-mark\">\n    <span class=\"qode-accordion-mark-icon\">\n        <span class=\"icon_plus\"><\/span>\n        <span class=\"icon_minus-06\"><\/span>\n    <\/span>\n<\/span>\n<\/h5>\n<div id = visao class=\"qode-accordion-content qode-acc-title-with-icon\" >\n    <div class=\"qode-accordion-content-inner\">\n        [vc_column_text]<\/p>\n<p style=\"text-align: justify;\">Ser parte da vida de nossa gente, sendo um Grupo Econ\u00f4mico refer\u00eancia no mercado em que atua, atrav\u00e9s da gest\u00e3o, com inova\u00e7\u00e3o, rentabilidade e papel na sociedade.<\/p>\n<p>[\/vc_column_text]    <\/div>\n<\/div><h5 class=\"clearfix qode-title-holder\">\n<span class=\"qode-tab-title\">\n\t\t\t<span class=\"qode-tab-title-icon\">\n\t\t\t<i class=\"qode_icon_font_awesome fa fa-bookmark \" ><\/i>\t\t<\/span>\n\t    <span class=\"qode-tab-title-inner\">\n        Valores    <\/span>\n<\/span>\n<span class=\"qode-accordion-mark\">\n    <span class=\"qode-accordion-mark-icon\">\n        <span class=\"icon_plus\"><\/span>\n        <span class=\"icon_minus-06\"><\/span>\n    <\/span>\n<\/span>\n<\/h5>\n<div id = valores class=\"qode-accordion-content qode-acc-title-with-icon\" >\n    <div class=\"qode-accordion-content-inner\">\n        [vc_column_text]<\/p>\n<ul>\n<li style=\"text-align: justify;\">Cliente;<\/li>\n<li>Excel\u00eancia no atendimento;<\/li>\n<li>Revela\u00e7\u00e3o de talentos;<\/li>\n<li>Acreditando em sua gente;<\/li>\n<li>Responsabilidade social<\/li>\n<li>Pr\u00e1ticas de inova\u00e7\u00e3o;<\/li>\n<li>Cultura \u00fanica;<\/li>\n<li>Sentimento de dono;<\/li>\n<li>Lealdade;<\/li>\n<li>Sonho grande;<\/li>\n<li>Movidos por desafios;<\/li>\n<li>\u00c9tica.<\/li>\n<\/ul>\n<p>[\/vc_column_text]    <\/div>\n<\/div><\/div>[\/vc_column][\/vc_row][vc_row css_animation=&#8221;&#8221; row_type=&#8221;row&#8221; use_row_as_full_screen_section=&#8221;no&#8221; type=&#8221;full_width&#8221; angled_section=&#8221;no&#8221; text_align=&#8221;center&#8221; background_image_as_pattern=&#8221;without_pattern&#8221; background_image=&#8221;378&#8243; z_index=&#8221;&#8221;][vc_column css=&#8221;.vc_custom_1478185213207{padding-top: 90px !important;padding-bottom: 45px !important;}&#8221;][vc_row_inner row_type=&#8221;row&#8221; type=&#8221;full_width&#8221; text_align=&#8221;center&#8221; css_animation=&#8221;&#8221;][vc_column_inner width=&#8221;1\/2&#8243; offset=&#8221;vc_col-lg-3 vc_col-md-3&#8243;]<span data-type=\"circle\" data-hover-bg-color=\"#ffe522\" data-hover-icon-color=\"#292a24\" class=\"qode_icon_shortcode fa-stack q_font_awsome_icon_stack fa-lg  \" style=\"font-size: 45px;font-size: 61px; \"><i class=\"fa fa-circle fa-stack-base fa-stack-2x\" style=\"color: #ffe522;\"><\/i><span aria-hidden=\"true\" class=\"qode_icon_font_elegant icon_clock_alt qode_icon_element fa-stack-1x\" style=\"font-size: 45px;color: #292a24;\" ><\/span><\/span>[vc_empty_space height=&#8221;20px&#8221;][vc_column_text]<\/p>\n<h4><span style=\"color: #ffffff;\">Refer\u00eancia no Nordeste e no Brasil<\/span><\/h4>\n<p>[\/vc_column_text][vc_empty_space height=&#8221;23px&#8221;][vc_column_text]<span style=\"color: #ffffff;\">A Pau Brasil se tornou uma refer\u00eancia no segmento pela forma inovadora de atua\u00e7\u00e3o, dando aos clientes um leque de possibilidades que vai da venda de motocicletas \u00e0 oferta de servi\u00e7os.<\/span>[\/vc_column_text][vc_empty_space height=&#8221;50px&#8221;][\/vc_column_inner][vc_column_inner width=&#8221;1\/2&#8243; offset=&#8221;vc_col-lg-3 vc_col-md-3&#8243;]<span data-type=\"circle\" data-hover-bg-color=\"#ffe522\" data-hover-icon-color=\"#292a24\" class=\"qode_icon_shortcode fa-stack q_font_awsome_icon_stack fa-lg  \" style=\"font-size: 45px;font-size: 61px; \"><i class=\"fa fa-circle fa-stack-base fa-stack-2x\" style=\"color: #ffe522;\"><\/i><span aria-hidden=\"true\" class=\"qode_icon_font_elegant icon_clipboard qode_icon_element fa-stack-1x\" style=\"font-size: 45px;color: #292a24;\" ><\/span><\/span>[vc_empty_space height=&#8221;20px&#8221;][vc_column_text]<\/p>\n<h4><span style=\"color: #ffffff;\">Concession\u00e1ria de Excel\u00eancia<\/span><\/h4>\n<p>[\/vc_column_text][vc_empty_space height=&#8221;23px&#8221;][vc_column_text]<span style=\"color: #ffffff;\">O respeito ao cliente, o leque de ofertas, o p\u00f3s-venda eficiente e as possibilidades oferecidas aos clientes d\u00e3o \u00e0 Pau Brasil o honroso t\u00edtulo de concession\u00e1ria refer\u00eancia.<\/span>[\/vc_column_text][vc_empty_space height=&#8221;50px&#8221;][\/vc_column_inner][vc_column_inner width=&#8221;1\/2&#8243; offset=&#8221;vc_col-lg-3 vc_col-md-3&#8243;]<span data-type=\"circle\" data-hover-bg-color=\"#ffe522\" data-hover-icon-color=\"#292a24\" class=\"qode_icon_shortcode fa-stack q_font_awsome_icon_stack fa-lg  \" style=\"font-size: 45px;font-size: 61px; \"><i class=\"fa fa-circle fa-stack-base fa-stack-2x\" style=\"color: #ffe522;\"><\/i><span aria-hidden=\"true\" class=\"qode_icon_font_elegant icon_map_alt qode_icon_element fa-stack-1x\" style=\"font-size: 45px;color: #292a24;\" ><\/span><\/span>[vc_empty_space height=&#8221;20px&#8221;][vc_column_text]<\/p>\n<h4><span style=\"color: #ffffff;\">Estrutura<\/span><\/h4>\n<p>[\/vc_column_text][vc_empty_space height=&#8221;23px&#8221;][vc_column_text]<span style=\"color: #ffffff;\">Com pontos na Para\u00edba, Bahia e Pernambuco, a Pau Brasil tem mais de 40 lojas, entre grande concession\u00e1rias e pontos de vendas em diversas cidades nas regi\u00f5es que atua.<\/span>[\/vc_column_text][vc_empty_space height=&#8221;50px&#8221;][\/vc_column_inner][vc_column_inner width=&#8221;1\/2&#8243; offset=&#8221;vc_col-lg-3 vc_col-md-3&#8243;]<span data-type=\"circle\" data-hover-bg-color=\"#ffe522\" data-hover-icon-color=\"#292a24\" class=\"qode_icon_shortcode fa-stack q_font_awsome_icon_stack fa-lg  \" style=\"font-size: 45px;font-size: 61px; \"><i class=\"fa fa-circle fa-stack-base fa-stack-2x\" style=\"color: #ffe522;\"><\/i><span aria-hidden=\"true\" class=\"qode_icon_font_elegant icon_cogs qode_icon_element fa-stack-1x\" style=\"font-size: 45px;color: #292a24;\" ><\/span><\/span>[vc_empty_space height=&#8221;20px&#8221;][vc_column_text]<\/p>\n<h4><span style=\"color: #ffffff;\">Gera\u00e7\u00e3o de mais de 400 empregos diretos<\/span><\/h4>\n<p>[\/vc_column_text][vc_empty_space height=&#8221;23px&#8221;][vc_column_text]<span style=\"color: #ffffff;\">Com seu espirito inovador, oferece al\u00e9m do trabalho, treinamentos e qualifica\u00e7\u00e3o para centenas de colaboradores. S\u00e3o mais de 400 empregos diretos garantidos nas regi\u00f5es que atua.<\/span>[\/vc_column_text][vc_empty_space height=&#8221;50px&#8221;][\/vc_column_inner][\/vc_row_inner][\/vc_column][\/vc_row]<\/p>\n<\/div>","protected":false},"excerpt":{"rendered":"<p>[vc_row css_animation=&#8221;&#8221; row_type=&#8221;row&#8221; use_row_as_full_screen_section=&#8221;no&#8221; type=&#8221;grid&#8221; angled_section=&#8221;no&#8221; text_align=&#8221;center&#8221; background_image_as_pattern=&#8221;without_pattern&#8221; css=&#8221;.vc_custom_1478184314765{padding-top: 100px !important;padding-bottom: 34px !important;}&#8221;][vc_column offset=&#8221;vc_col-lg-6 vc_col-md-6&#8243;][vc_empty_space height=&#8221;5px&#8221;][vc_column_text] Mais de 20 anos no Sert\u00e3o da Para\u00edba e expandidas com \u00eaxito para o Vale do S\u00e3o Francisco e Campina Grande. [\/vc_column_text][vc_empty_space height=&#8221;37px&#8221;][vc_column_text] Implantada a partir da rifa de&#8230;<\/p>\n","protected":false},"author":1,"featured_media":0,"parent":0,"menu_order":0,"comment_status":"closed","ping_status":"closed","template":"full_width.php","meta":{"footnotes":""},"class_list":["post-121","page","type-page","status-publish","hentry"],"jetpack_sharing_enabled":true,"_links":{"self":[{"href":"https:\/\/www.paubrasilmotos.com.br\/valedosaofrancisco\/wp-json\/wp\/v2\/pages\/121","targetHints":{"allow":["GET"]}}],"collection":[{"href":"https:\/\/www.paubrasilmotos.com.br\/valedosaofrancisco\/wp-json\/wp\/v2\/pages"}],"about":[{"href":"https:\/\/www.paubrasilmotos.com.br\/valedosaofrancisco\/wp-json\/wp\/v2\/types\/page"}],"author":[{"embeddable":true,"href":"https:\/\/www.paubrasilmotos.com.br\/valedosaofrancisco\/wp-json\/wp\/v2\/users\/1"}],"replies":[{"embeddable":true,"href":"https:\/\/www.paubrasilmotos.com.br\/valedosaofrancisco\/wp-json\/wp\/v2\/comments?post=121"}],"version-history":[{"count":0,"href":"https:\/\/www.paubrasilmotos.com.br\/valedosaofrancisco\/wp-json\/wp\/v2\/pages\/121\/revisions"}],"wp:attachment":[{"href":"https:\/\/www.paubrasilmotos.com.br\/valedosaofrancisco\/wp-json\/wp\/v2\/media?parent=121"}],"curies":[{"name":"wp","href":"https:\/\/api.w.org\/{rel}","templated":true}]}}