{"id":1039,"date":"2021-02-22T16:15:50","date_gmt":"2021-02-22T19:15:50","guid":{"rendered":"https:\/\/www.paubrasilmotos.com.br\/valedosaofrancisco\/?page_id=1039"},"modified":"2021-04-28T07:50:22","modified_gmt":"2021-04-28T10:50:22","slug":"harmonia-no-transito","status":"publish","type":"page","link":"https:\/\/www.paubrasilmotos.com.br\/valedosaofrancisco\/harmonia-no-transito\/","title":{"rendered":"Harmonia no Tr\u00e2nsito"},"content":{"rendered":"<div class=\"wpb-content-wrapper\"><p>[vc_row css_animation=&#8221;&#8221; row_type=&#8221;row&#8221; use_row_as_full_screen_section=&#8221;no&#8221; type=&#8221;full_width&#8221; angled_section=&#8221;no&#8221; text_align=&#8221;center&#8221; background_image_as_pattern=&#8221;without_pattern&#8221; css=&#8221;.vc_custom_1614021453321{background: #000000 url(https:\/\/www.paubrasilmotos.com.br\/valedosaofrancisco\/wp-content\/uploads\/2021\/02\/Slide-HarmoniaNoTransito.jpg?id=1040) !important;}&#8221; z_index=&#8221;&#8221;][vc_column css=&#8221;.vc_custom_1478185213207{padding-top: 90px !important;padding-bottom: 45px !important;}&#8221;][vc_empty_space height=&#8221;500px&#8221;][\/vc_column][\/vc_row][vc_row css_animation=&#8221;&#8221; row_type=&#8221;row&#8221; use_row_as_full_screen_section=&#8221;yes&#8221; type=&#8221;full_width&#8221; angled_section=&#8221;no&#8221; text_align=&#8221;center&#8221; background_image_as_pattern=&#8221;without_pattern&#8221; css=&#8221;.vc_custom_1614021420297{background-color: #000000 !important;}&#8221; z_index=&#8221;&#8221;][vc_column css=&#8221;.vc_custom_1478185213207{padding-top: 90px !important;padding-bottom: 45px !important;}&#8221;][vc_column_text]<\/p>\n<h4 style=\"text-align: center;\"><span style=\"color: #ffffff;\">A Honda se preocupa com a seguran\u00e7a em todos os sentidos. E para buscar a\u00a0<strong>Harmonia no Tr\u00e2nsito<\/strong>, n\u00f3s promovemos a\u00e7\u00f5es educativas de pilotagem segura e oferecemos cursos voltados \u00e0 melhoria do tr\u00e2nsito e \u00e0 redu\u00e7\u00e3o de acidentes nas ruas e estradas do Pa\u00eds.<\/span><\/h4>\n<p>[\/vc_column_text][\/vc_column][\/vc_row][vc_row css_animation=&#8221;&#8221; row_type=&#8221;row&#8221; use_row_as_full_screen_section=&#8221;no&#8221; type=&#8221;grid&#8221; angled_section=&#8221;no&#8221; text_align=&#8221;center&#8221; background_image_as_pattern=&#8221;without_pattern&#8221; z_index=&#8221;&#8221; css=&#8221;.vc_custom_1606223912313{background-color: #ffffff !important;}&#8221;][vc_column css=&#8221;.vc_custom_1478185213207{padding-top: 90px !important;padding-bottom: 45px !important;}&#8221;][vc_column_text]<\/p>\n<h2 style=\"text-align: center;\"><span style=\"color: #ff0000;\">Dicas de Pilotagem<\/span><\/h2>\n<p class=\"text-highlight\" style=\"text-align: center;\">Saiba tudo sobre t\u00e9cnicas de pilotagem, dire\u00e7\u00e3o defensiva, equipamentos de seguran\u00e7a e muito mais.<\/p>\n<p>[\/vc_column_text][vc_empty_space height=&#8221;50px&#8221;][\/vc_column][\/vc_row][vc_row css_animation=&#8221;&#8221; row_type=&#8221;row&#8221; use_row_as_full_screen_section=&#8221;no&#8221; type=&#8221;grid&#8221; angled_section=&#8221;no&#8221; text_align=&#8221;center&#8221; background_image_as_pattern=&#8221;without_pattern&#8221; z_index=&#8221;&#8221; css=&#8221;.vc_custom_1606223912313{background-color: #ffffff !important;}&#8221;][vc_column width=&#8221;1\/3&#8243;][vc_video link=&#8221;https:\/\/youtu.be\/29k177L224w&#8221;][vc_column_text]Voc\u00ea conhece a sua Honda? Separamos algumas dicas de inspe\u00e7\u00e3o preventiva, principalmente se vai viajar na sua moto. \u00c9 um checklist r\u00e1pido e f\u00e1cil, vale a pena conferir.[\/vc_column_text][\/vc_column][vc_column width=&#8221;1\/3&#8243;][vc_video link=&#8221;https:\/\/youtu.be\/AIu00YeCPqU&#8221;][vc_column_text]Frenagem. Entenda como funciona o sistema de freios da sua Honda e algumas dicas importantes que podem te ajudar na hora que precisar utilizar os freios da sua moto.[\/vc_column_text][\/vc_column][vc_column width=&#8221;1\/3&#8243;][vc_video link=&#8221;https:\/\/youtu.be\/SaHrnruLCLU&#8221;][vc_column_text]Capacete, um item fundamental para a sua seguran\u00e7a. Mas voc\u00ea sabe como \u00e9 a forma correta de us\u00e1-lo e qual o tamanho ideal pra voc\u00ea? Veja o v\u00eddeo e saiba como utiliz\u00e1-lo corretamente.[\/vc_column_text][\/vc_column][\/vc_row][vc_row css_animation=&#8221;&#8221; row_type=&#8221;row&#8221; use_row_as_full_screen_section=&#8221;no&#8221; type=&#8221;grid&#8221; angled_section=&#8221;no&#8221; text_align=&#8221;center&#8221; background_image_as_pattern=&#8221;without_pattern&#8221; z_index=&#8221;&#8221; css=&#8221;.vc_custom_1606223912313{background-color: #ffffff !important;}&#8221;][vc_column css=&#8221;.vc_custom_1478185213207{padding-top: 90px !important;padding-bottom: 45px !important;}&#8221;][vc_column_text]<\/p>\n<h2 style=\"text-align: center;\"><span style=\"color: #ff0000;\">Aprenda Online<\/span><\/h2>\n<p class=\"text-highlight\" style=\"text-align: center;\">Saiba tudo sobre t\u00e9cnicas de pilotagem, dire\u00e7\u00e3o defensiva, equipamentos de seguran\u00e7a e muito mais. Acesse os nossos conte\u00fados, compartilhe as informa\u00e7\u00f5es e contribua para um tr\u00e2nsito seguro.<\/p>\n<p>[\/vc_column_text][vc_empty_space height=&#8221;50px&#8221;][\/vc_column][\/vc_row][vc_row css_animation=&#8221;&#8221; row_type=&#8221;row&#8221; use_row_as_full_screen_section=&#8221;no&#8221; type=&#8221;grid&#8221; angled_section=&#8221;no&#8221; text_align=&#8221;center&#8221; background_image_as_pattern=&#8221;without_pattern&#8221; z_index=&#8221;&#8221; css=&#8221;.vc_custom_1606223912313{background-color: #ffffff !important;}&#8221;][vc_column width=&#8221;1\/3&#8243;]<div class=\"qode-info-card\">\n\t\t\t<div class=\"qode-info-card-image\" style=\"background-color:#fff\">\n\t\t\t<img decoding=\"async\" src=\"https:\/\/www.paubrasilmotos.com.br\/valedosaofrancisco\/wp-content\/uploads\/2021\/02\/Icone-DicasTransito-1.jpg\" alt=\"\" \/>\n\t\t<\/div>\n\t\t<div class=\"qode-info-card-text-holder\" style=\"background-color:#fff\">\n\t\t\t\t\t<h4 class=\"qode-info-card-title\" >\n\t\t\t\tDICAS DE TR\u00c2NSITO\t\t\t<\/h4>\n\t\t\t\t\t\t\t<p class=\"qode-info-card-text\" >\n\t\t\t\tSaiba como agir em diferentes situa\u00e7\u00f5es e ajude a promover um tr\u00e2nsito seguro para todos.\t\t\t<\/p>\n\t\t\t<\/div>\n\t\t\t<div class=\"qode-info-card-link-holder\">\n\t\t\t<a itemprop=\"url\" class=\"qode-qbutton-main-color qode-qbutton-full-width qode-qbutton-square\" href=\"https:\/\/www.honda.com.br\/motos\/harmonia-no-transito\/aprenda-online#dicas-de-transito\" target=\"_blank\" style=\"background-color:#dd3333\"><span>ACESSE<\/span><\/a>\n\t\t<\/div>\n\t<\/div>[\/vc_column][vc_column width=&#8221;1\/3&#8243;]<div class=\"qode-info-card\">\n\t\t\t<div class=\"qode-info-card-image\" style=\"background-color:#fff\">\n\t\t\t<img decoding=\"async\" src=\"https:\/\/www.paubrasilmotos.com.br\/valedosaofrancisco\/wp-content\/uploads\/2021\/02\/Icone-EmbaixadorNoComando-1.jpg\" alt=\"\" \/>\n\t\t<\/div>\n\t\t<div class=\"qode-info-card-text-holder\" style=\"background-color:#fff\">\n\t\t\t\t\t<h4 class=\"qode-info-card-title\" >\n\t\t\t\tEMBAIXADOR NO COMANDO\t\t\t<\/h4>\n\t\t\t\t\t\t\t<p class=\"qode-info-card-text\" >\n\t\t\t\tNossos embaixadores e pilotos se juntaram com o Leandro Mello para te ensinar dicas de ouro sobre pilotagem. N\u00e3o fique de fora dessa!\t\t\t<\/p>\n\t\t\t<\/div>\n\t\t\t<div class=\"qode-info-card-link-holder\">\n\t\t\t<a itemprop=\"url\" class=\"qode-qbutton-main-color qode-qbutton-full-width qode-qbutton-square\" href=\"https:\/\/www.honda.com.br\/motos\/harmonia-no-transito\/aprenda-online#embaixador-no-comando\" target=\"_blank\" style=\"background-color:#dd3333\"><span>ACESSE<\/span><\/a>\n\t\t<\/div>\n\t<\/div>[\/vc_column][vc_column width=&#8221;1\/3&#8243;]<div class=\"qode-info-card\">\n\t\t\t<div class=\"qode-info-card-image\" style=\"background-color:#fff\">\n\t\t\t<img decoding=\"async\" src=\"https:\/\/www.paubrasilmotos.com.br\/valedosaofrancisco\/wp-content\/uploads\/2021\/02\/Icone-TecnicaPilotagem-1.jpg\" alt=\"\" \/>\n\t\t<\/div>\n\t\t<div class=\"qode-info-card-text-holder\" style=\"background-color:#fff\">\n\t\t\t\t\t<h4 class=\"qode-info-card-title\" >\n\t\t\t\tT\u00c9CNICAS DE PILOTAGEM\t\t\t<\/h4>\n\t\t\t\t\t\t\t<p class=\"qode-info-card-text\" >\n\t\t\t\tPostura, inspe\u00e7\u00e3o preventiva, estrat\u00e9gias de condu\u00e7\u00e3o e muito mais: conhe\u00e7a a sua motocicleta e as t\u00e9cnicas para uma condu\u00e7\u00e3o segura.\t\t\t<\/p>\n\t\t\t<\/div>\n\t\t\t<div class=\"qode-info-card-link-holder\">\n\t\t\t<a itemprop=\"url\" class=\"qode-qbutton-main-color qode-qbutton-full-width qode-qbutton-square\" href=\"https:\/\/www.honda.com.br\/motos\/harmonia-no-transito\/aprenda-online#tecnicas-de-pilotagem\" target=\"_blank\" style=\"background-color:#dd3333\"><span>ACESSE<\/span><\/a>\n\t\t<\/div>\n\t<\/div>[\/vc_column][\/vc_row][vc_row css_animation=&#8221;&#8221; row_type=&#8221;row&#8221; use_row_as_full_screen_section=&#8221;no&#8221; type=&#8221;grid&#8221; angled_section=&#8221;no&#8221; text_align=&#8221;center&#8221; background_image_as_pattern=&#8221;without_pattern&#8221; z_index=&#8221;&#8221; css=&#8221;.vc_custom_1614106585663{padding-top: 30px !important;background-color: #ffffff !important;}&#8221;][vc_column width=&#8221;1\/3&#8243;]<div class=\"qode-info-card\">\n\t\t\t<div class=\"qode-info-card-image\" style=\"background-color:#fff\">\n\t\t\t<img decoding=\"async\" src=\"https:\/\/www.paubrasilmotos.com.br\/valedosaofrancisco\/wp-content\/uploads\/2021\/02\/Icone-Scooter-1.jpg\" alt=\"\" \/>\n\t\t<\/div>\n\t\t<div class=\"qode-info-card-text-holder\" style=\"background-color:#fff\">\n\t\t\t\t\t<h4 class=\"qode-info-card-title\" >\n\t\t\t\tSCOOTER E SEUS SEGREDOS\t\t\t<\/h4>\n\t\t\t\t\t\t\t<p class=\"qode-info-card-text\" >\n\t\t\t\tAl\u00e9m de entender a diferen\u00e7a entre a scooter e outras motos, voc\u00ea fica por dentro das melhores pr\u00e1ticas de condu\u00e7\u00e3o desse modelo.\t\t\t<\/p>\n\t\t\t<\/div>\n\t\t\t<div class=\"qode-info-card-link-holder\">\n\t\t\t<a itemprop=\"url\" class=\"qode-qbutton-main-color qode-qbutton-full-width qode-qbutton-square\" href=\"https:\/\/www.honda.com.br\/motos\/harmonia-no-transito\/aprenda-online#scooter-e-seus-segredos\" target=\"_blank\" style=\"background-color:#dd3333\"><span>ACESSE<\/span><\/a>\n\t\t<\/div>\n\t<\/div>[\/vc_column][vc_column width=&#8221;1\/3&#8243;]<div class=\"qode-info-card\">\n\t\t\t<div class=\"qode-info-card-image\" style=\"background-color:#fff\">\n\t\t\t<img decoding=\"async\" src=\"https:\/\/www.paubrasilmotos.com.br\/valedosaofrancisco\/wp-content\/uploads\/2021\/02\/Icone-HondaRacing.jpg\" alt=\"\" \/>\n\t\t<\/div>\n\t\t<div class=\"qode-info-card-text-holder\" style=\"background-color:#fff\">\n\t\t\t\t\t<h4 class=\"qode-info-card-title\" >\n\t\t\t\tSPORT: VELOCIDADE E ALTO DESEMPENHO\t\t\t<\/h4>\n\t\t\t\t\t\t\t<p class=\"qode-info-card-text\" >\n\t\t\t\tConhe\u00e7a as especificidades dessa categoria e saiba mais sobre as caracter\u00edsticas da motocicleta e seus componentes.\t\t\t<\/p>\n\t\t\t<\/div>\n\t\t\t<div class=\"qode-info-card-link-holder\">\n\t\t\t<a itemprop=\"url\" class=\"qode-qbutton-main-color qode-qbutton-full-width qode-qbutton-square\" href=\"https:\/\/www.honda.com.br\/motos\/harmonia-no-transito\/aprenda-online#sport\" target=\"_blank\" style=\"background-color:#dd3333\"><span>ACESSE<\/span><\/a>\n\t\t<\/div>\n\t<\/div>[\/vc_column][vc_column width=&#8221;1\/3&#8243;]<div class=\"qode-info-card\">\n\t\t\t<div class=\"qode-info-card-image\" style=\"background-color:#fff\">\n\t\t\t<img decoding=\"async\" src=\"https:\/\/www.paubrasilmotos.com.br\/valedosaofrancisco\/wp-content\/uploads\/2021\/02\/Icone-ForaEstrada.jpg\" alt=\"\" \/>\n\t\t<\/div>\n\t\t<div class=\"qode-info-card-text-holder\" style=\"background-color:#fff\">\n\t\t\t\t\t<h4 class=\"qode-info-card-title\" >\n\t\t\t\tPILOTANDO FORA DA ESTRADA\t\t\t<\/h4>\n\t\t\t\t\t\t\t<p class=\"qode-info-card-text\" >\n\t\t\t\tAcesse os nossos conte\u00fados sobre pilotagem em vias n\u00e3o pavimentadas ou irregulares e prepare-se para os desafios off-road.\t\t\t<\/p>\n\t\t\t<\/div>\n\t\t\t<div class=\"qode-info-card-link-holder\">\n\t\t\t<a itemprop=\"url\" class=\"qode-qbutton-main-color qode-qbutton-full-width qode-qbutton-square\" href=\"https:\/\/www.honda.com.br\/motos\/harmonia-no-transito\/aprenda-online#pilotando-fora-da-estrada\" target=\"_blank\" style=\"background-color:#dd3333\"><span>ACESSE<\/span><\/a>\n\t\t<\/div>\n\t<\/div>[\/vc_column][\/vc_row][vc_row css_animation=&#8221;&#8221; row_type=&#8221;row&#8221; use_row_as_full_screen_section=&#8221;no&#8221; type=&#8221;grid&#8221; angled_section=&#8221;no&#8221; text_align=&#8221;center&#8221; background_image_as_pattern=&#8221;without_pattern&#8221; z_index=&#8221;&#8221; css=&#8221;.vc_custom_1614106594343{padding-top: 30px !important;background-color: #ffffff !important;}&#8221;][vc_column width=&#8221;1\/3&#8243;]<div class=\"qode-info-card\">\n\t\t\t<div class=\"qode-info-card-image\" style=\"background-color:#fff\">\n\t\t\t<img decoding=\"async\" src=\"https:\/\/www.paubrasilmotos.com.br\/valedosaofrancisco\/wp-content\/uploads\/2021\/02\/Icone-Quadriciclo.jpg\" alt=\"\" \/>\n\t\t<\/div>\n\t\t<div class=\"qode-info-card-text-holder\" style=\"background-color:#fff\">\n\t\t\t\t\t<h4 class=\"qode-info-card-title\" >\n\t\t\t\tQUADRICICLO: ALTA PERFORMANCE\t\t\t<\/h4>\n\t\t\t\t\t\t\t<p class=\"qode-info-card-text\" >\n\t\t\t\tAprenda t\u00e9cnicas de pilotagem e postura em diversos tipos de terreno para explorar todas as potencialidades do seu ve\u00edculo.\t\t\t<\/p>\n\t\t\t<\/div>\n\t\t\t<div class=\"qode-info-card-link-holder\">\n\t\t\t<a itemprop=\"url\" class=\"qode-qbutton-main-color qode-qbutton-full-width qode-qbutton-square\" href=\"https:\/\/www.honda.com.br\/motos\/harmonia-no-transito\/aprenda-online#quadriciclo\" target=\"_blank\" style=\"background-color:#dd3333\"><span>ACESSE<\/span><\/a>\n\t\t<\/div>\n\t<\/div>[\/vc_column][vc_column width=&#8221;1\/3&#8243;][\/vc_column][vc_column width=&#8221;1\/3&#8243;][\/vc_column][\/vc_row][vc_row css_animation=&#8221;&#8221; row_type=&#8221;row&#8221; use_row_as_full_screen_section=&#8221;no&#8221; type=&#8221;grid&#8221; angled_section=&#8221;no&#8221; text_align=&#8221;center&#8221; background_image_as_pattern=&#8221;without_pattern&#8221; z_index=&#8221;&#8221; css=&#8221;.vc_custom_1606223912313{background-color: #ffffff !important;}&#8221;][vc_column css=&#8221;.vc_custom_1478185213207{padding-top: 90px !important;padding-bottom: 45px !important;}&#8221;][vc_column_text]<\/p>\n<h2 style=\"text-align: center;\"><span style=\"color: #ff0000;\">Cursos e palestras<\/span><\/h2>\n<div class=\"ceth-small-content text-center\">\n<p>A Honda est\u00e1 sempre pronta para levar o conhecimento sobre pilotagem segura a todo o tipo de p\u00fablico. Saiba como podemos ajudar voc\u00ea e a sua empresa a buscar a Harmonia no Tr\u00e2nsito.<\/p>\n<\/div>\n<p>[\/vc_column_text][vc_empty_space height=&#8221;50px&#8221;][\/vc_column][\/vc_row][vc_row css_animation=&#8221;&#8221; row_type=&#8221;row&#8221; use_row_as_full_screen_section=&#8221;no&#8221; type=&#8221;grid&#8221; angled_section=&#8221;no&#8221; text_align=&#8221;center&#8221; background_image_as_pattern=&#8221;without_pattern&#8221; z_index=&#8221;&#8221; css=&#8221;.vc_custom_1606223912313{background-color: #ffffff !important;}&#8221;][vc_column width=&#8221;1\/3&#8243;]<div class=\"qode-info-card\">\n\t\t\t<div class=\"qode-info-card-image\" style=\"background-color:#fff\">\n\t\t\t<img decoding=\"async\" src=\"https:\/\/www.paubrasilmotos.com.br\/valedosaofrancisco\/wp-content\/uploads\/2021\/02\/Icone-FUndamental.jpg\" alt=\"\" \/>\n\t\t<\/div>\n\t\t<div class=\"qode-info-card-text-holder\" style=\"background-color:#fff\">\n\t\t\t\t\t<h4 class=\"qode-info-card-title\" >\n\t\t\t\tFUNDAMENTAL\t\t\t<\/h4>\n\t\t\t\t\t\t\t<p class=\"qode-info-card-text\" >\n\t\t\t\tCompreenda os conceitos fundamentais de pilotagem, aprimore as t\u00e9cnicas e desenvolva suas habilidades.\t\t\t<\/p>\n\t\t\t<\/div>\n\t\t\t<div class=\"qode-info-card-link-holder\">\n\t\t\t<a itemprop=\"url\" class=\"qode-qbutton-main-color qode-qbutton-full-width qode-qbutton-square\" href=\"https:\/\/www.honda.com.br\/motos\/harmonia-no-transito\/cursos-e-palestras\/curso-fundamental-de-pilotagem\" target=\"_blank\" style=\"background-color:#dd3333\"><span>CONHE\u00c7A O CURSO<\/span><\/a>\n\t\t<\/div>\n\t<\/div>[\/vc_column][vc_column width=&#8221;1\/3&#8243;]<div class=\"qode-info-card\">\n\t\t\t<div class=\"qode-info-card-image\" style=\"background-color:#fff\">\n\t\t\t<img decoding=\"async\" src=\"https:\/\/www.paubrasilmotos.com.br\/valedosaofrancisco\/wp-content\/uploads\/2021\/02\/Icone-DicasTransito-1.jpg\" alt=\"\" \/>\n\t\t<\/div>\n\t\t<div class=\"qode-info-card-text-holder\" style=\"background-color:#fff\">\n\t\t\t\t\t<h4 class=\"qode-info-card-title\" >\n\t\t\t\tAVAN\u00c7ADO\t\t\t<\/h4>\n\t\t\t\t\t\t\t<p class=\"qode-info-card-text\" >\n\t\t\t\tAperfei\u00e7oe as suas t\u00e9cnicas de pilotagem e promova sempre a seguran\u00e7a no tr\u00e2nsito.\t\t\t<\/p>\n\t\t\t<\/div>\n\t\t\t<div class=\"qode-info-card-link-holder\">\n\t\t\t<a itemprop=\"url\" class=\"qode-qbutton-main-color qode-qbutton-full-width qode-qbutton-square\" href=\"https:\/\/www.honda.com.br\/motos\/harmonia-no-transito\/cursos-e-palestras\/curso-avancado-de-pilotagem\" target=\"_blank\" style=\"background-color:#dd3333\"><span>CONHE\u00c7A O CURSO<\/span><\/a>\n\t\t<\/div>\n\t<\/div>[\/vc_column][vc_column width=&#8221;1\/3&#8243;]<div class=\"qode-info-card\">\n\t\t\t<div class=\"qode-info-card-image\" style=\"background-color:#fff\">\n\t\t\t<img decoding=\"async\" src=\"https:\/\/www.paubrasilmotos.com.br\/valedosaofrancisco\/wp-content\/uploads\/2021\/02\/Icone-ForaEstrada2.jpg\" alt=\"\" \/>\n\t\t<\/div>\n\t\t<div class=\"qode-info-card-text-holder\" style=\"background-color:#fff\">\n\t\t\t\t\t<h4 class=\"qode-info-card-title\" >\n\t\t\t\tFORA DA ESTRADA\t\t\t<\/h4>\n\t\t\t\t\t\t\t<p class=\"qode-info-card-text\" >\n\t\t\t\tDesenvolva habilidades de condu\u00e7\u00e3o segura em vias n\u00e3o pavimentadas ou irregulares.\t\t\t<\/p>\n\t\t\t<\/div>\n\t\t\t<div class=\"qode-info-card-link-holder\">\n\t\t\t<a itemprop=\"url\" class=\"qode-qbutton-main-color qode-qbutton-full-width qode-qbutton-square\" href=\"https:\/\/www.honda.com.br\/motos\/harmonia-no-transito\/cursos-e-palestras\/curso-de-pilotagem-fora-de-estrada\" target=\"_blank\" style=\"background-color:#dd3333\"><span>CONHE\u00c7A O CURSO<\/span><\/a>\n\t\t<\/div>\n\t<\/div>[\/vc_column][\/vc_row][vc_row css_animation=&#8221;&#8221; row_type=&#8221;row&#8221; use_row_as_full_screen_section=&#8221;no&#8221; type=&#8221;grid&#8221; angled_section=&#8221;no&#8221; text_align=&#8221;center&#8221; background_image_as_pattern=&#8221;without_pattern&#8221; z_index=&#8221;&#8221; css=&#8221;.vc_custom_1614106675839{padding-top: 30px !important;padding-bottom: 70px !important;background-color: #ffffff !important;}&#8221;][vc_column width=&#8221;1\/3&#8243;]<div class=\"qode-info-card\">\n\t\t\t<div class=\"qode-info-card-image\" style=\"background-color:#fff\">\n\t\t\t<img decoding=\"async\" src=\"https:\/\/www.paubrasilmotos.com.br\/valedosaofrancisco\/wp-content\/uploads\/2021\/02\/Icone-DicasTransito-1.jpg\" alt=\"\" \/>\n\t\t<\/div>\n\t\t<div class=\"qode-info-card-text-holder\" style=\"background-color:#fff\">\n\t\t\t\t\t<h4 class=\"qode-info-card-title\" >\n\t\t\t\tFORMA\u00c7\u00c3O DE INSTRUTORES\t\t\t<\/h4>\n\t\t\t\t\t\t\t<p class=\"qode-info-card-text\" >\n\t\t\t\tEsteja capacitado para levar o conhecimento sobre pilotagem segura a outras pessoas.\t\t\t<\/p>\n\t\t\t<\/div>\n\t\t\t<div class=\"qode-info-card-link-holder\">\n\t\t\t<a itemprop=\"url\" class=\"qode-qbutton-main-color qode-qbutton-full-width qode-qbutton-square\" href=\"https:\/\/www.honda.com.br\/motos\/harmonia-no-transito\/cursos-e-palestras\/curso-de-formacao-de-instrutores\" target=\"_blank\" style=\"background-color:#dd3333\"><span>CONHE\u00c7A O CURSO<\/span><\/a>\n\t\t<\/div>\n\t<\/div>[\/vc_column][vc_column width=&#8221;1\/3&#8243;]<div class=\"qode-info-card\">\n\t\t\t<div class=\"qode-info-card-image\" style=\"background-color:#fff\">\n\t\t\t<img decoding=\"async\" src=\"https:\/\/www.paubrasilmotos.com.br\/valedosaofrancisco\/wp-content\/uploads\/2021\/02\/Icone-Quadriciclo.jpg\" alt=\"\" \/>\n\t\t<\/div>\n\t\t<div class=\"qode-info-card-text-holder\" style=\"background-color:#fff\">\n\t\t\t\t\t<h4 class=\"qode-info-card-title\" >\n\t\t\t\tQUADRICICLOS\t\t\t<\/h4>\n\t\t\t\t\t\t\t<p class=\"qode-info-card-text\" >\n\t\t\t\tSaiba como pilotar quadriciclos com seguran\u00e7a e autonomia em qualquer tipo de terreno.\t\t\t<\/p>\n\t\t\t<\/div>\n\t\t\t<div class=\"qode-info-card-link-holder\">\n\t\t\t<a itemprop=\"url\" class=\"qode-qbutton-main-color qode-qbutton-full-width qode-qbutton-square\" href=\"https:\/\/www.honda.com.br\/motos\/harmonia-no-transito\/cursos-e-palestras\/curso-de-pilotagem-de-quadriciclos\/\" target=\"_blank\" style=\"background-color:#dd3333\"><span>CONHE\u00c7A O CURSO<\/span><\/a>\n\t\t<\/div>\n\t<\/div>[\/vc_column][vc_column width=&#8221;1\/3&#8243;][\/vc_column][\/vc_row]<\/p>\n<\/div>","protected":false},"excerpt":{"rendered":"<p>[vc_row css_animation=&#8221;&#8221; row_type=&#8221;row&#8221; use_row_as_full_screen_section=&#8221;no&#8221; type=&#8221;full_width&#8221; angled_section=&#8221;no&#8221; text_align=&#8221;center&#8221; background_image_as_pattern=&#8221;without_pattern&#8221; css=&#8221;.vc_custom_1614021453321{background: #000000 url(https:\/\/www.paubrasilmotos.com.br\/valedosaofrancisco\/wp-content\/uploads\/2021\/02\/Slide-HarmoniaNoTransito.jpg?id=1040) !important;}&#8221; z_index=&#8221;&#8221;][vc_column css=&#8221;.vc_custom_1478185213207{padding-top: 90px !important;padding-bottom: 45px !important;}&#8221;][vc_empty_space height=&#8221;500px&#8221;][\/vc_column][\/vc_row][vc_row css_animation=&#8221;&#8221; row_type=&#8221;row&#8221; use_row_as_full_screen_section=&#8221;yes&#8221; type=&#8221;full_width&#8221; angled_section=&#8221;no&#8221; text_align=&#8221;center&#8221; background_image_as_pattern=&#8221;without_pattern&#8221; css=&#8221;.vc_custom_1614021420297{background-color: #000000 !important;}&#8221; z_index=&#8221;&#8221;][vc_column css=&#8221;.vc_custom_1478185213207{padding-top: 90px !important;padding-bottom: 45px !important;}&#8221;][vc_column_text] A Honda se preocupa com a seguran\u00e7a em todos os&#8230;<\/p>\n","protected":false},"author":1,"featured_media":0,"parent":0,"menu_order":0,"comment_status":"closed","ping_status":"closed","template":"full_width.php","meta":{"footnotes":""},"class_list":["post-1039","page","type-page","status-publish","hentry"],"jetpack_sharing_enabled":true,"_links":{"self":[{"href":"https:\/\/www.paubrasilmotos.com.br\/valedosaofrancisco\/wp-json\/wp\/v2\/pages\/1039","targetHints":{"allow":["GET"]}}],"collection":[{"href":"https:\/\/www.paubrasilmotos.com.br\/valedosaofrancisco\/wp-json\/wp\/v2\/pages"}],"about":[{"href":"https:\/\/www.paubrasilmotos.com.br\/valedosaofrancisco\/wp-json\/wp\/v2\/types\/page"}],"author":[{"embeddable":true,"href":"https:\/\/www.paubrasilmotos.com.br\/valedosaofrancisco\/wp-json\/wp\/v2\/users\/1"}],"replies":[{"embeddable":true,"href":"https:\/\/www.paubrasilmotos.com.br\/valedosaofrancisco\/wp-json\/wp\/v2\/comments?post=1039"}],"version-history":[{"count":0,"href":"https:\/\/www.paubrasilmotos.com.br\/valedosaofrancisco\/wp-json\/wp\/v2\/pages\/1039\/revisions"}],"wp:attachment":[{"href":"https:\/\/www.paubrasilmotos.com.br\/valedosaofrancisco\/wp-json\/wp\/v2\/media?parent=1039"}],"curies":[{"name":"wp","href":"https:\/\/api.w.org\/{rel}","templated":true}]}}